{"id":6199,"date":"2020-05-13T23:14:47","date_gmt":"2020-05-13T21:14:47","guid":{"rendered":"https:\/\/www.gsab-aventures.com\/senderismo-excursionismo\/"},"modified":"2020-06-05T00:53:38","modified_gmt":"2020-06-04T22:53:38","slug":"wandern-trekking","status":"publish","type":"page","link":"https:\/\/www.gsab-aventures.com\/de\/wandern-trekking\/","title":{"rendered":"Wandern \/ Trekking"},"content":{"rendered":"<p>[vc_row][vc_column width=&#8220;6\/12&#8243; css=&#8220;.vc_custom_1467360650255{margin-top: 10px !important;margin-bottom: 10px !important;padding-top: 0px !important;padding-right: 40px !important;}&#8220;]<div style=\"background-color:;height: 10px\" class=\"nicdark_section  \"><\/div> <h1 style=\"color:;padding:px;text-align:right;font-size:40px;line-height:50px;letter-spacing: px;font-weight:bold\" class=\"  nd_options_text_align_center_responsive_important nd_options_first_font \">Planen deine n\u00e4chste Wander- oder Trekkingtour mit GSAB Aventures<\/h1> [\/vc_column][vc_column width=&#8220;3\/12&#8243; css=&#8220;.vc_custom_1467207292391{margin-top: 10px !important;margin-bottom: 10px !important;padding-top: 0px !important;}&#8220;]<div style=\"background-color:;height: 20px\" class=\"nicdark_section  \"><\/div>[vc_column_text el_class=&#8220;nd_options_text_align_center_responsive&#8220;]<strong>Wandern<\/strong> ist eine Outdoor-Aktivit\u00e4t, bei der man in wundersch\u00f6ner nat\u00fcrlicher Umgebung auf vorgegebenen Wegen, den sogenannten Wanderwegen, spazieren gehen kann. Es gibt Tages- und Nachtwanderungen.[\/vc_column_text][\/vc_column][vc_column width=&#8220;3\/12&#8243; css=&#8220;.vc_custom_1467207298589{margin-top: 10px !important;margin-bottom: 10px !important;padding-top: 0px !important;}&#8220;]<div style=\"background-color:;height: 20px\" class=\"nicdark_section  \"><\/div>[vc_column_text el_class=&#8220;nd_options_text_align_center_responsive&#8220;]<strong>Trekking<\/strong> ist eine &#8222;Reise&#8220;, die zu Fu\u00df begangen wird und \u00fcberwiegend im Gebirge stattfindet, in denen normalerweise kein Transport verf\u00fcgbar ist. Wandern muss aber nicht unbedingt Bergsteigen sein.[\/vc_column_text][\/vc_column][\/vc_row][vc_row css=&#8220;.vc_custom_1492510780167{margin-top: 30px !important;}&#8220;][vc_column width=&#8220;1\/3&#8243;]<div style=\"background-color:;height: 10px\" class=\"nicdark_section  \"><\/div>\n\n  <!--START team-->\n  <div class=\"nd_options_section nd_options_border_1_solid_grey  nd_options_text_align_center  \">\n\n      <div style=\"background-color:#000000\" class=\"nd_options_section nd_options_padding_20 nd_options_box_sizing_border_box\">\n          <h4 class=\"nd_options_color_white\">Ausfl\u00fcge zu weit entfernten Orten<\/h4>\n      <\/div>\n\n      <img decoding=\"async\" class=\"nd_options_section\" alt=\"\" src=\"https:\/\/www.gsab-aventures.com\/wp-content\/uploads\/ACTIVITES\/Rando-Trek\/Trek-Tunisie\/tunisie-2-2-1024x1024.jpg\">\n\n       <div style=\"background-color:#000000\" class=\"nd_options_section nd_options_padding_20 nd_options_box_sizing_border_box\">\n          <h5 class=\"nd_options_color_white\">gsab-aventures.com<\/h5>\n      <\/div>\n      \n      <div class=\"nd_options_section\">\n          <div class=\"nd_options_section nd_options_padding_20 nd_options_box_sizing_border_box\">\n              <p>Made in Switzerland<\/p>\n          <\/div>\n      <\/div>\n\n  <\/div>\n  <!--END team-->\n\n\n   <div style=\"background-color:;height: 40px\" class=\"nicdark_section  \"><\/div>\n\t<div class=\"nd_options_section nd_options_text_align_center\">\n\t<a style=\"border: px solid;border-radius:px;letter-spacing:2px;line-height:11px;font-size:11px;background-color:#3498db;padding:15px 35px;margin:;color:#ffffff\" rel=\"\" href=\"https:\/\/www.gsab-aventures.com\/wp-content\/uploads\/2020\/05\/VTT_atlas-sans_dates.pdf\" class=\"nicdark_display_inline_block  nd_options_font_weight_bold nd_options_second_font  \">PDF<\/a>\n\t<\/div>\n<div style=\"background-color:;height: 40px\" class=\"nicdark_section  \"><\/div>[vc_single_image image=&#8220;4885&#8243; img_size=&#8220;full&#8220; alignment=&#8220;center&#8220;][\/vc_column][vc_column width=&#8220;1\/3&#8243;]<div style=\"background-color:;height: 10px\" class=\"nicdark_section  \"><\/div>\n\n  <!--START team-->\n  <div class=\"nd_options_section nd_options_border_1_solid_grey  nd_options_text_align_center  \">\n\n      <div style=\"background-color:#000000\" class=\"nd_options_section nd_options_padding_20 nd_options_box_sizing_border_box\">\n          <h4 class=\"nd_options_color_white\">Wanderungen<\/h4>\n      <\/div>\n\n      <img decoding=\"async\" class=\"nd_options_section\" alt=\"\" src=\"https:\/\/www.gsab-aventures.com\/wp-content\/uploads\/ACTIVITES\/Rando-Trek\/Animaux\/481-1-1024x1024.jpg\">\n\n       <div style=\"background-color:#000000\" class=\"nd_options_section nd_options_padding_20 nd_options_box_sizing_border_box\">\n          <h5 class=\"nd_options_color_white\">gsab-aventures.com<\/h5>\n      <\/div>\n      \n      <div class=\"nd_options_section\">\n          <div class=\"nd_options_section nd_options_padding_20 nd_options_box_sizing_border_box\">\n              <p>Made in Switzerland<\/p>\n          <\/div>\n      <\/div>\n\n  <\/div>\n  <!--END team-->\n\n\n   <div style=\"background-color:;height: 40px\" class=\"nicdark_section  \"><\/div>\n\t<div class=\"nd_options_section nd_options_text_align_center\">\n\t<a style=\"border: px solid;border-radius:px;letter-spacing:2px;line-height:11px;font-size:11px;background-color:#3498db;padding:15px 35px;margin:;color:#ffffff\" rel=\"\" href=\"https:\/\/www.gsab-aventures.com\/wp-content\/uploads\/2020\/05\/GR20_corse.pdf\" class=\"nicdark_display_inline_block  nd_options_font_weight_bold nd_options_second_font  \">PDF<\/a>\n\t<\/div>\n<div style=\"background-color:;height: 40px\" class=\"nicdark_section  \"><\/div>[vc_single_image image=&#8220;4879&#8243; img_size=&#8220;full&#8220; alignment=&#8220;center&#8220;][\/vc_column][vc_column width=&#8220;1\/3&#8243;]<div style=\"background-color:;height: 10px\" class=\"nicdark_section  \"><\/div>\n\n  <!--START team-->\n  <div class=\"nd_options_section nd_options_border_1_solid_grey  nd_options_text_align_center  \">\n\n      <div style=\"background-color:#000000\" class=\"nd_options_section nd_options_padding_20 nd_options_box_sizing_border_box\">\n          <h4 class=\"nd_options_color_white\">Schneeausfl\u00fcge<\/h4>\n      <\/div>\n\n      <img decoding=\"async\" class=\"nd_options_section\" alt=\"\" src=\"https:\/\/www.gsab-aventures.com\/wp-content\/uploads\/ACTIVITES\/Rando-Trek\/Raquettes\/729-1-1024x1024.png\">\n\n       <div style=\"background-color:#000000\" class=\"nd_options_section nd_options_padding_20 nd_options_box_sizing_border_box\">\n          <h5 class=\"nd_options_color_white\">gsab-aventures.com<\/h5>\n      <\/div>\n      \n      <div class=\"nd_options_section\">\n          <div class=\"nd_options_section nd_options_padding_20 nd_options_box_sizing_border_box\">\n              <p>Made in Switzerland<\/p>\n          <\/div>\n      <\/div>\n\n  <\/div>\n  <!--END team-->\n\n\n   <div style=\"background-color:;height: 40px\" class=\"nicdark_section  \"><\/div>\n\t<div class=\"nd_options_section nd_options_text_align_center\">\n\t<a style=\"border: px solid;border-radius:px;letter-spacing:2px;line-height:11px;font-size:11px;background-color:#3498db;padding:15px 35px;margin:;color:#ffffff\" rel=\"\" href=\"https:\/\/www.gsab-aventures.com\/wp-content\/uploads\/2020\/05\/camp_base_everest_v2.pdf\" class=\"nicdark_display_inline_block  nd_options_font_weight_bold nd_options_second_font  \">PDF<\/a>\n\t<\/div>\n<div style=\"background-color:;height: 40px\" class=\"nicdark_section  \"><\/div>[vc_single_image image=&#8220;4882&#8243; img_size=&#8220;full&#8220; alignment=&#8220;center&#8220;][\/vc_column][\/vc_row][vc_row content_placement=&#8220;middle&#8220; css=&#8220;.vc_custom_1589561919470{margin-top: 88px !important;margin-bottom: 30px !important;}&#8220;][vc_column width=&#8220;1\/4&#8243; el_class=&#8220;nd_options_text_align_center&#8220;][vc_column_text]<img loading=\"lazy\" decoding=\"async\" class=\"alignnone size-full wp-image-2860\" src=\"https:\/\/www.gsab-aventures.com\/wp-content\/uploads\/LOGO\/dificultad-1.png\" alt=\"\" width=\"207\" height=\"42\" \/>[\/vc_column_text][\/vc_column][vc_column width=&#8220;1\/4&#8243;][vc_column_text]<img loading=\"lazy\" decoding=\"async\" class=\"alignnone size-large wp-image-2861\" src=\"https:\/\/www.gsab-aventures.com\/wp-content\/uploads\/LOGO\/dificultad-2.png\" alt=\"\" width=\"204\" height=\"42\" \/>[\/vc_column_text][\/vc_column][vc_column width=&#8220;1\/4&#8243;][vc_column_text]<img loading=\"lazy\" decoding=\"async\" class=\"alignnone size-large wp-image-2862\" src=\"https:\/\/www.gsab-aventures.com\/wp-content\/uploads\/LOGO\/dificultad-3.png\" alt=\"\" width=\"208\" height=\"43\" \/>[\/vc_column_text][\/vc_column][vc_column width=&#8220;1\/4&#8243;][vc_column_text]<img loading=\"lazy\" decoding=\"async\" class=\"alignnone size-large wp-image-2863\" src=\"https:\/\/www.gsab-aventures.com\/wp-content\/uploads\/LOGO\/dificultad-4.png\" alt=\"\" width=\"204\" height=\"43\" \/>[\/vc_column_text][\/vc_column][\/vc_row][vc_row full_width=&#8220;stretch_row&#8220; parallax=&#8220;content-moving&#8220; parallax_image=&#8220;1796&#8243; css=&#8220;.vc_custom_1589407981181{margin-top: 60px !important;padding-top: 100px !important;padding-bottom: 100px !important;}&#8220;][vc_column width=&#8220;8\/12&#8243;]\n\n\n    <div class=\"nd_options_section nd_options_position_relative about_us_serv_comp\">\n        <img decoding=\"async\" alt=\"\" class=\"nd_options_position_absolute nd_options_left_0\" width=\"55\" src=\"\">\n        <div class=\"nd_options_section nd_options_padding_left_80 nd_options_box_sizing_border_box\">\n            <h1 class=\"nd_options_font_size_40 nd_options_line_height_50\" style=\"color:#ffffff\"><strong>Zur richtigen Zeit das Richtige tun!<\/strong><\/h1>\n        <\/div>\n    <\/div>\n\n\n  <div style=\"background-color:;height: 70px\" class=\"nicdark_section  \"><\/div>[vc_row_inner][vc_column_inner width=&#8220;1\/4&#8243; css=&#8220;.vc_custom_1469630269458{padding-top: 10px !important;padding-bottom: 10px !important;}&#8220;]<h1 style=\"text-align:center;color:#ffffff;font-size:50px\" class=\" nd_options_counter_component_l1 nd_options_font_weight_bolder nd_options_counter  \" data-to=\"18\" data-speed=\"1000\">18<\/h1> <p style=\"color:#ffffff;padding:px;text-align:center;font-size:15px;line-height:30px;letter-spacing: 2px;font-weight:bold\" class=\"   nd_options_second_font \">Jahre Erfahrung<\/p> [\/vc_column_inner][vc_column_inner width=&#8220;1\/4&#8243; css=&#8220;.vc_custom_1469630276028{padding-top: 10px !important;padding-bottom: 10px !important;}&#8220;]<h1 style=\"text-align:center;color:#ffffff;font-size:50px\" class=\" nd_options_counter_component_l1 nd_options_font_weight_bolder nd_options_counter  \" data-to=\"4823\" data-speed=\"1000\">4823<\/h1> <p style=\"color:#ffffff;padding:px;text-align:center;font-size:15px;line-height:30px;letter-spacing: 2px;font-weight:bold\" class=\"   nd_options_second_font \">Touren + Reisen<\/p> [\/vc_column_inner][vc_column_inner width=&#8220;1\/4&#8243; css=&#8220;.vc_custom_1469630283566{padding-top: 10px !important;padding-bottom: 10px !important;}&#8220;]<h1 style=\"text-align:center;color:#ffffff;font-size:50px\" class=\" nd_options_counter_component_l1 nd_options_font_weight_bolder nd_options_counter  \" data-to=\"24822\" data-speed=\"1000\">24822<\/h1> <p style=\"color:#ffffff;padding:px;text-align:center;font-size:15px;line-height:30px;letter-spacing: 2px;font-weight:bold\" class=\"   nd_options_second_font \">zufriedene Kunden<\/p> [\/vc_column_inner][vc_column_inner width=&#8220;1\/4&#8243; css=&#8220;.vc_custom_1469630289168{padding-top: 10px !important;padding-bottom: 10px !important;}&#8220;]<h1 style=\"text-align:center;color:#ffffff;font-size:50px\" class=\" nd_options_counter_component_l1 nd_options_font_weight_bolder nd_options_counter  \" data-to=\"4\" data-speed=\"1000\">4<\/h1> <p style=\"color:#ffffff;padding:px;text-align:center;font-size:15px;line-height:30px;letter-spacing: 2px;font-weight:bold\" class=\"   nd_options_second_font \">Sprachen reden wir<\/p> [\/vc_column_inner][\/vc_row_inner][\/vc_column][vc_column width=&#8220;4\/12&#8243;][\/vc_column][\/vc_row][vc_row css=&#8220;.vc_custom_1589407930018{margin-top: 60px !important;margin-bottom: 30px !important;}&#8220;][vc_column el_class=&#8220;nd_options_text_align_center&#8220;]\n\t<div class=\"nd_options_section nd_options_text_align_center\">\n\t<a style=\"border: px solid;border-radius:px;letter-spacing:2px;line-height:11px;font-size:11px;background-color:#3498db;padding:15px 35px;margin:;color:#ffffff\" rel=\"\" href=\"https:\/\/www.gsab-aventures.com\/de\/kontakt\" class=\"nicdark_display_inline_block  nd_options_font_weight_bold nd_options_second_font  \">Kontaktiere uns<\/a>\n\t<\/div>\n[\/vc_column][\/vc_row]<\/p>\n","protected":false},"excerpt":{"rendered":"<p>[vc_row][vc_column width=&#8220;6\/12&#8243; css=&#8220;.vc_custom_1467360650255{margin-top: 10px !important;margin-bottom: 10px !important;padding-top: 0px !important;padding-right: 40px !important;}&#8220;][\/vc_column][vc_column width=&#8220;3\/12&#8243; css=&#8220;.vc_custom_1467207292391{margin-top: 10px !important;margin-bottom: 10px !important;padding-top: 0px !important;}&#8220;][vc_column_text el_class=&#8220;nd_options_text_align_center_responsive&#8220;]Wandern ist eine Outdoor-Aktivit\u00e4t, bei der man in wundersch\u00f6ner nat\u00fcrlicher Umgebung auf vorgegebenen Wegen, den sogenannten Wanderwegen, spazieren gehen kann. Es gibt Tages- und Nachtwanderungen.[\/vc_column_text][\/vc_column][vc_column width=&#8220;3\/12&#8243; css=&#8220;.vc_custom_1467207298589{margin-top: 10px !important;margin-bottom: 10px !important;padding-top: 0px !important;}&#8220;][vc_column_text el_class=&#8220;nd_options_text_align_center_responsive&#8220;]Trekking ist eine [&hellip;]<\/p>\n","protected":false},"author":1,"featured_media":0,"parent":0,"menu_order":0,"comment_status":"closed","ping_status":"closed","template":"","meta":{"_exactmetrics_skip_tracking":false,"_exactmetrics_sitenote_active":false,"_exactmetrics_sitenote_note":"","_exactmetrics_sitenote_category":0,"_price":"","_stock":"","_tribe_ticket_header":"","_tribe_default_ticket_provider":"Tribe__Tickets_Plus__Commerce__WooCommerce__Main","_tribe_ticket_capacity":"0","_ticket_start_date":"","_ticket_end_date":"","_tribe_ticket_show_description":"","_tribe_ticket_show_not_going":false,"_tribe_ticket_use_global_stock":"","_tribe_ticket_global_stock_level":"","_global_stock_mode":"","_global_stock_cap":"","_tribe_rsvp_for_event":"","_tribe_ticket_going_count":"","_tribe_ticket_not_going_count":"","_tribe_tickets_list":"[]","_tribe_ticket_has_attendee_info_fields":false,"footnotes":""},"class_list":["post-6199","page","type-page","status-publish","hentry"],"_links":{"self":[{"href":"https:\/\/www.gsab-aventures.com\/de\/wp-json\/wp\/v2\/pages\/6199","targetHints":{"allow":["GET"]}}],"collection":[{"href":"https:\/\/www.gsab-aventures.com\/de\/wp-json\/wp\/v2\/pages"}],"about":[{"href":"https:\/\/www.gsab-aventures.com\/de\/wp-json\/wp\/v2\/types\/page"}],"author":[{"embeddable":true,"href":"https:\/\/www.gsab-aventures.com\/de\/wp-json\/wp\/v2\/users\/1"}],"replies":[{"embeddable":true,"href":"https:\/\/www.gsab-aventures.com\/de\/wp-json\/wp\/v2\/comments?post=6199"}],"version-history":[{"count":3,"href":"https:\/\/www.gsab-aventures.com\/de\/wp-json\/wp\/v2\/pages\/6199\/revisions"}],"predecessor-version":[{"id":6202,"href":"https:\/\/www.gsab-aventures.com\/de\/wp-json\/wp\/v2\/pages\/6199\/revisions\/6202"}],"wp:attachment":[{"href":"https:\/\/www.gsab-aventures.com\/de\/wp-json\/wp\/v2\/media?parent=6199"}],"curies":[{"name":"wp","href":"https:\/\/api.w.org\/{rel}","templated":true}]}}