{"id":11017,"date":"2022-04-09T16:58:36","date_gmt":"2022-04-09T14:58:36","guid":{"rendered":"https:\/\/www.gsab-aventures.com\/?post_type=product&#038;p=11017"},"modified":"2022-04-09T17:30:05","modified_gmt":"2022-04-09T15:30:05","slug":"kletterwand-6m","status":"publish","type":"product","link":"https:\/\/www.gsab-aventures.com\/de\/produkt\/aktivitaten\/vertikal-abenteuer\/kletterwand-6m\/","title":{"rendered":"KLETTERWAND 6M"},"content":{"rendered":"<p>Diese Wand verf\u00fcgt \u00fcber drei Kletterrouten, die mit einem automatischen Sicherungssystem ausgestattet sind.<\/p>\n<p>Im Preis inbegriffen sind die Bereitstellung der gesamten erforderlichen Ausr\u00fcstung und die Betreuung durch einen Ausbilder.<br \/>\nDie Dauer der Dienstleistung betr\u00e4gt maximal acht Stunden, mit einer zwanzigmin\u00fctigen Pause alle drei Stunden. Der Auf- und Abbau ist nicht in der Dauer der Dienstleistung enthalten.<br \/>\nBei einer mehrt\u00e4gigen Anmietung werden auch die Kosten f\u00fcr die Verpflegung und Unterbringung der Ausbilder in Rechnung gestellt.<br \/>\nZus\u00e4tzliche Kosten im Zusammenhang mit der Veranstaltung werden gesondert in Rechnung gestellt (z. B. Parken).<br \/>\nDie Transportkosten werden auf der Grundlage einer Hin- und R\u00fcckfahrt ab Jaun (FR) berechnet.<\/p>\n<p>Erforderliche Mindestbegleitung: zwei Personen, von denen mindestens eine ein Mitglied von GSAB Aventures sein muss. Die andere Person kann Teil Ihres Teams sein, wenn sie \u00fcber die erforderlichen F\u00e4higkeiten verf\u00fcgt, ansonsten sind zwei GSAB-Leiter erforderlich.<\/p>\n<p>Mit der Annahme des Angebots akzeptieren Sie unsere allgemeinen Mietbedingungen ohne Einschr\u00e4nkungen.<\/p>\n<p>Zur Best\u00e4tigung der Bestellung ist eine Anzahlung von 50% erforderlich.<\/p>\n<p><strong>Wenn Sie das Buchungsformular ausf\u00fcllen, erhalten Sie eine ungef\u00e4hre Vorstellung von den Kosten der Dienstleistung. Ein genauerer Kostenvoranschlag wird Ihnen auf der Grundlage Ihrer Angaben zugesandt.<\/strong><\/p>\n","protected":false},"excerpt":{"rendered":"<p>Diese Wand verf\u00fcgt \u00fcber drei Kletterrouten, die mit einem automatischen Sicherungssystem ausgestattet sind. Im Preis inbegriffen sind die Bereitstellung der gesamten erforderlichen Ausr\u00fcstung und die Betreuung durch einen Ausbilder. Die Dauer der Dienstleistung betr\u00e4gt maximal acht Stunden, mit einer zwanzigmin\u00fctigen Pause alle drei Stunden. Der Auf- und Abbau ist nicht in der Dauer der Dienstleistung [&hellip;]<\/p>\n","protected":false},"featured_media":11003,"comment_status":"open","ping_status":"closed","template":"","meta":{"_exactmetrics_skip_tracking":false,"_exactmetrics_sitenote_active":false,"_exactmetrics_sitenote_note":"","_exactmetrics_sitenote_category":0,"_price":"0","_stock":null,"_tribe_ticket_header":"","_tribe_default_ticket_provider":"","_tribe_ticket_capacity":"0","_ticket_start_date":"","_ticket_end_date":"","_tribe_ticket_show_description":"","_tribe_ticket_show_not_going":false,"_tribe_ticket_use_global_stock":"","_tribe_ticket_global_stock_level":"","_global_stock_mode":"","_global_stock_cap":"","_tribe_rsvp_for_event":"","_tribe_ticket_going_count":"","_tribe_ticket_not_going_count":"","_tribe_tickets_list":"[]","_tribe_ticket_has_attendee_info_fields":false},"product_brand":[],"product_cat":[255,259,279],"product_tag":[],"class_list":{"0":"post-11017","1":"product","2":"type-product","3":"status-publish","4":"has-post-thumbnail","6":"product_cat-aktivitaten","7":"product_cat-vertikal-abenteuer","8":"product_cat-vermietung","10":"first","11":"instock","12":"virtual","13":"taxable","14":"purchasable","15":"product-type-phive_booking"},"_links":{"self":[{"href":"https:\/\/www.gsab-aventures.com\/de\/wp-json\/wp\/v2\/product\/11017","targetHints":{"allow":["GET"]}}],"collection":[{"href":"https:\/\/www.gsab-aventures.com\/de\/wp-json\/wp\/v2\/product"}],"about":[{"href":"https:\/\/www.gsab-aventures.com\/de\/wp-json\/wp\/v2\/types\/product"}],"replies":[{"embeddable":true,"href":"https:\/\/www.gsab-aventures.com\/de\/wp-json\/wp\/v2\/comments?post=11017"}],"wp:featuredmedia":[{"embeddable":true,"href":"https:\/\/www.gsab-aventures.com\/de\/wp-json\/wp\/v2\/media\/11003"}],"wp:attachment":[{"href":"https:\/\/www.gsab-aventures.com\/de\/wp-json\/wp\/v2\/media?parent=11017"}],"wp:term":[{"taxonomy":"product_brand","embeddable":true,"href":"https:\/\/www.gsab-aventures.com\/de\/wp-json\/wp\/v2\/product_brand?post=11017"},{"taxonomy":"product_cat","embeddable":true,"href":"https:\/\/www.gsab-aventures.com\/de\/wp-json\/wp\/v2\/product_cat?post=11017"},{"taxonomy":"product_tag","embeddable":true,"href":"https:\/\/www.gsab-aventures.com\/de\/wp-json\/wp\/v2\/product_tag?post=11017"}],"curies":[{"name":"wp","href":"https:\/\/api.w.org\/{rel}","templated":true}]}}