{"id":11040,"date":"2022-04-09T18:21:09","date_gmt":"2022-04-09T16:21:09","guid":{"rendered":"https:\/\/www.gsab-aventures.com\/?post_type=product&#038;p=11040"},"modified":"2022-04-09T19:00:50","modified_gmt":"2022-04-09T17:00:50","slug":"tyrolienne-40-bis-120m","status":"publish","type":"product","link":"https:\/\/www.gsab-aventures.com\/de\/produkt\/aktivitaten\/vertikal-abenteuer\/tyrolienne-40-bis-120m\/","title":{"rendered":"TYROLIENNE 40 bis 120M"},"content":{"rendered":"<p>Eine 40 bis 120 Meter lange Seilrutsche, die f\u00fcr Menschen mit Behinderungen angepasst werden kann. F\u00fcr die Installation sind sehr solide Verankerungen erforderlich (Pfosten, B\u00e4ume, Schrauben, die in die Erde gesteckt werden m\u00fcssen &#8230;).<\/p>\n<p>Der Preis beinhaltet die Bereitstellung der gesamten notwendigen Ausr\u00fcstung und die Betreuung durch einen Animateur. Die Leistung dauert maximal acht Stunden, einschlie\u00dflich einer Pause von 20 Minuten alle drei Stunden. Auf- und Abbau sind in der Dauer der Veranstaltung nicht enthalten. Bei mehrt\u00e4giger Anmietung werden die Kosten f\u00fcr Verpflegung und Unterkunft der Betreuer zus\u00e4tzlich in Rechnung gestellt. Alle Nebenkosten, die mit der Leistung verbunden sind, werden zus\u00e4tzlich berechnet (z. B. Parkgeb\u00fchren). Der Transport wird pro km f\u00fcr eine Hin- und R\u00fcckfahrt ab Jaun (FR) berechnet. Der Preis kann je nach den zu errichtenden Anlagen variieren.<\/p>\n<p><span style=\"color: #ff0000;\"><strong>Obligatorische Mindestbetreuung:<\/strong> <\/span>Drei Personen, davon mindestens eine von GSAB Aventures. Andere k\u00f6nnen Teil Ihres Teams sein, sofern sie \u00fcber ausreichende Kompetenzen verf\u00fcgen. Mit der Annahme des Angebots akzeptieren Sie unsere Allgemeinen Gesch\u00e4ftsbedingungen ohne Einschr\u00e4nkungen.<\/p>\n<p>Die Leistung einer Anzahlung von 50% ist obligatorisch, um die Bestellung zu best\u00e4tigen.<\/p>\n<p><strong><span style=\"color: #00ccff;\">Wenn Sie das Buchungsformular ausf\u00fcllen, erhalten Sie eine ungef\u00e4hre Vorstellung von den Kosten der Dienstleistung. Ein genauerer Kostenvoranschlag wird Ihnen auf der Grundlage Ihrer Angaben zugesandt.\u00a0<\/span><\/strong><\/p>\n","protected":false},"excerpt":{"rendered":"<p>Eine 40 bis 120 Meter lange Seilrutsche, die f\u00fcr Menschen mit Behinderungen angepasst werden kann. F\u00fcr die Installation sind sehr solide Verankerungen erforderlich (Pfosten, B\u00e4ume, Schrauben, die in die Erde gesteckt werden m\u00fcssen &#8230;). Der Preis beinhaltet die Bereitstellung der gesamten notwendigen Ausr\u00fcstung und die Betreuung durch einen Animateur. Die Leistung dauert maximal acht Stunden, [&hellip;]<\/p>\n","protected":false},"featured_media":5290,"comment_status":"open","ping_status":"closed","template":"","meta":{"_exactmetrics_skip_tracking":false,"_exactmetrics_sitenote_active":false,"_exactmetrics_sitenote_note":"","_exactmetrics_sitenote_category":0,"_price":"0","_stock":null,"_tribe_ticket_header":"","_tribe_default_ticket_provider":"","_tribe_ticket_capacity":"0","_ticket_start_date":"","_ticket_end_date":"","_tribe_ticket_show_description":"","_tribe_ticket_show_not_going":false,"_tribe_ticket_use_global_stock":"","_tribe_ticket_global_stock_level":"","_global_stock_mode":"","_global_stock_cap":"","_tribe_rsvp_for_event":"","_tribe_ticket_going_count":"","_tribe_ticket_not_going_count":"","_tribe_tickets_list":"[]","_tribe_ticket_has_attendee_info_fields":false},"product_brand":[],"product_cat":[255,259,279],"product_tag":[],"class_list":{"0":"post-11040","1":"product","2":"type-product","3":"status-publish","4":"has-post-thumbnail","6":"product_cat-aktivitaten","7":"product_cat-vertikal-abenteuer","8":"product_cat-vermietung","10":"first","11":"instock","12":"virtual","13":"taxable","14":"purchasable","15":"product-type-phive_booking"},"_links":{"self":[{"href":"https:\/\/www.gsab-aventures.com\/de\/wp-json\/wp\/v2\/product\/11040","targetHints":{"allow":["GET"]}}],"collection":[{"href":"https:\/\/www.gsab-aventures.com\/de\/wp-json\/wp\/v2\/product"}],"about":[{"href":"https:\/\/www.gsab-aventures.com\/de\/wp-json\/wp\/v2\/types\/product"}],"replies":[{"embeddable":true,"href":"https:\/\/www.gsab-aventures.com\/de\/wp-json\/wp\/v2\/comments?post=11040"}],"wp:featuredmedia":[{"embeddable":true,"href":"https:\/\/www.gsab-aventures.com\/de\/wp-json\/wp\/v2\/media\/5290"}],"wp:attachment":[{"href":"https:\/\/www.gsab-aventures.com\/de\/wp-json\/wp\/v2\/media?parent=11040"}],"wp:term":[{"taxonomy":"product_brand","embeddable":true,"href":"https:\/\/www.gsab-aventures.com\/de\/wp-json\/wp\/v2\/product_brand?post=11040"},{"taxonomy":"product_cat","embeddable":true,"href":"https:\/\/www.gsab-aventures.com\/de\/wp-json\/wp\/v2\/product_cat?post=11040"},{"taxonomy":"product_tag","embeddable":true,"href":"https:\/\/www.gsab-aventures.com\/de\/wp-json\/wp\/v2\/product_tag?post=11040"}],"curies":[{"name":"wp","href":"https:\/\/api.w.org\/{rel}","templated":true}]}}