{"id":7095,"date":"2020-05-25T19:53:55","date_gmt":"2020-05-25T17:53:55","guid":{"rendered":"https:\/\/www.gsab-aventures.com\/shop\/unkategorisiert\/jok-joelette-kid-sitzen\/"},"modified":"2020-11-29T11:04:16","modified_gmt":"2020-11-29T10:04:16","slug":"jok-joelette-kid-sitzen","status":"publish","type":"product","link":"https:\/\/www.gsab-aventures.com\/de\/produkt\/produkte\/outdoor-handi-de\/joelette-kid-de\/jok-joelette-kid-sitzen\/","title":{"rendered":"JOK &#8211; Jo\u00eblette Kid &#8211; Sitzen"},"content":{"rendered":"<p>Der Sitz wird zus\u00e4tzlich zum Rahmen von Jo\u00eblette Kid verwendet. Sie erm\u00f6glicht es, die Jo\u00eblette mit Kindern zu verwenden, die sich aufsetzen k\u00f6nnen.<\/p>\n<p>Porto und Verpackung werden f\u00fcr jede Bestellung extra berechnet. Wir versuchen, Auftr\u00e4ge zusammenzufassen, um Kosten zu reduzieren.<\/p>\n","protected":false},"excerpt":{"rendered":"<p>Der Sitz wird zus\u00e4tzlich zum Rahmen von Jo\u00eblette Kid verwendet. Sie erm\u00f6glicht es, die Jo\u00eblette mit Kindern zu verwenden, die sich aufsetzen k\u00f6nnen. Porto und Verpackung werden f\u00fcr jede Bestellung extra berechnet. Wir versuchen, Auftr\u00e4ge zusammenzufassen, um Kosten zu reduzieren.<\/p>\n","protected":false},"featured_media":5659,"comment_status":"closed","ping_status":"closed","template":"","meta":{"_exactmetrics_skip_tracking":false,"_exactmetrics_sitenote_active":false,"_exactmetrics_sitenote_note":"","_exactmetrics_sitenote_category":0,"_price":"937","_stock":"","_tribe_ticket_header":"","_tribe_default_ticket_provider":"","_tribe_ticket_capacity":"0","_ticket_start_date":"","_ticket_end_date":"","_tribe_ticket_show_description":"","_tribe_ticket_show_not_going":false,"_tribe_ticket_use_global_stock":"","_tribe_ticket_global_stock_level":"","_global_stock_mode":"","_global_stock_cap":"","_tribe_rsvp_for_event":"","_tribe_ticket_going_count":"","_tribe_ticket_not_going_count":"","_tribe_tickets_list":"[]","_tribe_ticket_has_attendee_info_fields":false},"product_brand":[],"product_cat":[860,287,311],"product_tag":[],"class_list":{"0":"post-7095","1":"product","2":"type-product","3":"status-publish","4":"has-post-thumbnail","6":"product_cat-joelette-kid-de","7":"product_cat-produkte","8":"product_cat-outdoor-handi-de","10":"first","11":"instock","12":"virtual","13":"taxable","14":"purchasable","15":"product-type-simple"},"_links":{"self":[{"href":"https:\/\/www.gsab-aventures.com\/de\/wp-json\/wp\/v2\/product\/7095","targetHints":{"allow":["GET"]}}],"collection":[{"href":"https:\/\/www.gsab-aventures.com\/de\/wp-json\/wp\/v2\/product"}],"about":[{"href":"https:\/\/www.gsab-aventures.com\/de\/wp-json\/wp\/v2\/types\/product"}],"replies":[{"embeddable":true,"href":"https:\/\/www.gsab-aventures.com\/de\/wp-json\/wp\/v2\/comments?post=7095"}],"wp:featuredmedia":[{"embeddable":true,"href":"https:\/\/www.gsab-aventures.com\/de\/wp-json\/wp\/v2\/media\/5659"}],"wp:attachment":[{"href":"https:\/\/www.gsab-aventures.com\/de\/wp-json\/wp\/v2\/media?parent=7095"}],"wp:term":[{"taxonomy":"product_brand","embeddable":true,"href":"https:\/\/www.gsab-aventures.com\/de\/wp-json\/wp\/v2\/product_brand?post=7095"},{"taxonomy":"product_cat","embeddable":true,"href":"https:\/\/www.gsab-aventures.com\/de\/wp-json\/wp\/v2\/product_cat?post=7095"},{"taxonomy":"product_tag","embeddable":true,"href":"https:\/\/www.gsab-aventures.com\/de\/wp-json\/wp\/v2\/product_tag?post=7095"}],"curies":[{"name":"wp","href":"https:\/\/api.w.org\/{rel}","templated":true}]}}