{"id":7104,"date":"2020-05-25T19:49:23","date_gmt":"2020-05-25T17:49:23","guid":{"rendered":"https:\/\/www.gsab-aventures.com\/shop\/unkategorisiert\/jok-joelette-kid\/"},"modified":"2024-02-09T22:12:05","modified_gmt":"2024-02-09T21:12:05","slug":"jok-joelette-kid","status":"publish","type":"product","link":"https:\/\/www.gsab-aventures.com\/de\/produkt\/produkte\/outdoor-handi-de\/joelette-kid-de\/jok-joelette-kid\/","title":{"rendered":"JOK &#8211; Jo\u00eblette Kid"},"content":{"rendered":"<p>Die Jo\u00eblette Kid, entwickelt f\u00fcr Kinder mit eingeschr\u00e4nkter Mobilit\u00e4t, zum Wandern, Trekking oder Laufen auf jeder Art von Gel\u00e4nde, selbst auf den unwegsamsten.<\/p>\n<p>Ein f\u00fcr Kinder studierter Entwurf<\/p>\n<p>Es ist sehr bequem und sicher und wurde f\u00fcr Kinder konzipiert. Es ist sehr einfach zu handhaben und erfordert nur einen Begleiter.<br \/>\nDieser gel\u00e4ndeg\u00e4ngige Rollstuhl bietet Ihnen zu jeder Jahreszeit bequeme Sitzgelegenheiten und Unterst\u00fctzung beim Wandern oder Laufen.<\/p>\n<p>Zwei m\u00f6gliche Konfigurationen<\/p>\n<p>Die von unserem Konstruktionsb\u00fcro in Zusammenarbeit mit einem orthop\u00e4dischen Zentrum konzipierte JO\u00cbLETTE KID bietet Ihnen zwei Alternativen:<\/p>\n<p>Die Jo\u00eblette Kid mit Sitz,<\/p>\n<p>Die Jo\u00eblette Kid mit Schnittstelle f\u00fcr Sitzkorsett.<\/p>\n<p>Mit seiner Einspur-Radtechnologie kann der JO\u00cbLETTE Kid \u00fcberall hinfahren, auch auf sehr unebenen Strecken. Er ist auch perfekt f\u00fcr den Rennsport geeignet, aber auch f\u00fcr Trail und schwierige Passagen mit der Frontarm-Option.<br \/>\nSein verstellbarer Lenker macht es sehr leicht zu fahren.<\/p>\n<p>Aktivit\u00e4ten im Freien in einer Gruppe teilen: Familie, Freunde, Verein&#8230;<\/p>\n<p>Erm\u00f6glichen Sie es, Orte zu entdecken, die bisher mit einem Rollstuhl unzug\u00e4nglich waren.<\/p>\n<p>Gemeinsam das Leben genie\u00dfen: ein Spaziergang und ein Tapetenwechsel stehen auf dem Programm.<\/p>\n<p>Stellen Sie sich sportlichen, menschlichen und solidarischen Herausforderungen und ermutigen Sie sich selbst zu \u00fcbertreffen.<\/p>\n<p>Entdecken Sie die Natur und neue Landschaften (Berge, Naturparks, W\u00e4lder, Auslandsreisen &#8230;).<\/p>\n<p>Nehmen Sie an Razzien, Rennen, Marathons teil&#8230;<\/p>\n<p>Entdecken Sie ein Gebiet und sein nat\u00fcrliches, historisches und kulturelles Erbe.<\/p>\n<p>Der Preis beinhaltet den Rahmen und den Sitz.<\/p>\n<p>F\u00fcr jede Bestellung wird ein zus\u00e4tzlicher Festpreis f\u00fcr Porto und Verpackung berechnet.<\/p>\n<p>Kontaktieren Sie uns f\u00fcr weitere Informationen oder ein detailliertes Angebot mit weiterem Zubeh\u00f6r.<\/p>\n","protected":false},"excerpt":{"rendered":"<p>Die Jo\u00eblette Kid, entwickelt f\u00fcr Kinder mit eingeschr\u00e4nkter Mobilit\u00e4t, zum Wandern, Trekking oder Laufen auf jeder Art von Gel\u00e4nde, selbst auf den unwegsamsten. Ein f\u00fcr Kinder studierter Entwurf Es ist sehr bequem und sicher und wurde f\u00fcr Kinder konzipiert. Es ist sehr einfach zu handhaben und erfordert nur einen Begleiter. Dieser gel\u00e4ndeg\u00e4ngige Rollstuhl bietet Ihnen [&hellip;]<\/p>\n","protected":false},"featured_media":5629,"comment_status":"closed","ping_status":"closed","template":"","meta":{"_exactmetrics_skip_tracking":false,"_exactmetrics_sitenote_active":false,"_exactmetrics_sitenote_note":"","_exactmetrics_sitenote_category":0,"_price":"2973","_stock":"","_tribe_ticket_header":"","_tribe_default_ticket_provider":"","_tribe_ticket_capacity":"0","_ticket_start_date":"","_ticket_end_date":"","_tribe_ticket_show_description":"","_tribe_ticket_show_not_going":false,"_tribe_ticket_use_global_stock":"","_tribe_ticket_global_stock_level":"","_global_stock_mode":"","_global_stock_cap":"","_tribe_rsvp_for_event":"","_tribe_ticket_going_count":"","_tribe_ticket_not_going_count":"","_tribe_tickets_list":"[]","_tribe_ticket_has_attendee_info_fields":false},"product_brand":[],"product_cat":[860,287,311],"product_tag":[],"class_list":{"0":"post-7104","1":"product","2":"type-product","3":"status-publish","4":"has-post-thumbnail","6":"product_cat-joelette-kid-de","7":"product_cat-produkte","8":"product_cat-outdoor-handi-de","10":"first","11":"onbackorder","12":"virtual","13":"taxable","14":"purchasable","15":"product-type-simple"},"_links":{"self":[{"href":"https:\/\/www.gsab-aventures.com\/de\/wp-json\/wp\/v2\/product\/7104","targetHints":{"allow":["GET"]}}],"collection":[{"href":"https:\/\/www.gsab-aventures.com\/de\/wp-json\/wp\/v2\/product"}],"about":[{"href":"https:\/\/www.gsab-aventures.com\/de\/wp-json\/wp\/v2\/types\/product"}],"replies":[{"embeddable":true,"href":"https:\/\/www.gsab-aventures.com\/de\/wp-json\/wp\/v2\/comments?post=7104"}],"wp:featuredmedia":[{"embeddable":true,"href":"https:\/\/www.gsab-aventures.com\/de\/wp-json\/wp\/v2\/media\/5629"}],"wp:attachment":[{"href":"https:\/\/www.gsab-aventures.com\/de\/wp-json\/wp\/v2\/media?parent=7104"}],"wp:term":[{"taxonomy":"product_brand","embeddable":true,"href":"https:\/\/www.gsab-aventures.com\/de\/wp-json\/wp\/v2\/product_brand?post=7104"},{"taxonomy":"product_cat","embeddable":true,"href":"https:\/\/www.gsab-aventures.com\/de\/wp-json\/wp\/v2\/product_cat?post=7104"},{"taxonomy":"product_tag","embeddable":true,"href":"https:\/\/www.gsab-aventures.com\/de\/wp-json\/wp\/v2\/product_tag?post=7104"}],"curies":[{"name":"wp","href":"https:\/\/api.w.org\/{rel}","templated":true}]}}