{"id":7232,"date":"2020-04-17T21:05:19","date_gmt":"2020-04-17T19:05:19","guid":{"rendered":"https:\/\/www.gsab-aventures.com\/shop\/unkategorisiert\/bi-biski\/"},"modified":"2020-11-29T16:03:22","modified_gmt":"2020-11-29T15:03:22","slug":"bi-biski","status":"publish","type":"product","link":"https:\/\/www.gsab-aventures.com\/de\/produkt\/produkte\/outdoor-handi-de\/biski-de\/bi-biski\/","title":{"rendered":"BI &#8211; BISKI"},"content":{"rendered":"<p>Der BISKI Fms ist ein stabiler und man\u00f6vrierf\u00e4higer Skistuhl, f\u00fcr den ein Skilehrer auf seinen eigenen Skiern fahren muss. Es kann von jedem genutzt werden, von Erwachsenen und Kindern, auch von stark abh\u00e4ngigen Personen.<\/p>\n<p>Die meisten Skipisten sind je nach Niveau des F\u00fchrers \u00fcber Sessellifte erreichbar.<\/p>\n<p>Eine Ausbildung, die von Skiprofis durchgef\u00fchrt wird, wird empfohlen, um in v\u00f6lliger Sicherheit Ski fahren zu k\u00f6nnen.<\/p>\n<p>Das Pantographensystem erm\u00f6glicht es dem Fahrer, durch Kippen des Lenkers Kanten zu nehmen.<\/p>\n<p>Die Verlagerung des Schwerpunkts des sitzenden Skifahrers nach links oder rechts erm\u00f6glicht ein sofortiges Greifen der Kante: diese Ausl\u00f6sung des Schwungs wird vom stehenden Skifahrer allein oder mit dem sitzenden Skifahrer, der auf der H\u00f6he seines Handicaps aktiv sein kann, entschieden.<\/p>\n","protected":false},"excerpt":{"rendered":"<p>Der BISKI Fms ist ein stabiler und man\u00f6vrierf\u00e4higer Skistuhl, f\u00fcr den ein Skilehrer auf seinen eigenen Skiern fahren muss. Es kann von jedem genutzt werden, von Erwachsenen und Kindern, auch von stark abh\u00e4ngigen Personen. Die meisten Skipisten sind je nach Niveau des F\u00fchrers \u00fcber Sessellifte erreichbar. Eine Ausbildung, die von Skiprofis durchgef\u00fchrt wird, wird empfohlen, [&hellip;]<\/p>\n","protected":false},"featured_media":4954,"comment_status":"closed","ping_status":"closed","template":"","meta":{"_exactmetrics_skip_tracking":false,"_exactmetrics_sitenote_active":false,"_exactmetrics_sitenote_note":"","_exactmetrics_sitenote_category":0,"_price":"2520","_stock":"","_tribe_ticket_header":"","_tribe_default_ticket_provider":"","_tribe_ticket_capacity":"0","_ticket_start_date":"","_ticket_end_date":"","_tribe_ticket_show_description":"","_tribe_ticket_show_not_going":false,"_tribe_ticket_use_global_stock":"","_tribe_ticket_global_stock_level":"","_global_stock_mode":"","_global_stock_cap":"","_tribe_rsvp_for_event":"","_tribe_ticket_going_count":"","_tribe_ticket_not_going_count":"","_tribe_tickets_list":"[]","_tribe_ticket_has_attendee_info_fields":false},"product_brand":[],"product_cat":[287,311,320,283],"product_tag":[],"class_list":{"0":"post-7232","1":"product","2":"type-product","3":"status-publish","4":"has-post-thumbnail","6":"product_cat-produkte","7":"product_cat-outdoor-handi-de","8":"product_cat-biski-de","9":"product_cat-beschaffungen","10":"product_shipping_class-joelette-de","12":"first","13":"instock","14":"sale","15":"taxable","16":"shipping-taxable","17":"purchasable","18":"product-type-simple"},"_links":{"self":[{"href":"https:\/\/www.gsab-aventures.com\/de\/wp-json\/wp\/v2\/product\/7232","targetHints":{"allow":["GET"]}}],"collection":[{"href":"https:\/\/www.gsab-aventures.com\/de\/wp-json\/wp\/v2\/product"}],"about":[{"href":"https:\/\/www.gsab-aventures.com\/de\/wp-json\/wp\/v2\/types\/product"}],"replies":[{"embeddable":true,"href":"https:\/\/www.gsab-aventures.com\/de\/wp-json\/wp\/v2\/comments?post=7232"}],"wp:featuredmedia":[{"embeddable":true,"href":"https:\/\/www.gsab-aventures.com\/de\/wp-json\/wp\/v2\/media\/4954"}],"wp:attachment":[{"href":"https:\/\/www.gsab-aventures.com\/de\/wp-json\/wp\/v2\/media?parent=7232"}],"wp:term":[{"taxonomy":"product_brand","embeddable":true,"href":"https:\/\/www.gsab-aventures.com\/de\/wp-json\/wp\/v2\/product_brand?post=7232"},{"taxonomy":"product_cat","embeddable":true,"href":"https:\/\/www.gsab-aventures.com\/de\/wp-json\/wp\/v2\/product_cat?post=7232"},{"taxonomy":"product_tag","embeddable":true,"href":"https:\/\/www.gsab-aventures.com\/de\/wp-json\/wp\/v2\/product_tag?post=7232"}],"curies":[{"name":"wp","href":"https:\/\/api.w.org\/{rel}","templated":true}]}}