{"id":7265,"date":"2020-04-17T21:05:18","date_gmt":"2020-04-17T19:05:18","guid":{"rendered":"https:\/\/www.gsab-aventures.com\/shop\/unkategorisiert\/assureur-protecman\/"},"modified":"2020-04-17T21:05:18","modified_gmt":"2020-04-17T19:05:18","slug":"assureur-protecman","status":"publish","type":"product","link":"https:\/\/www.gsab-aventures.com\/de\/produkt\/produkte\/outdoor-de\/klettern\/assureur-protecman\/","title":{"rendered":"Assureur Protecman"},"content":{"rendered":"<p>Automatische Sicherungsvorrichtung.<\/p>\n<p>Typische Verwendung: ein Kletterer und ein Sicherer.<\/p>\n<p>Installation an der Oberseite der Schiene.<\/p>\n<p>Vereinfacht das Sichern, geeignet f\u00fcr junge und unerfahrene Kletterer.<\/p>\n<p>Sofortiger Griff.<\/p>\n<p>Verf\u00fcgt \u00fcber ein Bremssystem mit automatischer Verriegelung (wirkt als Absturzsicherung).<\/p>\n<p>Sie eliminiert die mit menschlichem Versagen verbundenen Risiken (schlechte Man\u00f6ver, Unachtsamkeit des Versicherers usw.).<\/p>\n<p>Erfordert kein Geschirr f\u00fcr den Versicherer.<\/p>\n","protected":false},"excerpt":{"rendered":"<p>Automatische Sicherungsvorrichtung. Typische Verwendung: ein Kletterer und ein Sicherer. Installation an der Oberseite der Schiene. Vereinfacht das Sichern, geeignet f\u00fcr junge und unerfahrene Kletterer. Sofortiger Griff. Verf\u00fcgt \u00fcber ein Bremssystem mit automatischer Verriegelung (wirkt als Absturzsicherung). Sie eliminiert die mit menschlichem Versagen verbundenen Risiken (schlechte Man\u00f6ver, Unachtsamkeit des Versicherers usw.). Erfordert kein Geschirr f\u00fcr den [&hellip;]<\/p>\n","protected":false},"featured_media":5077,"comment_status":"closed","ping_status":"closed","template":"","meta":{"_exactmetrics_skip_tracking":false,"_exactmetrics_sitenote_active":false,"_exactmetrics_sitenote_note":"","_exactmetrics_sitenote_category":0,"_price":"660","_stock":"","_tribe_ticket_header":"","_tribe_default_ticket_provider":"","_tribe_ticket_capacity":"0","_ticket_start_date":"","_ticket_end_date":"","_tribe_ticket_show_description":"","_tribe_ticket_show_not_going":false,"_tribe_ticket_use_global_stock":"","_tribe_ticket_global_stock_level":"","_global_stock_mode":"","_global_stock_cap":"","_tribe_rsvp_for_event":"","_tribe_ticket_going_count":"","_tribe_ticket_not_going_count":"","_tribe_tickets_list":"[]","_tribe_ticket_has_attendee_info_fields":false},"product_brand":[],"product_cat":[287,292,299],"product_tag":[],"class_list":{"0":"post-7265","1":"product","2":"type-product","3":"status-publish","4":"has-post-thumbnail","6":"product_cat-produkte","7":"product_cat-outdoor-de","8":"product_cat-klettern","10":"first","11":"instock","12":"taxable","13":"shipping-taxable","14":"purchasable","15":"product-type-simple"},"_links":{"self":[{"href":"https:\/\/www.gsab-aventures.com\/de\/wp-json\/wp\/v2\/product\/7265","targetHints":{"allow":["GET"]}}],"collection":[{"href":"https:\/\/www.gsab-aventures.com\/de\/wp-json\/wp\/v2\/product"}],"about":[{"href":"https:\/\/www.gsab-aventures.com\/de\/wp-json\/wp\/v2\/types\/product"}],"replies":[{"embeddable":true,"href":"https:\/\/www.gsab-aventures.com\/de\/wp-json\/wp\/v2\/comments?post=7265"}],"wp:featuredmedia":[{"embeddable":true,"href":"https:\/\/www.gsab-aventures.com\/de\/wp-json\/wp\/v2\/media\/5077"}],"wp:attachment":[{"href":"https:\/\/www.gsab-aventures.com\/de\/wp-json\/wp\/v2\/media?parent=7265"}],"wp:term":[{"taxonomy":"product_brand","embeddable":true,"href":"https:\/\/www.gsab-aventures.com\/de\/wp-json\/wp\/v2\/product_brand?post=7265"},{"taxonomy":"product_cat","embeddable":true,"href":"https:\/\/www.gsab-aventures.com\/de\/wp-json\/wp\/v2\/product_cat?post=7265"},{"taxonomy":"product_tag","embeddable":true,"href":"https:\/\/www.gsab-aventures.com\/de\/wp-json\/wp\/v2\/product_tag?post=7265"}],"curies":[{"name":"wp","href":"https:\/\/api.w.org\/{rel}","templated":true}]}}