{"id":8729,"date":"2021-05-06T21:19:32","date_gmt":"2021-05-06T19:19:32","guid":{"rendered":"https:\/\/www.gsab-aventures.com\/?post_type=product&#038;p=8729"},"modified":"2021-05-06T21:38:18","modified_gmt":"2021-05-06T19:38:18","slug":"x-climb-pro","status":"publish","type":"product","link":"https:\/\/www.gsab-aventures.com\/de\/produkt\/produkte\/fitnessgeraet\/x-climb-pro\/","title":{"rendered":"X-Climb Pro"},"content":{"rendered":"<p>Der <strong>X-Climb Pro<\/strong> ist eine rotierende Kletterwand. Sie kippen ihn in verschiedene Positionen, um Ihre \u00dcbung zu erschweren. Sie passen die Rotationsgeschwindigkeit an, um Ihr Kardio zu steigern.<br \/>\nSie klettern Hunderte von Metern, ohne den Boden zu verlassen.<\/p>\n<p>Eine Anh\u00e4ngeroption ist verf\u00fcgbar.<\/p>\n<p>Der <strong>X-Climb Pro<\/strong> findet seinen Platz in Fitnesscentern, Kaufh\u00e4usern, Hotels, Kletterhallen&#8230;<\/p>\n<p>Die Lieferzeit betr\u00e4gt etwa einen Monat.<\/p>\n<p>maxbutton id=&#8220;5&#8243;]<\/p>\n<p>&nbsp;<\/p>\n<p><iframe loading=\"lazy\" title=\"Rotating climbing wall \/ Rotierende Kletterwand\" width=\"1180\" height=\"664\" src=\"https:\/\/www.youtube.com\/embed\/oA0dggQChoY?feature=oembed\" frameborder=\"0\" allow=\"accelerometer; autoplay; clipboard-write; encrypted-media; gyroscope; picture-in-picture\" allowfullscreen><\/iframe><\/p>\n","protected":false},"excerpt":{"rendered":"<p>Der X-Climb Pro ist eine rotierende Kletterwand. Sie kippen ihn in verschiedene Positionen, um Ihre \u00dcbung zu erschweren. Sie passen die Rotationsgeschwindigkeit an, um Ihr Kardio zu steigern. Sie klettern Hunderte von Metern, ohne den Boden zu verlassen. Eine Anh\u00e4ngeroption ist verf\u00fcgbar. Der X-Climb Pro findet seinen Platz in Fitnesscentern, Kaufh\u00e4usern, Hotels, Kletterhallen&#8230; Die Lieferzeit [&hellip;]<\/p>\n","protected":false},"featured_media":8601,"comment_status":"closed","ping_status":"closed","template":"","meta":{"_exactmetrics_skip_tracking":false,"_exactmetrics_sitenote_active":false,"_exactmetrics_sitenote_note":"","_exactmetrics_sitenote_category":0,"_price":"8600","_stock":null,"_tribe_ticket_header":"","_tribe_default_ticket_provider":"","_tribe_ticket_capacity":"0","_ticket_start_date":"","_ticket_end_date":"","_tribe_ticket_show_description":"","_tribe_ticket_show_not_going":false,"_tribe_ticket_use_global_stock":"","_tribe_ticket_global_stock_level":"","_global_stock_mode":"","_global_stock_cap":"","_tribe_rsvp_for_event":"","_tribe_ticket_going_count":"","_tribe_ticket_not_going_count":"","_tribe_tickets_list":"[]","_tribe_ticket_has_attendee_info_fields":false},"product_brand":[],"product_cat":[923],"product_tag":[],"class_list":{"0":"post-8729","1":"product","2":"type-product","3":"status-publish","4":"has-post-thumbnail","6":"product_cat-fitnessgeraet","8":"first","9":"instock","10":"taxable","11":"shipping-taxable","12":"purchasable","13":"product-type-variable"},"_links":{"self":[{"href":"https:\/\/www.gsab-aventures.com\/de\/wp-json\/wp\/v2\/product\/8729","targetHints":{"allow":["GET"]}}],"collection":[{"href":"https:\/\/www.gsab-aventures.com\/de\/wp-json\/wp\/v2\/product"}],"about":[{"href":"https:\/\/www.gsab-aventures.com\/de\/wp-json\/wp\/v2\/types\/product"}],"replies":[{"embeddable":true,"href":"https:\/\/www.gsab-aventures.com\/de\/wp-json\/wp\/v2\/comments?post=8729"}],"wp:featuredmedia":[{"embeddable":true,"href":"https:\/\/www.gsab-aventures.com\/de\/wp-json\/wp\/v2\/media\/8601"}],"wp:attachment":[{"href":"https:\/\/www.gsab-aventures.com\/de\/wp-json\/wp\/v2\/media?parent=8729"}],"wp:term":[{"taxonomy":"product_brand","embeddable":true,"href":"https:\/\/www.gsab-aventures.com\/de\/wp-json\/wp\/v2\/product_brand?post=8729"},{"taxonomy":"product_cat","embeddable":true,"href":"https:\/\/www.gsab-aventures.com\/de\/wp-json\/wp\/v2\/product_cat?post=8729"},{"taxonomy":"product_tag","embeddable":true,"href":"https:\/\/www.gsab-aventures.com\/de\/wp-json\/wp\/v2\/product_tag?post=8729"}],"curies":[{"name":"wp","href":"https:\/\/api.w.org\/{rel}","templated":true}]}}