{"id":9048,"date":"2021-05-21T08:32:44","date_gmt":"2021-05-21T06:32:44","guid":{"rendered":"https:\/\/www.gsab-aventures.com\/?post_type=product&#038;p=9048"},"modified":"2021-05-21T08:35:03","modified_gmt":"2021-05-21T06:35:03","slug":"futura-hand","status":"publish","type":"product","link":"https:\/\/www.gsab-aventures.com\/de\/produkt\/produkte\/outdoor-de\/canyoning-de\/zubehoerteil\/futura-hand\/","title":{"rendered":"Futura Hand"},"content":{"rendered":"<p>Eine Rivolution im Bereich der Steigklemmen, wesentlich kompakter (nur 125g) und mit spezieller ergonomischer Formung.<br \/>\nF\u00fcr ein gutes Handling und Griffsicherheit sorgen die nat\u00fcrliche Haltung der Hand gegen\u00fcber des Seils.<br \/>\nF\u00fcr Links- oder Rechtsh\u00e4nder erh\u00e4ltlich.<br \/>\nDas Rope-Walking am Seil stark vereinfachen, als ob man eine Sprossenleiter hinaufgehen w\u00fcrde!<br \/>\nVon H\u00f6hlenforschern durchgef\u00fchrte Test haben einen Effizienzanstieg beim Aufstieg von mindenstens 30% ergeben.<br \/>\nMit Anti-Kipp-System der Kurvenscheibe ausgestattet.<br \/>\nHochwertiges Produkt, in Italien hergestellt!<br \/>\nPatentiert.<\/p>\n","protected":false},"excerpt":{"rendered":"<p>Eine Rivolution im Bereich der Steigklemmen, wesentlich kompakter (nur 125g) und mit spezieller ergonomischer Formung. F\u00fcr ein gutes Handling und Griffsicherheit sorgen die nat\u00fcrliche Haltung der Hand gegen\u00fcber des Seils. F\u00fcr Links- oder Rechtsh\u00e4nder erh\u00e4ltlich. Das Rope-Walking am Seil stark vereinfachen, als ob man eine Sprossenleiter hinaufgehen w\u00fcrde! Von H\u00f6hlenforschern durchgef\u00fchrte Test haben einen Effizienzanstieg [&hellip;]<\/p>\n","protected":false},"featured_media":9164,"comment_status":"closed","ping_status":"closed","template":"","meta":{"_exactmetrics_skip_tracking":false,"_exactmetrics_sitenote_active":false,"_exactmetrics_sitenote_note":"","_exactmetrics_sitenote_category":0,"_price":"75","_stock":"","_tribe_ticket_header":"","_tribe_default_ticket_provider":"","_tribe_ticket_capacity":"0","_ticket_start_date":"","_ticket_end_date":"","_tribe_ticket_show_description":"","_tribe_ticket_show_not_going":false,"_tribe_ticket_use_global_stock":"","_tribe_ticket_global_stock_level":"","_global_stock_mode":"","_global_stock_cap":"","_tribe_rsvp_for_event":"","_tribe_ticket_going_count":"","_tribe_ticket_not_going_count":"","_tribe_tickets_list":"[]","_tribe_ticket_has_attendee_info_fields":false},"product_brand":[],"product_cat":[965,287,292,295],"product_tag":[],"class_list":{"0":"post-9048","1":"product","2":"type-product","3":"status-publish","4":"has-post-thumbnail","6":"product_cat-zubehoerteil","7":"product_cat-produkte","8":"product_cat-outdoor-de","9":"product_cat-canyoning-de","11":"first","12":"instock","13":"taxable","14":"shipping-taxable","15":"purchasable","16":"product-type-variable"},"_links":{"self":[{"href":"https:\/\/www.gsab-aventures.com\/de\/wp-json\/wp\/v2\/product\/9048","targetHints":{"allow":["GET"]}}],"collection":[{"href":"https:\/\/www.gsab-aventures.com\/de\/wp-json\/wp\/v2\/product"}],"about":[{"href":"https:\/\/www.gsab-aventures.com\/de\/wp-json\/wp\/v2\/types\/product"}],"replies":[{"embeddable":true,"href":"https:\/\/www.gsab-aventures.com\/de\/wp-json\/wp\/v2\/comments?post=9048"}],"wp:featuredmedia":[{"embeddable":true,"href":"https:\/\/www.gsab-aventures.com\/de\/wp-json\/wp\/v2\/media\/9164"}],"wp:attachment":[{"href":"https:\/\/www.gsab-aventures.com\/de\/wp-json\/wp\/v2\/media?parent=9048"}],"wp:term":[{"taxonomy":"product_brand","embeddable":true,"href":"https:\/\/www.gsab-aventures.com\/de\/wp-json\/wp\/v2\/product_brand?post=9048"},{"taxonomy":"product_cat","embeddable":true,"href":"https:\/\/www.gsab-aventures.com\/de\/wp-json\/wp\/v2\/product_cat?post=9048"},{"taxonomy":"product_tag","embeddable":true,"href":"https:\/\/www.gsab-aventures.com\/de\/wp-json\/wp\/v2\/product_tag?post=9048"}],"curies":[{"name":"wp","href":"https:\/\/api.w.org\/{rel}","templated":true}]}}