{"id":11361,"date":"2022-04-15T13:11:30","date_gmt":"2022-04-15T11:11:30","guid":{"rendered":"https:\/\/www.gsab-aventures.com\/documents\/"},"modified":"2023-02-25T21:24:37","modified_gmt":"2023-02-25T20:24:37","slug":"documents","status":"publish","type":"page","link":"https:\/\/www.gsab-aventures.com\/fr\/documents\/","title":{"rendered":"Documents"},"content":{"rendered":"<p>[vc_row css=\u00a0\u00bb.vc_custom_1650717750613{margin-top: 75px !important;margin-bottom: 20px !important;}\u00a0\u00bb][vc_column el_class=\u00a0\u00bbnd_options_text_align_center\u00a0\u00bb][vc_custom_heading text=\u00a0\u00bbActivities \/ Activit\u00e9s \/ Aktivit\u00e4ten\u00a0\u00bb font_container=\u00a0\u00bbtag:h2|font_size:30px|text_align:center\u00a0\u00bb google_fonts=\u00a0\u00bbfont_family:Fira%20Sans%3A300%2C300italic%2C400%2C400italic%2C500%2C500italic%2C700%2C700italic|font_style:500%20bold%20regular%3A500%3Anormal\u00a0\u00bb][\/vc_column][\/vc_row][vc_row css=\u00a0\u00bb.vc_custom_1492511016596{margin-top: 40px !important;margin-bottom: 20px !important;}\u00a0\u00bb][vc_column el_class=\u00a0\u00bbnd_options_text_align_center\u00a0\u00bb][vc_custom_heading text=\u00a0\u00bbVertical Adventures \/ Aventures verticales \/ Verticale Abenteueur\u00a0\u00bb font_container=\u00a0\u00bbtag:h4|font_size:20px|text_align:center\u00a0\u00bb google_fonts=\u00a0\u00bbfont_family:Fira%20Sans%3A300%2C300italic%2C400%2C400italic%2C500%2C500italic%2C700%2C700italic|font_style:300%20light%20italic%3A300%3Aitalic\u00a0\u00bb][\/vc_column][\/vc_row][vc_row css=\u00a0\u00bb.vc_custom_1492511016596{margin-top: 40px !important;margin-bottom: 20px !important;}\u00a0\u00bb][vc_column width=\u00a0\u00bb1\/3&Prime; el_class=\u00a0\u00bbnd_options_text_align_center\u00a0\u00bb]\n\t<div class=\"nd_options_section nd_options_text_align_center\">\n\t<a style=\"border: px solid #ffffff;border-radius:px;letter-spacing:2px;line-height:14pxpx;font-size:14pxpx;background-color:#3498db;padding:15px 35px;margin:5px;color:#ffffff\" rel=\"\" target=\"_blank\" href=\"\" class=\"nicdark_display_inline_block  nd_options_font_weight_normal nd_options_first_font  \">xxx (pdf)<\/a>\n\t<\/div>\n[\/vc_column][vc_column width=\u00a0\u00bb1\/3&Prime; el_class=\u00a0\u00bbnd_options_text_align_center\u00a0\u00bb]\n\t<div class=\"nd_options_section nd_options_text_align_center\">\n\t<a style=\"border: px solid #ffffff;border-radius:px;letter-spacing:2px;line-height:14pxpx;font-size:14pxpx;background-color:#3498db;padding:15px 35px;margin:5px;color:#ffffff\" rel=\"\" target=\"_blank\" href=\"https:\/\/www.gsab-aventures.com\/wp-content\/uploads\/2022\/06\/conditions_generales_location_2022.04.13-GSAB-1.pdf\" class=\"nicdark_display_inline_block  nd_options_font_weight_normal nd_options_first_font  \">Condition g\u00e9n\u00e9rales de localion (pdf)<\/a>\n\t<\/div>\n[\/vc_column][vc_column width=\u00a0\u00bb1\/3&Prime; el_class=\u00a0\u00bbnd_options_text_align_center\u00a0\u00bb]\n\t<div class=\"nd_options_section nd_options_text_align_center\">\n\t<a style=\"border: px solid #ffffff;border-radius:px;letter-spacing:2px;line-height:14pxpx;font-size:14pxpx;background-color:#3498db;padding:15px 35px;margin:5px;color:#ffffff\" rel=\"\" target=\"_blank\" href=\"https:\/\/www.gsab-aventures.com\/wp-content\/uploads\/2022\/06\/bedingungen_allgemeinnes_de_standort_2022.04.13-GSAB.DE_.pdf\" class=\"nicdark_display_inline_block  nd_options_font_weight_normal nd_options_first_font  \">bedingungen_allgemeinnes_de_standort (pdf)<\/a>\n\t<\/div>\n[\/vc_column][\/vc_row][vc_row css=\u00a0\u00bb.vc_custom_1650717761109{margin-top: 60px !important;margin-bottom: 20px !important;}\u00a0\u00bb][vc_column el_class=\u00a0\u00bbnd_options_text_align_center\u00a0\u00bb][vc_custom_heading text=\u00a0\u00bbHiking &amp; Trekking \/ Randonn\u00e9e &amp; Trekking \/ Wandern &amp; Trekking\u00a0\u00bb font_container=\u00a0\u00bbtag:h4|font_size:20px|text_align:center\u00a0\u00bb google_fonts=\u00a0\u00bbfont_family:Fira%20Sans%3A300%2C300italic%2C400%2C400italic%2C500%2C500italic%2C700%2C700italic|font_style:300%20light%20italic%3A300%3Aitalic\u00a0\u00bb][\/vc_column][\/vc_row][vc_row css=\u00a0\u00bb.vc_custom_1492511016596{margin-top: 40px !important;margin-bottom: 20px !important;}\u00a0\u00bb][vc_column width=\u00a0\u00bb1\/3&Prime; el_class=\u00a0\u00bbnd_options_text_align_center\u00a0\u00bb]\n\t<div class=\"nd_options_section nd_options_text_align_center\">\n\t<a style=\"border: px solid #ffffff;border-radius:px;letter-spacing:2px;line-height:14pxpx;font-size:14pxpx;background-color:#3498db;padding:15px 35px;margin:5px;color:#ffffff\" rel=\"\" target=\"_blank\" href=\"https:\/\/www.gsab-aventures.com\/wp-content\/uploads\/2022\/08\/general_conditions_hiking_trekking_2023.pdf\" class=\"nicdark_display_inline_block  nd_options_font_weight_normal nd_options_first_font  \">General conditions hiking trekking (pdf)<\/a>\n\t<\/div>\n[\/vc_column][vc_column width=\u00a0\u00bb1\/3&Prime; el_class=\u00a0\u00bbnd_options_text_align_center\u00a0\u00bb]\n\t<div class=\"nd_options_section nd_options_text_align_center\">\n\t<a style=\"border: px solid #ffffff;border-radius:px;letter-spacing:2px;line-height:14pxpx;font-size:14pxpx;background-color:#3498db;padding:15px 35px;margin:5px;color:#ffffff\" rel=\"\" target=\"_blank\" href=\"https:\/\/www.gsab-aventures.com\/wp-content\/uploads\/2022\/08\/conditions_generales_randonnee_trekking_2023.pdf\" class=\"nicdark_display_inline_block  nd_options_font_weight_normal nd_options_first_font  \">Conditions g\u00e9n\u00e9rales randonn\u00e9e trekking (pdf)<\/a>\n\t<\/div>\n[\/vc_column][vc_column width=\u00a0\u00bb1\/3&Prime; el_class=\u00a0\u00bbnd_options_text_align_center\u00a0\u00bb]\n\t<div class=\"nd_options_section nd_options_text_align_center\">\n\t<a style=\"border: px solid #ffffff;border-radius:px;letter-spacing:2px;line-height:14pxpx;font-size:14pxpx;background-color:#3498db;padding:15px 35px;margin:5px;color:#ffffff\" rel=\"\" target=\"_blank\" href=\"https:\/\/www.gsab-aventures.com\/wp-content\/uploads\/2022\/08\/allgemeine_bedingungen_wandern_trekking_2023.pdf\" class=\"nicdark_display_inline_block  nd_options_font_weight_normal nd_options_first_font  \">Allgemeine bedingungen wandern trekking (pdf)<\/a>\n\t<\/div>\n[\/vc_column][\/vc_row][vc_row css=\u00a0\u00bb.vc_custom_1650717769048{margin-top: 60px !important;margin-bottom: 20px !important;}\u00a0\u00bb][vc_column el_class=\u00a0\u00bbnd_options_text_align_center\u00a0\u00bb][vc_custom_heading text=\u00a0\u00bbFun Sports\u00a0\u00bb font_container=\u00a0\u00bbtag:h4|font_size:20px|text_align:center\u00a0\u00bb google_fonts=\u00a0\u00bbfont_family:Fira%20Sans%3A300%2C300italic%2C400%2C400italic%2C500%2C500italic%2C700%2C700italic|font_style:300%20light%20italic%3A300%3Aitalic\u00a0\u00bb][\/vc_column][\/vc_row][vc_row css=\u00a0\u00bb.vc_custom_1492511016596{margin-top: 40px !important;margin-bottom: 20px !important;}\u00a0\u00bb][vc_column width=\u00a0\u00bb1\/3&Prime; el_class=\u00a0\u00bbnd_options_text_align_center\u00a0\u00bb]\n\t<div class=\"nd_options_section nd_options_text_align_center\">\n\t<a style=\"border: px solid #ffffff;border-radius:px;letter-spacing:2px;line-height:14pxpx;font-size:14pxpx;background-color:#3498db;padding:15px 35px;margin:5px;color:#ffffff\" rel=\"\" target=\"_blank\" href=\"https:\/\/www.gsab-aventures.com\/wp-content\/uploads\/2022\/06\/annexe_08_general_conditions_of_sale_canyoning.pdf\" class=\"nicdark_display_inline_block  nd_options_font_weight_normal nd_options_first_font  \">General conditions canyoning (pdf)<\/a>\n\t<\/div>\n[\/vc_column][vc_column width=\u00a0\u00bb1\/3&Prime; el_class=\u00a0\u00bbnd_options_text_align_center\u00a0\u00bb]\n\t<div class=\"nd_options_section nd_options_text_align_center\">\n\t<a style=\"border: px solid #ffffff;border-radius:px;letter-spacing:2px;line-height:14pxpx;font-size:14pxpx;background-color:#3498db;padding:15px 35px;margin:5px;color:#ffffff\" rel=\"\" target=\"_blank\" href=\"https:\/\/www.gsab-aventures.com\/wp-content\/uploads\/2022\/06\/annexe_08_conditions_generales_canyoning.pdf\" class=\"nicdark_display_inline_block  nd_options_font_weight_normal nd_options_first_font  \">Conditions g\u00e9n\u00e9rales de ventes canyoning (pdf)<\/a>\n\t<\/div>\n[\/vc_column][vc_column width=\u00a0\u00bb1\/3&Prime; el_class=\u00a0\u00bbnd_options_text_align_center\u00a0\u00bb]\n\t<div class=\"nd_options_section nd_options_text_align_center\">\n\t<a style=\"border: px solid #ffffff;border-radius:px;letter-spacing:2px;line-height:14pxpx;font-size:14pxpx;background-color:#3498db;padding:15px 35px;margin:5px;color:#ffffff\" rel=\"\" target=\"_blank\" href=\"https:\/\/www.gsab-aventures.com\/wp-content\/uploads\/2022\/06\/annexe_08_allgemeinde_verkaufbedingungen-_canyoning.pdf\" class=\"nicdark_display_inline_block  nd_options_font_weight_normal nd_options_first_font  \">Allgemeinde Verkaufbedingungen Canyoning (pdf)<\/a>\n\t<\/div>\n[\/vc_column][\/vc_row][vc_row css=\u00a0\u00bb.vc_custom_1650717777719{margin-top: 60px !important;margin-bottom: 20px !important;}\u00a0\u00bb][vc_column el_class=\u00a0\u00bbnd_options_text_align_center\u00a0\u00bb][vc_custom_heading text=\u00a0\u00bbAdaptative Sports \/ Sports adapt\u00e9s \/ Angepasster Sport\u00a0\u00bb font_container=\u00a0\u00bbtag:h4|font_size:20px|text_align:center\u00a0\u00bb google_fonts=\u00a0\u00bbfont_family:Fira%20Sans%3A300%2C300italic%2C400%2C400italic%2C500%2C500italic%2C700%2C700italic|font_style:300%20light%20italic%3A300%3Aitalic\u00a0\u00bb][\/vc_column][\/vc_row][vc_row css=\u00a0\u00bb.vc_custom_1492511016596{margin-top: 40px !important;margin-bottom: 20px !important;}\u00a0\u00bb][vc_column width=\u00a0\u00bb1\/3&Prime; el_class=\u00a0\u00bbnd_options_text_align_center\u00a0\u00bb]\n\t<div class=\"nd_options_section nd_options_text_align_center\">\n\t<a style=\"border: px solid #ffffff;border-radius:px;letter-spacing:2px;line-height:14pxpx;font-size:14pxpx;background-color:#3498db;padding:15px 35px;margin:5px;color:#ffffff\" rel=\"\" target=\"_blank\" href=\"https:\/\/1drv.ms\/b\/s!AuS-Caoh7N1ahog5U_XB-zZ0Fh6xfA?e=V7Q35e\" class=\"nicdark_display_inline_block  nd_options_font_weight_normal nd_options_first_font  \">xxx (pdf)<\/a>\n\t<\/div>\n[\/vc_column][vc_column width=\u00a0\u00bb1\/3&Prime; el_class=\u00a0\u00bbnd_options_text_align_center\u00a0\u00bb]\n\t<div class=\"nd_options_section nd_options_text_align_center\">\n\t<a style=\"border: px solid #ffffff;border-radius:px;letter-spacing:2px;line-height:14pxpx;font-size:14pxpx;background-color:#3498db;padding:15px 35px;margin:5px;color:#ffffff\" rel=\"\" target=\"_blank\" href=\"https:\/\/1drv.ms\/b\/s!AuS-Caoh7N1ahog5U_XB-zZ0Fh6xfA?e=V7Q35e\" class=\"nicdark_display_inline_block  nd_options_font_weight_normal nd_options_first_font  \">xxx (pdf)<\/a>\n\t<\/div>\n[\/vc_column][vc_column width=\u00a0\u00bb1\/3&Prime; el_class=\u00a0\u00bbnd_options_text_align_center\u00a0\u00bb]\n\t<div class=\"nd_options_section nd_options_text_align_center\">\n\t<a style=\"border: px solid #ffffff;border-radius:px;letter-spacing:2px;line-height:14pxpx;font-size:14pxpx;background-color:#3498db;padding:15px 35px;margin:5px;color:#ffffff\" rel=\"\" target=\"_blank\" href=\"https:\/\/1drv.ms\/b\/s!AuS-Caoh7N1ahog5U_XB-zZ0Fh6xfA?e=V7Q35e\" class=\"nicdark_display_inline_block  nd_options_font_weight_normal nd_options_first_font  \">xxx (pdf)<\/a>\n\t<\/div>\n[\/vc_column][\/vc_row]<\/p>\n","protected":false},"excerpt":{"rendered":"<p>[vc_row css=\u00a0\u00bb.vc_custom_1650717750613{margin-top: 75px !important;margin-bottom: 20px !important;}\u00a0\u00bb][vc_column el_class=\u00a0\u00bbnd_options_text_align_center\u00a0\u00bb][vc_custom_heading text=\u00a0\u00bbActivities \/ Activit\u00e9s \/ Aktivit\u00e4ten\u00a0\u00bb font_container=\u00a0\u00bbtag:h2|font_size:30px|text_align:center\u00a0\u00bb google_fonts=\u00a0\u00bbfont_family:Fira%20Sans%3A300%2C300italic%2C400%2C400italic%2C500%2C500italic%2C700%2C700italic|font_style:500%20bold%20regular%3A500%3Anormal\u00a0\u00bb][\/vc_column][\/vc_row][vc_row css=\u00a0\u00bb.vc_custom_1492511016596{margin-top: 40px !important;margin-bottom: 20px !important;}\u00a0\u00bb][vc_column el_class=\u00a0\u00bbnd_options_text_align_center\u00a0\u00bb][vc_custom_heading text=\u00a0\u00bbVertical Adventures \/ Aventures verticales \/ Verticale Abenteueur\u00a0\u00bb font_container=\u00a0\u00bbtag:h4|font_size:20px|text_align:center\u00a0\u00bb google_fonts=\u00a0\u00bbfont_family:Fira%20Sans%3A300%2C300italic%2C400%2C400italic%2C500%2C500italic%2C700%2C700italic|font_style:300%20light%20italic%3A300%3Aitalic\u00a0\u00bb][\/vc_column][\/vc_row][vc_row css=\u00a0\u00bb.vc_custom_1492511016596{margin-top: 40px !important;margin-bottom: 20px !important;}\u00a0\u00bb][vc_column width=\u00a0\u00bb1\/3&Prime; el_class=\u00a0\u00bbnd_options_text_align_center\u00a0\u00bb][\/vc_column][vc_column width=\u00a0\u00bb1\/3&Prime; el_class=\u00a0\u00bbnd_options_text_align_center\u00a0\u00bb][\/vc_column][vc_column width=\u00a0\u00bb1\/3&Prime; el_class=\u00a0\u00bbnd_options_text_align_center\u00a0\u00bb][\/vc_column][\/vc_row][vc_row css=\u00a0\u00bb.vc_custom_1650717761109{margin-top: 60px !important;margin-bottom: 20px !important;}\u00a0\u00bb][vc_column el_class=\u00a0\u00bbnd_options_text_align_center\u00a0\u00bb][vc_custom_heading text=\u00a0\u00bbHiking &amp; Trekking \/ Randonn\u00e9e &amp; Trekking \/ [&hellip;]<\/p>\n","protected":false},"author":1,"featured_media":0,"parent":0,"menu_order":0,"comment_status":"closed","ping_status":"closed","template":"","meta":{"_exactmetrics_skip_tracking":false,"_exactmetrics_sitenote_active":false,"_exactmetrics_sitenote_note":"","_exactmetrics_sitenote_category":0,"_price":"","_stock":"","_tribe_ticket_header":"","_tribe_default_ticket_provider":"Tribe__Tickets_Plus__Commerce__WooCommerce__Main","_tribe_ticket_capacity":"0","_ticket_start_date":"","_ticket_end_date":"","_tribe_ticket_show_description":"","_tribe_ticket_show_not_going":false,"_tribe_ticket_use_global_stock":"","_tribe_ticket_global_stock_level":"","_global_stock_mode":"","_global_stock_cap":"","_tribe_rsvp_for_event":"","_tribe_ticket_going_count":"","_tribe_ticket_not_going_count":"","_tribe_tickets_list":"[]","_tribe_ticket_has_attendee_info_fields":false,"footnotes":""},"class_list":["post-11361","page","type-page","status-publish","hentry"],"_links":{"self":[{"href":"https:\/\/www.gsab-aventures.com\/fr\/wp-json\/wp\/v2\/pages\/11361","targetHints":{"allow":["GET"]}}],"collection":[{"href":"https:\/\/www.gsab-aventures.com\/fr\/wp-json\/wp\/v2\/pages"}],"about":[{"href":"https:\/\/www.gsab-aventures.com\/fr\/wp-json\/wp\/v2\/types\/page"}],"author":[{"embeddable":true,"href":"https:\/\/www.gsab-aventures.com\/fr\/wp-json\/wp\/v2\/users\/1"}],"replies":[{"embeddable":true,"href":"https:\/\/www.gsab-aventures.com\/fr\/wp-json\/wp\/v2\/comments?post=11361"}],"version-history":[{"count":6,"href":"https:\/\/www.gsab-aventures.com\/fr\/wp-json\/wp\/v2\/pages\/11361\/revisions"}],"predecessor-version":[{"id":11933,"href":"https:\/\/www.gsab-aventures.com\/fr\/wp-json\/wp\/v2\/pages\/11361\/revisions\/11933"}],"wp:attachment":[{"href":"https:\/\/www.gsab-aventures.com\/fr\/wp-json\/wp\/v2\/media?parent=11361"}],"curies":[{"name":"wp","href":"https:\/\/api.w.org\/{rel}","templated":true}]}}