{"id":6243,"date":"2020-05-14T00:48:59","date_gmt":"2020-05-13T22:48:59","guid":{"rendered":"https:\/\/www.gsab-aventures.com\/adaptative-sports\/"},"modified":"2020-06-07T19:55:48","modified_gmt":"2020-06-07T17:55:48","slug":"sports-adaptes","status":"publish","type":"page","link":"https:\/\/www.gsab-aventures.com\/fr\/sports-adaptes\/","title":{"rendered":"Sports adaptes"},"content":{"rendered":"<p>[vc_row full_width=\u00a0\u00bbstretch_row\u00a0\u00bb parallax=\u00a0\u00bbcontent-moving\u00a0\u00bb parallax_image=\u00a0\u00bb1812&Prime; css=\u00a0\u00bb.vc_custom_1589410320831{margin-top: 0px !important;padding-top: 120px !important;padding-bottom: 220px !important;}\u00a0\u00bb el_class=\u00a0\u00bbnd_options_vc_parallax_filter_1_3&Prime;][vc_column width=\u00a0\u00bb1\/6&Prime;][\/vc_column][vc_column width=\u00a0\u00bb2\/3&Prime; el_class=\u00a0\u00bbnd_options_text_align_center\u00a0\u00bb] <h1 style=\"color:#ffffff;padding:px;text-align:center;font-size:50px;line-height:50px;letter-spacing: px;font-weight:normal\" class=\"  nd_options_font_size_40_important_all_iphone nd_options_first_font \">Sports adaptatifs<\/h1> <div style=\"background-color:;height: 30px\" class=\"nicdark_section  \"><\/div> <p style=\"color:#ffffff;padding:px;text-align:center;font-size:13px;line-height:25px;letter-spacing: 3px;font-weight:lighter\" class=\"   nd_options_second_font \">Faites tomber les barri\u00e8res avec GSAB Aventures!<\/p> <div style=\"background-color:;height: 30px\" class=\"nicdark_section  \"><\/div>\n\t<div class=\"nd_options_section nd_options_text_align_center\">\n\t<a style=\"border: px solid;border-radius:0px;letter-spacing:2px;line-height:11px;font-size:11px;background-color:#3498db;padding:15px 35px;margin:;color:#ffffff\" rel=\"\" href=\"https:\/\/www.gsab-aventures.com\/fr\/contact\/\" class=\"nicdark_display_inline_block  nd_options_font_weight_bold nd_options_second_font  \">POUR PLUS D'INFORMATIONS, VEUILLEZ NOUS CONTACTER<\/a>\n\t<\/div>\n[\/vc_column][vc_column width=\u00a0\u00bb1\/6&Prime;][\/vc_column][\/vc_row][vc_row css=\u00a0\u00bb.vc_custom_1484665532676{margin-top: -110px !important;}\u00a0\u00bb][vc_column width=\u00a0\u00bb1\/4&Prime; css=\u00a0\u00bb.vc_custom_1484665538182{margin-top: 10px !important;margin-bottom: 10px !important;padding-top: 0px !important;}\u00a0\u00bb]\n\n\n  <!--START team-->\n  <div class=\"nd_options_section nd_options_team_testimonials\">\n                                        \n    <!--image-->\n    <div class=\"nd_options_section\">\n        \n        <img decoding=\"async\" alt=\"\" class=\"nd_options_section\" src=\"https:\/\/www.gsab-aventures.com\/wp-content\/uploads\/ACTIVITES\/Sports-Adapt\u00e9s\/Ski-Assis\/adapt1.png\">\n\n    <\/div>\n    <!--image-->\n\n\n    <div class=\"nd_options_section nd_options_padding_20 nd_options_box_sizing_border_box\">\n    \n        <h2 class=\"nd_options_margin_0_important\"><strong>Tandemski<\/strong><\/h2>\n        <div class=\"nd_options_section nd_options_height_10\"><\/div> \n        <h6 class=\"nd_options_text_transform_uppercase nd_options_margin_0_important\">GSAB AVENTURES<\/h6>\n        <div class=\"nd_options_section nd_options_height_20\"><\/div> \n        <p class=\"nd_options_margin_0_important\">Le TANDEMSKI est, en principe, r\u00e9serv\u00e9 aux personnes les plus lourdes ou souffrant d'un handicap plus s\u00e9v\u00e8re mais il reste, malgr\u00e9 tout, accessible \u00e0 tous.<br \/>\nCon\u00e7u par Pierre Tessier, le Tandemski peut \u00eatre utilis\u00e9 sur les t\u00e9l\u00e9si\u00e8ges et les arbal\u00e8tes.<br \/>\nCet appareil n\u00e9cessite une formation de six jours minimum pour apprendre les subtilit\u00e9s du pilotage.<\/p>\n        <div class=\"nd_options_section nd_options_height_20\"><\/div> \n        <a rel=\"\" target=\"_self\" style=\"background-color:#3498db\" class=\"nd_options_margin_0_important nd_options_display_inline_block nd_options_color_white nd_options_first_font nd_options_padding_8 nd_options_border_radius_3 nd_options_font_size_13\" href=\"https:\/\/www.gsab-aventures.com\/fr\/contact\/\">Contactez-nous<\/a>\n\n    <\/div>\n\n  <\/div>\n  <!--END team-->\n\n\n   [\/vc_column][vc_column width=\u00a0\u00bb1\/4&Prime; css=\u00a0\u00bb.vc_custom_1484665542433{margin-top: 10px !important;margin-bottom: 10px !important;padding-top: 0px !important;}\u00a0\u00bb]\n\n\n  <!--START team-->\n  <div class=\"nd_options_section nd_options_team_testimonials\">\n                                        \n    <!--image-->\n    <div class=\"nd_options_section\">\n        \n        <img decoding=\"async\" alt=\"\" class=\"nd_options_section\" src=\"https:\/\/www.gsab-aventures.com\/wp-content\/uploads\/ACTIVITES\/Sports-Adapt\u00e9s\/Ski-Assis\/adapt2.png\">\n\n    <\/div>\n    <!--image-->\n\n\n    <div class=\"nd_options_section nd_options_padding_20 nd_options_box_sizing_border_box\">\n    \n        <h2 class=\"nd_options_margin_0_important\"><strong>Dualski<\/strong><\/h2>\n        <div class=\"nd_options_section nd_options_height_10\"><\/div> \n        <h6 class=\"nd_options_text_transform_uppercase nd_options_margin_0_important\">GSAB AVENTURES<\/h6>\n        <div class=\"nd_options_section nd_options_height_20\"><\/div> \n        <p class=\"nd_options_margin_0_important\">Le DUALSKI, \u00e9galement commercialis\u00e9 par Pierre Tessier, existe en version autonome ou en version pilot\u00e9e. Dans tous les cas, les sensations ressenties sont tr\u00e8s fortes et agr\u00e9ables.<br \/>\nLe Dualski offre plusieurs possibilit\u00e9s de pratique jusqu'\u00e0 une pratique autonome.<br \/>\nL\u00e0 aussi, il est possible de prendre les t\u00e9l\u00e9si\u00e8ges et les arbal\u00e8tes.<br \/>\nLa formation des pilotes dure au moins trois jours.<\/p>\n        <div class=\"nd_options_section nd_options_height_20\"><\/div> \n        <a rel=\"\" target=\"_self\" style=\"background-color:#3498db\" class=\"nd_options_margin_0_important nd_options_display_inline_block nd_options_color_white nd_options_first_font nd_options_padding_8 nd_options_border_radius_3 nd_options_font_size_13\" href=\"https:\/\/www.gsab-aventures.com\/fr\/contact\/\">Contactez-nous<\/a>\n\n    <\/div>\n\n  <\/div>\n  <!--END team-->\n\n\n   [\/vc_column][vc_column width=\u00a0\u00bb1\/4&Prime; css=\u00a0\u00bb.vc_custom_1484665546136{margin-top: 10px !important;margin-bottom: 10px !important;padding-top: 0px !important;}\u00a0\u00bb]\n\n\n  <!--START team-->\n  <div class=\"nd_options_section nd_options_team_testimonials\">\n                                        \n    <!--image-->\n    <div class=\"nd_options_section\">\n        \n        <img decoding=\"async\" alt=\"\" class=\"nd_options_section\" src=\"https:\/\/www.gsab-aventures.com\/wp-content\/uploads\/ACTIVITES\/Sports-Adapt\u00e9s\/GoToSki\/adapt3.png\">\n\n    <\/div>\n    <!--image-->\n\n\n    <div class=\"nd_options_section nd_options_padding_20 nd_options_box_sizing_border_box\">\n    \n        <h2 class=\"nd_options_margin_0_important\"><strong>GoToSki<\/strong><\/h2>\n        <div class=\"nd_options_section nd_options_height_10\"><\/div> \n        <h6 class=\"nd_options_text_transform_uppercase nd_options_margin_0_important\">GSAB AVENTURES<\/h6>\n        <div class=\"nd_options_section nd_options_height_20\"><\/div> \n        <p class=\"nd_options_margin_0_important\">Encore peu connu en Suisse, le GOTOSKI, invent\u00e9 par Marc Gostoli, permet une approche diff\u00e9rente du ski adapt\u00e9. D\u00e8s que le b\u00e9n\u00e9ficiaire peut se mettre debout, cette activit\u00e9 est possible. Cette machine exceptionnelle va sans doute se d\u00e9velopper dans les ann\u00e9es \u00e0 venir en raison de sa facilit\u00e9 d'utilisation et du b\u00e9n\u00e9fice qu'elle apporte aux utilisateurs mobiles qui, jusqu'alors, devaient s'asseoir pour pratiquer la glisse.<\/p>\n        <div class=\"nd_options_section nd_options_height_20\"><\/div> \n        <a rel=\"\" target=\"_self\" style=\"background-color:#3498db\" class=\"nd_options_margin_0_important nd_options_display_inline_block nd_options_color_white nd_options_first_font nd_options_padding_8 nd_options_border_radius_3 nd_options_font_size_13\" href=\"https:\/\/www.gsab-aventures.com\/fr\/contact\/\">Contactez-nous<\/a>\n\n    <\/div>\n\n  <\/div>\n  <!--END team-->\n\n\n   [\/vc_column][vc_column width=\u00a0\u00bb1\/4&Prime; css=\u00a0\u00bb.vc_custom_1484665550332{margin-top: 10px !important;margin-bottom: 10px !important;padding-top: 0px !important;}\u00a0\u00bb]\n\n\n  <!--START team-->\n  <div class=\"nd_options_section nd_options_team_testimonials\">\n                                        \n    <!--image-->\n    <div class=\"nd_options_section\">\n        \n        <img decoding=\"async\" alt=\"\" class=\"nd_options_section\" src=\"https:\/\/www.gsab-aventures.com\/wp-content\/uploads\/ACTIVITES\/Sports-Adapt\u00e9s\/Quadrix\/adapt4.png\">\n\n    <\/div>\n    <!--image-->\n\n\n    <div class=\"nd_options_section nd_options_padding_20 nd_options_box_sizing_border_box\">\n    \n        <h2 class=\"nd_options_margin_0_important\"><strong>Quadrix<\/strong><\/h2>\n        <div class=\"nd_options_section nd_options_height_10\"><\/div> \n        <h6 class=\"nd_options_text_transform_uppercase nd_options_margin_0_important\">GSAB AVENTURES<\/h6>\n        <div class=\"nd_options_section nd_options_height_20\"><\/div> \n        <p class=\"nd_options_margin_0_important\">Pour que le handicap ne soit plus un obstacle \u00e0 la d\u00e9couverte de la nature, il est possible de faire des descentes randonn\u00e9es en QUADRIX \u00e9lectrique. Commercialis\u00e9s par Mont-Blanc Mobility, les Quadrix sont disponibles en plusieurs versions, \u00e9lectriques ou non. Il existe m\u00eame un mod\u00e8le contr\u00f4lable par joystick.<\/p>\n        <div class=\"nd_options_section nd_options_height_20\"><\/div> \n        <a rel=\"\" target=\"_self\" style=\"background-color:#3498db\" class=\"nd_options_margin_0_important nd_options_display_inline_block nd_options_color_white nd_options_first_font nd_options_padding_8 nd_options_border_radius_3 nd_options_font_size_13\" href=\"https:\/\/www.gsab-aventures.com\/fr\/contact\/\">Contactez-nous<\/a>\n\n    <\/div>\n\n  <\/div>\n  <!--END team-->\n\n\n   [\/vc_column][\/vc_row][vc_row css=\u00a0\u00bb.vc_custom_1589457012505{margin-top: 50px !important;}\u00a0\u00bb][vc_column width=\u00a0\u00bb1\/4&Prime; css=\u00a0\u00bb.vc_custom_1484665538182{margin-top: 10px !important;margin-bottom: 10px !important;padding-top: 0px !important;}\u00a0\u00bb]\n\n\n  <!--START team-->\n  <div class=\"nd_options_section nd_options_team_testimonials\">\n                                        \n    <!--image-->\n    <div class=\"nd_options_section\">\n        \n        <img decoding=\"async\" alt=\"\" class=\"nd_options_section\" src=\"https:\/\/www.gsab-aventures.com\/wp-content\/uploads\/ACTIVITES\/Sports-Adapt\u00e9s\/Swincar\/adapt5.png\">\n\n    <\/div>\n    <!--image-->\n\n\n    <div class=\"nd_options_section nd_options_padding_20 nd_options_box_sizing_border_box\">\n    \n        <h2 class=\"nd_options_margin_0_important\"><strong>Swincar<\/strong><\/h2>\n        <div class=\"nd_options_section nd_options_height_10\"><\/div> \n        <h6 class=\"nd_options_text_transform_uppercase nd_options_margin_0_important\">GSAB AVENTURES<\/h6>\n        <div class=\"nd_options_section nd_options_height_20\"><\/div> \n        <p class=\"nd_options_margin_0_important\">R\u00e9serv\u00e9 aux personnes les plus exp\u00e9riment\u00e9es, le SWINCAR offre des possibilit\u00e9s incroyables de randonn\u00e9es tout-terrain. Elle Il est \u00e9quip\u00e9 e d'un moteur \u00e9lectrique 4 X 4. Un syst\u00e8me astucieux favorise l'installation des personnes en fauteuil roulant.<\/p>\n        <div class=\"nd_options_section nd_options_height_20\"><\/div> \n        <a rel=\"\" target=\"_self\" style=\"background-color:#3498db\" class=\"nd_options_margin_0_important nd_options_display_inline_block nd_options_color_white nd_options_first_font nd_options_padding_8 nd_options_border_radius_3 nd_options_font_size_13\" href=\"https:\/\/www.gsab-aventures.com\/fr\/contact\/\">Contactez-nous<\/a>\n\n    <\/div>\n\n  <\/div>\n  <!--END team-->\n\n\n   [\/vc_column][vc_column width=\u00a0\u00bb1\/4&Prime; css=\u00a0\u00bb.vc_custom_1484665542433{margin-top: 10px !important;margin-bottom: 10px !important;padding-top: 0px !important;}\u00a0\u00bb]\n\n\n  <!--START team-->\n  <div class=\"nd_options_section nd_options_team_testimonials\">\n                                        \n    <!--image-->\n    <div class=\"nd_options_section\">\n        \n        <img decoding=\"async\" alt=\"\" class=\"nd_options_section\" src=\"https:\/\/www.gsab-aventures.com\/wp-content\/uploads\/ACTIVITES\/Sports-Adapt\u00e9s\/Cimgo\/adapt6.png\">\n\n    <\/div>\n    <!--image-->\n\n\n    <div class=\"nd_options_section nd_options_padding_20 nd_options_box_sizing_border_box\">\n    \n        <h2 class=\"nd_options_margin_0_important\"><strong>Cimgo<\/strong><\/h2>\n        <div class=\"nd_options_section nd_options_height_10\"><\/div> \n        <h6 class=\"nd_options_text_transform_uppercase nd_options_margin_0_important\">GSAB AVENTURES<\/h6>\n        <div class=\"nd_options_section nd_options_height_20\"><\/div> \n        <p class=\"nd_options_margin_0_important\">Le CIMGO vous permet d'explorer la nature avec l'aide d'un pilote sp\u00e9cialement form\u00e9. Il n'est pas motoris\u00e9 et ne fonctionne donc qu'en descente. On peut pratiquer cette activit\u00e9 dans de nombreuses stations francophones.<\/p>\n        <div class=\"nd_options_section nd_options_height_20\"><\/div> \n        <a rel=\"\" target=\"_self\" style=\"background-color:#3498db\" class=\"nd_options_margin_0_important nd_options_display_inline_block nd_options_color_white nd_options_first_font nd_options_padding_8 nd_options_border_radius_3 nd_options_font_size_13\" href=\"https:\/\/www.gsab-aventures.com\/fr\/contact\/\">Contactez-nous<\/a>\n\n    <\/div>\n\n  <\/div>\n  <!--END team-->\n\n\n   [\/vc_column][vc_column width=\u00a0\u00bb1\/4&Prime; css=\u00a0\u00bb.vc_custom_1484665546136{margin-top: 10px !important;margin-bottom: 10px !important;padding-top: 0px !important;}\u00a0\u00bb]\n\n\n  <!--START team-->\n  <div class=\"nd_options_section nd_options_team_testimonials\">\n                                        \n    <!--image-->\n    <div class=\"nd_options_section\">\n        \n        <img decoding=\"async\" alt=\"\" class=\"nd_options_section\" src=\"https:\/\/www.gsab-aventures.com\/wp-content\/uploads\/ACTIVITES\/Sports-Adapt\u00e9s\/Jo\u00eblette\/adapt7.png\">\n\n    <\/div>\n    <!--image-->\n\n\n    <div class=\"nd_options_section nd_options_padding_20 nd_options_box_sizing_border_box\">\n    \n        <h2 class=\"nd_options_margin_0_important\"><strong>Joelettes<\/strong><\/h2>\n        <div class=\"nd_options_section nd_options_height_10\"><\/div> \n        <h6 class=\"nd_options_text_transform_uppercase nd_options_margin_0_important\">GSAB AVENTURES<\/h6>\n        <div class=\"nd_options_section nd_options_height_20\"><\/div> \n        <p class=\"nd_options_margin_0_important\">La JO\u00cbLETTE est une sorte de chaise \u00e0 porteurs permettant, \u00e0 l'aide de pousseurs \/ tireurs, d'explorer les sentiers de randonn\u00e9e. Nos Jo\u00eblettes sont \u00e9quip\u00e9es d'une assistance \u00e9lectrique facilitant grandement la progression en terrain escarp\u00e9.<br \/>\nCes randonn\u00e9es sont id\u00e9ales pour les entreprises qui d\u00e9sirent promouvoir leur image de marque en offrant aux personnes en situation de handicap une randonn\u00e9e inoubliable lors d'une journ\u00e9e d'entreprise ou d'une sortie de team building.<\/p>\n        <div class=\"nd_options_section nd_options_height_20\"><\/div> \n        <a rel=\"\" target=\"_self\" style=\"background-color:#3498db\" class=\"nd_options_margin_0_important nd_options_display_inline_block nd_options_color_white nd_options_first_font nd_options_padding_8 nd_options_border_radius_3 nd_options_font_size_13\" href=\"https:\/\/www.gsab-aventures.com\/fr\/contact\/\">Contactez-nous<\/a>\n\n    <\/div>\n\n  <\/div>\n  <!--END team-->\n\n\n   [\/vc_column][vc_column width=\u00a0\u00bb1\/4&Prime; css=\u00a0\u00bb.vc_custom_1484665550332{margin-top: 10px !important;margin-bottom: 10px !important;padding-top: 0px !important;}\u00a0\u00bb][\/vc_column][\/vc_row][vc_row css=\u00a0\u00bb.vc_custom_1589458239236{margin-top: 20px !important;padding-top: 40px !important;}\u00a0\u00bb][vc_column] <h1 style=\"color:;padding:px;text-align:center;font-size:40px;line-height:px;letter-spacing: px;font-weight:normal\" class=\"  nd_options_font_size_40_important_all_iphone nd_options_first_font \">ENVOYEZ-NOUS UN MESSAGE<\/h1> <div style=\"background-color:;height: 5px\" class=\"nicdark_section  \"><\/div> <p style=\"color:;padding:px;text-align:center;font-size:14px;line-height:20px;letter-spacing: 2px;font-weight:normal\" class=\"   nd_options_second_font \">www.gsab-aventures.com<\/p> <div style=\"background-color:;height: 20px\" class=\"nicdark_section  \"><\/div>[\/vc_column][\/vc_row][vc_row full_width=\u00a0\u00bbstretch_row\u00a0\u00bb parallax=\u00a0\u00bbcontent-moving\u00a0\u00bb parallax_image=\u00a0\u00bb1658&Prime; css=\u00a0\u00bb.vc_custom_1589458086919{margin-top: 10px !important;padding-top: 100px !important;padding-bottom: 100px !important;}\u00a0\u00bb el_class=\u00a0\u00bbnd_options_vc_parallax_filter_1_4&Prime;][vc_column width=\u00a0\u00bb1\/6&Prime;][\/vc_column][vc_column width=\u00a0\u00bb2\/3&Prime;]\n\n    <!--start form-->\n    <div id=\"nd_options_shortcode_cf7_1064\" class=\"nd_options_section \">\n      \n      <div class=\"nd_options_section nd_options_box_sizing_border_box\">\n        \n<div class=\"wpcf7 no-js\" id=\"wpcf7-f1064-o1\" lang=\"en-US\" dir=\"ltr\">\n<div class=\"screen-reader-response\"><p role=\"status\" aria-live=\"polite\" aria-atomic=\"true\"><\/p> <ul><\/ul><\/div>\n<form action=\"\/fr\/wp-json\/wp\/v2\/pages\/6243#wpcf7-f1064-o1\" method=\"post\" class=\"wpcf7-form init\" aria-label=\"Contact form\" novalidate=\"novalidate\" data-status=\"init\">\n<input type=\"hidden\" name=\"_wpcf7\" value=\"1064\" \/><input type=\"hidden\" name=\"_wpcf7_version\" value=\"6.1.3\" \/><input type=\"hidden\" name=\"_wpcf7_locale\" value=\"en_US\" \/><input type=\"hidden\" name=\"_wpcf7_unit_tag\" value=\"wpcf7-f1064-o1\" \/><input type=\"hidden\" name=\"_wpcf7_container_post\" value=\"0\" \/><input type=\"hidden\" name=\"_wpcf7_posted_data_hash\" value=\"\" \/><input type=\"hidden\" name=\"_wpcf7_recaptcha_response\" value=\"\" \/>\n\n<div class=\"nd_options_float_left nd_options_box_sizing_border_box nd_options_width_100_percentage_all_iphone_important nd_options_padding_0_right_important_all_iphone nd_options_padding_0_left_important_all_iphone \" style=\"padding: 0px 10px 15px 0px;width:100%\"><span class=\"wpcf7-form-control-wrap\" data-name=\"name-form\"><\/span><\/div><div class=\"nd_options_float_left nd_options_box_sizing_border_box nd_options_width_100_percentage_all_iphone_important nd_options_padding_0_right_important_all_iphone nd_options_padding_0_left_important_all_iphone \" style=\"padding: 0px 10px 15px 0px;width:100%\"><span class=\"wpcf7-form-control-wrap\" data-name=\"email\"><\/span><\/div><div class=\"nd_options_float_left nd_options_box_sizing_border_box nd_options_width_100_percentage_all_iphone_important nd_options_padding_0_right_important_all_iphone nd_options_padding_0_left_important_all_iphone \" style=\"padding: 0px 10px 15px 0px;width:100%\"><span class=\"wpcf7-form-control-wrap\" data-name=\"message\"><textarea cols=\"40\" rows=\"5\" class=\"wpcf7-form-control wpcf7-textarea nd_booking_bg_greydark_2_important nd_booking_border_width_0_important nd_options_padding_10_20_important nd_options_margin_top_10 nd_options_font_weight_lighter\" name=\"message\"><\/textarea><\/span><\/div><div class=\"nd_options_float_left nd_options_box_sizing_border_box nd_options_width_100_percentage_all_iphone_important nd_options_padding_0_right_important_all_iphone nd_options_padding_0_left_important_all_iphone \" style=\"padding: 0px 0px 0px 0px;width:100%\"><\/div><p style=\"display: none !important\" class=\"akismet-fields-container\"><label>&#916;<textarea name=\"_wpcf7_ak_hp_textarea\" cols=\"45\" rows=\"8\"><\/textarea><\/label><input type=\"hidden\" id=\"ak_js_1\" name=\"_wpcf7_ak_js\" value=\"243\" \/>document.getElementById( \"ak_js_1\" ).setAttribute( \"value\", ( new Date() ).getTime() );<\/p><input type='hidden' class='wpcf7-pum' value='{\"closepopup\":false,\"closedelay\":0,\"openpopup\":false,\"openpopup_id\":0}' \/><div class=\"wpcf7-response-output\" aria-hidden=\"true\"><\/div>\n<\/form>\n<\/div>\n \n      <\/div>  \n\n    <\/div>\n    <!--end form-->\n\n   [\/vc_column][vc_column width=\u00a0\u00bb1\/6&Prime;][\/vc_column][\/vc_row][vc_row css=\u00a0\u00bb.vc_custom_1589458239236{margin-top: 20px !important;padding-top: 40px !important;}\u00a0\u00bb][vc_column] <h1 style=\"color:;padding:px;text-align:center;font-size:30px;line-height:px;letter-spacing: px;font-weight:normal\" class=\"  nd_options_font_size_40_important_all_iphone nd_options_first_font \">NOUS COLLABORONS AVEC<\/h1> <div style=\"background-color:;height: 5px\" class=\"nicdark_section  \"><\/div>[vc_wp_text]<a href=\"https:\/\/www.differences-solidaires.ch\/\"><img loading=\"lazy\" decoding=\"async\" class=\"aligncenter size-medium wp-image-3003\" src=\"https:\/\/www.gsab-aventures.com\/wp-content\/uploads\/LOGO\/differences-solidaire-logo-2-300x156.png\" alt=\"\" width=\"300\" height=\"156\" srcset=\"https:\/\/www.gsab-aventures.com\/wp-content\/uploads\/LOGO\/differences-solidaire-logo-2-300x156.png 300w, https:\/\/www.gsab-aventures.com\/wp-content\/uploads\/LOGO\/differences-solidaire-logo-2-768x400.png 768w, https:\/\/www.gsab-aventures.com\/wp-content\/uploads\/LOGO\/differences-solidaire-logo-2-600x313.png 600w, https:\/\/www.gsab-aventures.com\/wp-content\/uploads\/LOGO\/differences-solidaire-logo-2.png 800w\" sizes=\"auto, (max-width: 300px) 100vw, 300px\" \/><\/a>[\/vc_wp_text]<div style=\"background-color:;height: 60px\" class=\"nicdark_section  \"><\/div>[\/vc_column][\/vc_row]<\/p>\n","protected":false},"excerpt":{"rendered":"<p>[vc_row full_width=\u00a0\u00bbstretch_row\u00a0\u00bb parallax=\u00a0\u00bbcontent-moving\u00a0\u00bb parallax_image=\u00a0\u00bb1812&Prime; css=\u00a0\u00bb.vc_custom_1589410320831{margin-top: 0px !important;padding-top: 120px !important;padding-bottom: 220px !important;}\u00a0\u00bb el_class=\u00a0\u00bbnd_options_vc_parallax_filter_1_3&Prime;][vc_column width=\u00a0\u00bb1\/6&Prime;][\/vc_column][vc_column width=\u00a0\u00bb2\/3&Prime; el_class=\u00a0\u00bbnd_options_text_align_center\u00a0\u00bb][\/vc_column][vc_column width=\u00a0\u00bb1\/6&Prime;][\/vc_column][\/vc_row][vc_row css=\u00a0\u00bb.vc_custom_1484665532676{margin-top: -110px !important;}\u00a0\u00bb][vc_column width=\u00a0\u00bb1\/4&Prime; css=\u00a0\u00bb.vc_custom_1484665538182{margin-top: 10px !important;margin-bottom: 10px !important;padding-top: 0px !important;}\u00a0\u00bb][\/vc_column][vc_column width=\u00a0\u00bb1\/4&Prime; css=\u00a0\u00bb.vc_custom_1484665542433{margin-top: 10px !important;margin-bottom: 10px !important;padding-top: 0px !important;}\u00a0\u00bb][\/vc_column][vc_column width=\u00a0\u00bb1\/4&Prime; css=\u00a0\u00bb.vc_custom_1484665546136{margin-top: 10px !important;margin-bottom: 10px !important;padding-top: 0px !important;}\u00a0\u00bb][\/vc_column][vc_column width=\u00a0\u00bb1\/4&Prime; css=\u00a0\u00bb.vc_custom_1484665550332{margin-top: 10px !important;margin-bottom: 10px !important;padding-top: 0px !important;}\u00a0\u00bb][\/vc_column][\/vc_row][vc_row css=\u00a0\u00bb.vc_custom_1589457012505{margin-top: 50px !important;}\u00a0\u00bb][vc_column width=\u00a0\u00bb1\/4&Prime; [&hellip;]<\/p>\n","protected":false},"author":1,"featured_media":0,"parent":0,"menu_order":0,"comment_status":"closed","ping_status":"closed","template":"","meta":{"_exactmetrics_skip_tracking":false,"_exactmetrics_sitenote_active":false,"_exactmetrics_sitenote_note":"","_exactmetrics_sitenote_category":0,"_price":"","_stock":"","_tribe_ticket_header":"","_tribe_default_ticket_provider":"Tribe__Tickets_Plus__Commerce__WooCommerce__Main","_tribe_ticket_capacity":"0","_ticket_start_date":"","_ticket_end_date":"","_tribe_ticket_show_description":"","_tribe_ticket_show_not_going":false,"_tribe_ticket_use_global_stock":"","_tribe_ticket_global_stock_level":"","_global_stock_mode":"","_global_stock_cap":"","_tribe_rsvp_for_event":"","_tribe_ticket_going_count":"","_tribe_ticket_not_going_count":"","_tribe_tickets_list":"[]","_tribe_ticket_has_attendee_info_fields":false,"footnotes":""},"class_list":["post-6243","page","type-page","status-publish","hentry"],"_links":{"self":[{"href":"https:\/\/www.gsab-aventures.com\/fr\/wp-json\/wp\/v2\/pages\/6243","targetHints":{"allow":["GET"]}}],"collection":[{"href":"https:\/\/www.gsab-aventures.com\/fr\/wp-json\/wp\/v2\/pages"}],"about":[{"href":"https:\/\/www.gsab-aventures.com\/fr\/wp-json\/wp\/v2\/types\/page"}],"author":[{"embeddable":true,"href":"https:\/\/www.gsab-aventures.com\/fr\/wp-json\/wp\/v2\/users\/1"}],"replies":[{"embeddable":true,"href":"https:\/\/www.gsab-aventures.com\/fr\/wp-json\/wp\/v2\/comments?post=6243"}],"version-history":[{"count":6,"href":"https:\/\/www.gsab-aventures.com\/fr\/wp-json\/wp\/v2\/pages\/6243\/revisions"}],"predecessor-version":[{"id":6651,"href":"https:\/\/www.gsab-aventures.com\/fr\/wp-json\/wp\/v2\/pages\/6243\/revisions\/6651"}],"wp:attachment":[{"href":"https:\/\/www.gsab-aventures.com\/fr\/wp-json\/wp\/v2\/media?parent=6243"}],"curies":[{"name":"wp","href":"https:\/\/api.w.org\/{rel}","templated":true}]}}