{"id":6250,"date":"2020-05-13T23:14:47","date_gmt":"2020-05-13T21:14:47","guid":{"rendered":"https:\/\/www.gsab-aventures.com\/hiking-trekking\/"},"modified":"2022-04-09T23:20:45","modified_gmt":"2022-04-09T21:20:45","slug":"randonnee-trekking","status":"publish","type":"page","link":"https:\/\/www.gsab-aventures.com\/fr\/randonnee-trekking\/","title":{"rendered":"Rando \/ Trekking"},"content":{"rendered":"<p>[vc_row][vc_column width=\u00a0\u00bb6\/12&Prime; css=\u00a0\u00bb.vc_custom_1467360650255{margin-top: 10px !important;margin-bottom: 10px !important;padding-top: 0px !important;padding-right: 40px !important;}\u00a0\u00bb]<div style=\"background-color:;height: 10px\" class=\"nicdark_section  \"><\/div> <h1 style=\"color:;padding:px;text-align:right;font-size:40px;line-height:50px;letter-spacing: px;font-weight:bold\" class=\"  nd_options_text_align_center_responsive_important nd_options_first_font \">Planifiez votre prochain voyage de randonn\u00e9e ou de trekking avec GSAB Aventures<\/h1> [\/vc_column][vc_column width=\u00a0\u00bb3\/12&Prime; css=\u00a0\u00bb.vc_custom_1467207292391{margin-top: 10px !important;margin-bottom: 10px !important;padding-top: 0px !important;}\u00a0\u00bb]<div style=\"background-color:;height: 20px\" class=\"nicdark_section  \"><\/div>[vc_column_text el_class=\u00a0\u00bbnd_options_text_align_center_responsive\u00a0\u00bb]La<strong> randonn\u00e9e<\/strong> est une activit\u00e9 de plein air qui consiste \u00e0 se promener dans des environnements naturels magnifiques sur des chemins pr\u00e9\u00e9tablis appel\u00e9s sentiers de randonn\u00e9e. Il existe des randonn\u00e9es de jour et des randonn\u00e9es de nuit.[\/vc_column_text][\/vc_column][vc_column width=\u00a0\u00bb3\/12&Prime; css=\u00a0\u00bb.vc_custom_1467207298589{margin-top: 10px !important;margin-bottom: 10px !important;padding-top: 0px !important;}\u00a0\u00bb]<div style=\"background-color:;height: 20px\" class=\"nicdark_section  \"><\/div>[vc_column_text el_class=\u00a0\u00bbnd_options_text_align_center_responsive\u00a0\u00bb]Le <strong>trekking<\/strong> est un long voyage \u00e0 faire \u00e0 pied dans des r\u00e9gions o\u00f9 il n&rsquo;y a g\u00e9n\u00e9ralement aucun moyen de transport disponible. Le trekking n&rsquo;est pas n\u00e9cessairement de l&rsquo;alpinisme.[\/vc_column_text][\/vc_column][\/vc_row][vc_row css=\u00a0\u00bb.vc_custom_1492510780167{margin-top: 30px !important;}\u00a0\u00bb][vc_column width=\u00a0\u00bb1\/3&Prime;]<div style=\"background-color:;height: 10px\" class=\"nicdark_section  \"><\/div>\n\n  <!--START team-->\n  <div class=\"nd_options_section nd_options_border_1_solid_grey  nd_options_text_align_center  \">\n\n      <div style=\"background-color:#000000\" class=\"nd_options_section nd_options_padding_20 nd_options_box_sizing_border_box\">\n          <h4 class=\"nd_options_color_white\">TREKKING DANS DES LIEUX \u00c9LOIGN\u00c9S<\/h4>\n      <\/div>\n\n      <img decoding=\"async\" class=\"nd_options_section\" alt=\"\" src=\"https:\/\/www.gsab-aventures.com\/wp-content\/uploads\/ACTIVITES\/Rando-Trek\/Trek-Tunisie\/tunisie-2-2-1024x1024.jpg\">\n\n       <div style=\"background-color:#000000\" class=\"nd_options_section nd_options_padding_20 nd_options_box_sizing_border_box\">\n          <h5 class=\"nd_options_color_white\">gsab-aventures.com<\/h5>\n      <\/div>\n      \n      <div class=\"nd_options_section\">\n          <div class=\"nd_options_section nd_options_padding_20 nd_options_box_sizing_border_box\">\n              <p>MADE IN SWITZERLAND<\/p>\n          <\/div>\n      <\/div>\n\n  <\/div>\n  <!--END team-->\n\n\n   <div style=\"background-color:;height: 30px\" class=\"nicdark_section  \"><\/div>[vc_column_text el_class=\u00a0\u00bbnd_options_text_align_center_responsive\u00a0\u00bb css=\u00a0\u00bb.vc_custom_1591485408325{margin-top: 20px !important;margin-right: 15px !important;margin-left: 15px !important;}\u00a0\u00bb]<\/p>\n<p style=\"text-align: center;\"><span style=\"color: #800000;\"><strong><span class=\"text-white\">NOS PROPOSITIONS DE DESTINATION<\/span><\/strong><\/span><\/p>\n<p>&nbsp;<\/p>\n<p style=\"text-align: center;\"><em><strong>EN MOUNTAIN BIKE<\/strong><\/em><\/p>\n<p style=\"text-align: center;\">Tunisie Les montagnes berb\u00e8res en VTT (10 jours)<\/p>\n<p style=\"text-align: center;\">Roumanie Les Carpates en VTT (10 jours)<\/p>\n<p style=\"text-align: center;\">Maroc Le massif de l&rsquo;Atlas (10 jours)<\/p>\n<p>&nbsp;<\/p>\n<p style=\"text-align: center;\"><em><strong>A PIEDS<\/strong><\/em><\/p>\n<p style=\"text-align: center;\">Maroc Le massif du Toubkal (10 jours)<\/p>\n<p style=\"text-align: center;\">Bolivie Le massif de l&rsquo;Illimanie (21 jours)<\/p>\n<p style=\"text-align: center;\">N\u00e9pal Le camp de base de l&rsquo;Everest (21 jours)<\/p>\n<p style=\"text-align: center;\">Le tour des Annupurna (21 jours)<\/p>\n<p style=\"text-align: center;\">Slov\u00e9nie Le massif du Triglav (8 jours)<\/p>\n<p style=\"text-align: center;\">Inde Le massif du Laddack (16 jours)<\/p>\n<p>[\/vc_column_text]<div style=\"background-color:;height: 40px\" class=\"nicdark_section  \"><\/div>\n\t<div class=\"nd_options_section nd_options_text_align_center\">\n\t<a style=\"border: px solid;border-radius:px;letter-spacing:2px;line-height:11px;font-size:11px;background-color:#3498db;padding:15px 35px;margin:;color:#ffffff\" rel=\"\" href=\"https:\/\/www.gsab-aventures.com\/wp-content\/uploads\/2020\/05\/VTT_atlas-sans_dates.pdf\" class=\"nicdark_display_inline_block  nd_options_font_weight_bold nd_options_second_font  \">Brochure (pdf)<\/a>\n\t<\/div>\n<div style=\"background-color:;height: 40px\" class=\"nicdark_section  \"><\/div>[vc_single_image image=\u00a0\u00bb4884&Prime; img_size=\u00a0\u00bbfull\u00a0\u00bb alignment=\u00a0\u00bbcenter\u00a0\u00bb][\/vc_column][vc_column width=\u00a0\u00bb1\/3&Prime;]<div style=\"background-color:;height: 10px\" class=\"nicdark_section  \"><\/div>\n\n  <!--START team-->\n  <div class=\"nd_options_section nd_options_border_1_solid_grey  nd_options_text_align_center  \">\n\n      <div style=\"background-color:#000000\" class=\"nd_options_section nd_options_padding_20 nd_options_box_sizing_border_box\">\n          <h4 class=\"nd_options_color_white\">RANDONN\u00c9ES<\/h4>\n      <\/div>\n\n      <img decoding=\"async\" class=\"nd_options_section\" alt=\"\" src=\"https:\/\/www.gsab-aventures.com\/wp-content\/uploads\/ACTIVITES\/Rando-Trek\/Animaux\/481-1-1024x1024.jpg\">\n\n       <div style=\"background-color:#000000\" class=\"nd_options_section nd_options_padding_20 nd_options_box_sizing_border_box\">\n          <h5 class=\"nd_options_color_white\">gsab-aventures.com<\/h5>\n      <\/div>\n      \n      <div class=\"nd_options_section\">\n          <div class=\"nd_options_section nd_options_padding_20 nd_options_box_sizing_border_box\">\n              <p>MADE IN SWITZERLAND<\/p>\n          <\/div>\n      <\/div>\n\n  <\/div>\n  <!--END team-->\n\n\n   <div style=\"background-color:;height: 30px\" class=\"nicdark_section  \"><\/div>[vc_column_text el_class=\u00a0\u00bbnd_options_text_align_center_responsive\u00a0\u00bb css=\u00a0\u00bb.vc_custom_1591485418128{margin-top: 20px !important;margin-right: 15px !important;margin-left: 15px !important;}\u00a0\u00bb]<\/p>\n<p style=\"text-align: center;\"><span style=\"color: #800000;\"><strong><span class=\"text-white\">NOS PROPOSITIONS DE DESTINATION<\/span><\/strong><\/span><\/p>\n<p>&nbsp;<\/p>\n<p style=\"text-align: center;\"><em><strong>EN FRANCE<\/strong><\/em><\/p>\n<p style=\"text-align: center;\">Ballons des Vosges (7 jours)<\/p>\n<p style=\"text-align: center;\">Travers\u00e9e de la Corse 1\u00e8re partie (7 jours)<\/p>\n<p style=\"text-align: center;\">Travers\u00e9e de la Corse 2\u00e8me parti (7 jours)<\/p>\n<p style=\"text-align: center;\">Travers\u00e9e de la Corse int\u00e9grale (14 jours)<\/p>\n<p>&nbsp;<\/p>\n<p style=\"text-align: center;\"><em><strong>EN SUISSE<\/strong><\/em><\/p>\n<p style=\"text-align: center;\">Creux du Van (1 jour)<\/p>\n<p style=\"text-align: center;\">Tour des Dents du Midi (4 jours)<\/p>\n<p style=\"text-align: center;\">Cr\u00eates du Jura (5 jours)<\/p>\n<p style=\"text-align: center;\">De Bosco Gurin \u00e0 Aurigeno &#8211; Tessin (4 jours)<\/p>\n<p style=\"text-align: center;\">La Goille aux Cerf (1 jour)<\/p>\n<p>&nbsp;<\/p>\n<p style=\"text-align: center;\"><em><strong>EN ITALIE<\/strong><\/em><\/p>\n<p style=\"text-align: center;\">Le massif du Grand Paradis (4 jours)<\/p>\n<p>[\/vc_column_text]<div style=\"background-color:;height: 40px\" class=\"nicdark_section  \"><\/div>\n\t<div class=\"nd_options_section nd_options_text_align_center\">\n\t<a style=\"border: px solid;border-radius:px;letter-spacing:2px;line-height:11px;font-size:11px;background-color:#3498db;padding:15px 35px;margin:;color:#ffffff\" rel=\"\" href=\"https:\/\/www.gsab-aventures.com\/wp-content\/uploads\/2020\/05\/GR20_corse.pdf\" class=\"nicdark_display_inline_block  nd_options_font_weight_bold nd_options_second_font  \">Brochure (pdf)<\/a>\n\t<\/div>\n<div style=\"background-color:;height: 40px\" class=\"nicdark_section  \"><\/div>[vc_single_image image=\u00a0\u00bb4878&Prime; img_size=\u00a0\u00bbfull\u00a0\u00bb alignment=\u00a0\u00bbcenter\u00a0\u00bb][\/vc_column][vc_column width=\u00a0\u00bb1\/3&Prime;]<div style=\"background-color:;height: 10px\" class=\"nicdark_section  \"><\/div>\n\n  <!--START team-->\n  <div class=\"nd_options_section nd_options_border_1_solid_grey  nd_options_text_align_center  \">\n\n      <div style=\"background-color:#000000\" class=\"nd_options_section nd_options_padding_20 nd_options_box_sizing_border_box\">\n          <h4 class=\"nd_options_color_white\">VOYAGES EN RAQUETTES<\/h4>\n      <\/div>\n\n      <img decoding=\"async\" class=\"nd_options_section\" alt=\"\" src=\"https:\/\/www.gsab-aventures.com\/wp-content\/uploads\/ACTIVITES\/Rando-Trek\/Raquettes\/729-1-1024x1024.png\">\n\n       <div style=\"background-color:#000000\" class=\"nd_options_section nd_options_padding_20 nd_options_box_sizing_border_box\">\n          <h5 class=\"nd_options_color_white\">gsab-aventures.com<\/h5>\n      <\/div>\n      \n      <div class=\"nd_options_section\">\n          <div class=\"nd_options_section nd_options_padding_20 nd_options_box_sizing_border_box\">\n              <p>MADE IN SWITZERLAND<\/p>\n          <\/div>\n      <\/div>\n\n  <\/div>\n  <!--END team-->\n\n\n   <div style=\"background-color:;height: 30px\" class=\"nicdark_section  \"><\/div>[vc_column_text el_class=\u00a0\u00bbnd_options_text_align_center_responsive\u00a0\u00bb css=\u00a0\u00bb.vc_custom_1591485428927{margin-top: 20px !important;margin-right: 15px !important;margin-left: 15px !important;}\u00a0\u00bb]<\/p>\n<p style=\"text-align: center;\"><span style=\"color: #800000;\"><strong><span class=\"text-white\">NOS PROPOSITIONS DE DESTINATION<\/span><\/strong><\/span><\/p>\n<p>&nbsp;<\/p>\n<p style=\"text-align: center;\"><em><strong>FRANCE \u00b7 SUISSE<br \/>\n<\/strong><\/em><\/p>\n<p style=\"text-align: center;\">Nous adaptons nos destinations aux conditions d&rsquo;enneigement. Nous vous proposons durant toute la saison hivernale des sorties en Gruy\u00e8re (Suisse) ou dans les Vosges (France).<\/p>\n<p style=\"text-align: center;\">Nous \u00e9tudions toutes vos demandes d&rsquo;organisation de sorties dans d&rsquo;autres r\u00e9gions.<\/p>\n<p style=\"text-align: center;\">Nous organisons aussi des sorties nocturnes.<\/p>\n<p>[\/vc_column_text]<div style=\"background-color:;height: 40px\" class=\"nicdark_section  \"><\/div>\n\t<div class=\"nd_options_section nd_options_text_align_center\">\n\t<a style=\"border: px solid;border-radius:px;letter-spacing:2px;line-height:11px;font-size:11px;background-color:#3498db;padding:15px 35px;margin:;color:#ffffff\" rel=\"\" href=\"https:\/\/www.gsab-aventures.com\/wp-content\/uploads\/2020\/05\/camp_base_everest_v2.pdf\" class=\"nicdark_display_inline_block  nd_options_font_weight_bold nd_options_second_font  \">Brochure (pdf)<\/a>\n\t<\/div>\n<div style=\"background-color:;height: 40px\" class=\"nicdark_section  \"><\/div>[vc_single_image image=\u00a0\u00bb4881&Prime; img_size=\u00a0\u00bbfull\u00a0\u00bb alignment=\u00a0\u00bbcenter\u00a0\u00bb][\/vc_column][\/vc_row][vc_row content_placement=\u00a0\u00bbmiddle\u00a0\u00bb css=\u00a0\u00bb.vc_custom_1589561919470{margin-top: 88px !important;margin-bottom: 30px !important;}\u00a0\u00bb][vc_column width=\u00a0\u00bb1\/4&Prime; el_class=\u00a0\u00bbnd_options_text_align_center\u00a0\u00bb][vc_column_text]<img loading=\"lazy\" decoding=\"async\" class=\"alignnone size-full wp-image-2860\" src=\"https:\/\/www.gsab-aventures.com\/wp-content\/uploads\/LOGO\/dificultad-1.png\" alt=\"\" width=\"207\" height=\"42\" \/>[\/vc_column_text][\/vc_column][vc_column width=\u00a0\u00bb1\/4&Prime;][vc_column_text]<img loading=\"lazy\" decoding=\"async\" class=\"alignnone size-large wp-image-2861\" src=\"https:\/\/www.gsab-aventures.com\/wp-content\/uploads\/LOGO\/dificultad-2.png\" alt=\"\" width=\"204\" height=\"42\" \/>[\/vc_column_text][\/vc_column][vc_column width=\u00a0\u00bb1\/4&Prime;][vc_column_text]<img loading=\"lazy\" decoding=\"async\" class=\"alignnone size-large wp-image-2862\" src=\"https:\/\/www.gsab-aventures.com\/wp-content\/uploads\/LOGO\/dificultad-3.png\" alt=\"\" width=\"208\" height=\"43\" \/>[\/vc_column_text][\/vc_column][vc_column width=\u00a0\u00bb1\/4&Prime;][vc_column_text]<img loading=\"lazy\" decoding=\"async\" class=\"alignnone size-large wp-image-2863\" src=\"https:\/\/www.gsab-aventures.com\/wp-content\/uploads\/LOGO\/dificultad-4.png\" alt=\"\" width=\"204\" height=\"43\" \/>[\/vc_column_text][\/vc_column][\/vc_row][vc_row full_width=\u00a0\u00bbstretch_row\u00a0\u00bb parallax=\u00a0\u00bbcontent-moving\u00a0\u00bb parallax_image=\u00a0\u00bb1796&Prime; css=\u00a0\u00bb.vc_custom_1589407981181{margin-top: 60px !important;padding-top: 100px !important;padding-bottom: 100px !important;}\u00a0\u00bb][vc_column width=\u00a0\u00bb8\/12&Prime;]\n\n\n    <div class=\"nd_options_section nd_options_position_relative about_us_serv_comp\">\n        <img decoding=\"async\" alt=\"\" class=\"nd_options_position_absolute nd_options_left_0\" width=\"55\" src=\"\">\n        <div class=\"nd_options_section nd_options_padding_left_80 nd_options_box_sizing_border_box\">\n            <h1 class=\"nd_options_font_size_40 nd_options_line_height_50\" style=\"color:#ffffff\"><strong>Faire le bon choix au bon moment<\/strong><\/h1>\n        <\/div>\n    <\/div>\n\n\n  <div style=\"background-color:;height: 70px\" class=\"nicdark_section  \"><\/div>[vc_row_inner][vc_column_inner width=\u00a0\u00bb1\/4&Prime; css=\u00a0\u00bb.vc_custom_1469630269458{padding-top: 10px !important;padding-bottom: 10px !important;}\u00a0\u00bb]<h1 style=\"text-align:center;color:#ffffff;font-size:50px\" class=\" nd_options_counter_component_l1 nd_options_font_weight_bolder nd_options_counter  \" data-to=\"18\" data-speed=\"1000\">18<\/h1> <p style=\"color:#ffffff;padding:px;text-align:center;font-size:15px;line-height:30px;letter-spacing: 2px;font-weight:bold\" class=\"   nd_options_second_font \">ANN\u00c9ES D'EXP\u00c9RIENCE<\/p> [\/vc_column_inner][vc_column_inner width=\u00a0\u00bb1\/4&Prime; css=\u00a0\u00bb.vc_custom_1469630276028{padding-top: 10px !important;padding-bottom: 10px !important;}\u00a0\u00bb]<h1 style=\"text-align:center;color:#ffffff;font-size:50px\" class=\" nd_options_counter_component_l1 nd_options_font_weight_bolder nd_options_counter  \" data-to=\"4823\" data-speed=\"1000\">4823<\/h1> <p style=\"color:#ffffff;padding:px;text-align:center;font-size:15px;line-height:30px;letter-spacing: 2px;font-weight:bold\" class=\"   nd_options_second_font \">TOURS ET VOYAGES<\/p> [\/vc_column_inner][vc_column_inner width=\u00a0\u00bb1\/4&Prime; css=\u00a0\u00bb.vc_custom_1469630283566{padding-top: 10px !important;padding-bottom: 10px !important;}\u00a0\u00bb]<h1 style=\"text-align:center;color:#ffffff;font-size:50px\" class=\" nd_options_counter_component_l1 nd_options_font_weight_bolder nd_options_counter  \" data-to=\"24822\" data-speed=\"1000\">24822<\/h1> <p style=\"color:#ffffff;padding:px;text-align:center;font-size:15px;line-height:30px;letter-spacing: 2px;font-weight:bold\" class=\"   nd_options_second_font \">DES CLIENTS SATISFAITS<\/p> [\/vc_column_inner][vc_column_inner width=\u00a0\u00bb1\/4&Prime; css=\u00a0\u00bb.vc_custom_1469630289168{padding-top: 10px !important;padding-bottom: 10px !important;}\u00a0\u00bb]<h1 style=\"text-align:center;color:#ffffff;font-size:50px\" class=\" nd_options_counter_component_l1 nd_options_font_weight_bolder nd_options_counter  \" data-to=\"4\" data-speed=\"1000\">4<\/h1> <p style=\"color:#ffffff;padding:px;text-align:center;font-size:15px;line-height:30px;letter-spacing: 2px;font-weight:bold\" class=\"   nd_options_second_font \">LES LANGUES QUE NOUS PARLONS<\/p> [\/vc_column_inner][\/vc_row_inner][\/vc_column][vc_column width=\u00a0\u00bb4\/12&Prime;][\/vc_column][\/vc_row][vc_row css=\u00a0\u00bb.vc_custom_1589407930018{margin-top: 60px !important;margin-bottom: 30px !important;}\u00a0\u00bb][vc_column el_class=\u00a0\u00bbnd_options_text_align_center\u00a0\u00bb]\n\t<div class=\"nd_options_section nd_options_text_align_center\">\n\t<a style=\"border: px solid;border-radius:px;letter-spacing:2px;line-height:11px;font-size:11px;background-color:#3498db;padding:15px 35px;margin:;color:#ffffff\" rel=\"\" href=\"https:\/\/www.gsab-aventures.com\/fr\/contact\/\" class=\"nicdark_display_inline_block  nd_options_font_weight_bold nd_options_second_font  \">CONTACTEZ-NOUS<\/a>\n\t<\/div>\n[\/vc_column][\/vc_row]<\/p>\n","protected":false},"excerpt":{"rendered":"<p>[vc_row][vc_column width=\u00a0\u00bb6\/12&Prime; css=\u00a0\u00bb.vc_custom_1467360650255{margin-top: 10px !important;margin-bottom: 10px !important;padding-top: 0px !important;padding-right: 40px !important;}\u00a0\u00bb][\/vc_column][vc_column width=\u00a0\u00bb3\/12&Prime; css=\u00a0\u00bb.vc_custom_1467207292391{margin-top: 10px !important;margin-bottom: 10px !important;padding-top: 0px !important;}\u00a0\u00bb][vc_column_text el_class=\u00a0\u00bbnd_options_text_align_center_responsive\u00a0\u00bb]La randonn\u00e9e est une activit\u00e9 de plein air qui consiste \u00e0 se promener dans des environnements naturels magnifiques sur des chemins pr\u00e9\u00e9tablis appel\u00e9s sentiers de randonn\u00e9e. Il existe des randonn\u00e9es de jour et des randonn\u00e9es de [&hellip;]<\/p>\n","protected":false},"author":1,"featured_media":0,"parent":0,"menu_order":0,"comment_status":"closed","ping_status":"closed","template":"","meta":{"_exactmetrics_skip_tracking":false,"_exactmetrics_sitenote_active":false,"_exactmetrics_sitenote_note":"","_exactmetrics_sitenote_category":0,"_price":"","_stock":"","_tribe_ticket_header":"","_tribe_default_ticket_provider":"Tribe__Tickets_Plus__Commerce__WooCommerce__Main","_tribe_ticket_capacity":"0","_ticket_start_date":"","_ticket_end_date":"","_tribe_ticket_show_description":"","_tribe_ticket_show_not_going":false,"_tribe_ticket_use_global_stock":"","_tribe_ticket_global_stock_level":"","_global_stock_mode":"","_global_stock_cap":"","_tribe_rsvp_for_event":"","_tribe_ticket_going_count":"","_tribe_ticket_not_going_count":"","_tribe_tickets_list":"[]","_tribe_ticket_has_attendee_info_fields":false,"footnotes":""},"class_list":["post-6250","page","type-page","status-publish","hentry"],"_links":{"self":[{"href":"https:\/\/www.gsab-aventures.com\/fr\/wp-json\/wp\/v2\/pages\/6250","targetHints":{"allow":["GET"]}}],"collection":[{"href":"https:\/\/www.gsab-aventures.com\/fr\/wp-json\/wp\/v2\/pages"}],"about":[{"href":"https:\/\/www.gsab-aventures.com\/fr\/wp-json\/wp\/v2\/types\/page"}],"author":[{"embeddable":true,"href":"https:\/\/www.gsab-aventures.com\/fr\/wp-json\/wp\/v2\/users\/1"}],"replies":[{"embeddable":true,"href":"https:\/\/www.gsab-aventures.com\/fr\/wp-json\/wp\/v2\/comments?post=6250"}],"version-history":[{"count":5,"href":"https:\/\/www.gsab-aventures.com\/fr\/wp-json\/wp\/v2\/pages\/6250\/revisions"}],"predecessor-version":[{"id":11088,"href":"https:\/\/www.gsab-aventures.com\/fr\/wp-json\/wp\/v2\/pages\/6250\/revisions\/11088"}],"wp:attachment":[{"href":"https:\/\/www.gsab-aventures.com\/fr\/wp-json\/wp\/v2\/media?parent=6250"}],"curies":[{"name":"wp","href":"https:\/\/api.w.org\/{rel}","templated":true}]}}