{"id":10390,"date":"2021-11-19T12:03:36","date_gmt":"2021-11-19T11:03:36","guid":{"rendered":"https:\/\/www.gsab-aventures.com\/?post_type=product&#038;p=10390"},"modified":"2021-11-19T13:38:08","modified_gmt":"2021-11-19T12:38:08","slug":"joelette-twinn","status":"publish","type":"product","link":"https:\/\/www.gsab-aventures.com\/fr\/produit\/produits-fr\/outdoor-handi\/joelette-fr\/joelette-twinn\/","title":{"rendered":"Jo\u00eblette Twinn"},"content":{"rendered":"<p>Location pour une journ\u00e9e. Le mat\u00e9riel est \u00e0 prendre \u00e0 S\u00e2les FR<\/p>\n<p>La location n\u2019est possible que pour les personnes ayant suivant une formation minimale au pilotage dont le prix est factur\u00e9 en plus. La personne qui pilotera la jo\u00eblette doit imp\u00e9rativement \u00eatre pr\u00e9sente lors de la formation.<\/p>\n<p>La r\u00e9paration des d\u00e9gats \u00e9ventuels sur la jo\u00eblette sont \u00e0 la charge du locataire.<\/p>\n","protected":false},"excerpt":{"rendered":"<p>Location pour une journ\u00e9e. Le mat\u00e9riel est \u00e0 prendre \u00e0 S\u00e2les FR La location n\u2019est possible que pour les personnes ayant suivant une formation minimale au pilotage dont le prix est factur\u00e9 en plus. La personne qui pilotera la jo\u00eblette doit imp\u00e9rativement \u00eatre pr\u00e9sente lors de la formation. La r\u00e9paration des d\u00e9gats \u00e9ventuels sur la [&hellip;]<\/p>\n","protected":false},"featured_media":10413,"comment_status":"closed","ping_status":"closed","template":"","meta":{"_exactmetrics_skip_tracking":false,"_exactmetrics_sitenote_active":false,"_exactmetrics_sitenote_note":"","_exactmetrics_sitenote_category":0,"_price":"0","_stock":"","_tribe_ticket_header":"","_tribe_default_ticket_provider":"","_tribe_ticket_capacity":"0","_ticket_start_date":"","_ticket_end_date":"","_tribe_ticket_show_description":"","_tribe_ticket_show_not_going":false,"_tribe_ticket_use_global_stock":"","_tribe_ticket_global_stock_level":"","_global_stock_mode":"","_global_stock_cap":"","_tribe_rsvp_for_event":"","_tribe_ticket_going_count":"","_tribe_ticket_not_going_count":"","_tribe_tickets_list":"[]","_tribe_ticket_has_attendee_info_fields":false},"product_brand":[],"product_cat":[345,278],"product_tag":[],"class_list":{"0":"post-10390","1":"product","2":"type-product","3":"status-publish","4":"has-post-thumbnail","6":"product_cat-joelette-fr","7":"product_cat-location-fr","9":"first","10":"instock","11":"taxable","12":"shipping-taxable","13":"purchasable","14":"product-type-phive_booking"},"_links":{"self":[{"href":"https:\/\/www.gsab-aventures.com\/fr\/wp-json\/wp\/v2\/product\/10390","targetHints":{"allow":["GET"]}}],"collection":[{"href":"https:\/\/www.gsab-aventures.com\/fr\/wp-json\/wp\/v2\/product"}],"about":[{"href":"https:\/\/www.gsab-aventures.com\/fr\/wp-json\/wp\/v2\/types\/product"}],"replies":[{"embeddable":true,"href":"https:\/\/www.gsab-aventures.com\/fr\/wp-json\/wp\/v2\/comments?post=10390"}],"wp:featuredmedia":[{"embeddable":true,"href":"https:\/\/www.gsab-aventures.com\/fr\/wp-json\/wp\/v2\/media\/10413"}],"wp:attachment":[{"href":"https:\/\/www.gsab-aventures.com\/fr\/wp-json\/wp\/v2\/media?parent=10390"}],"wp:term":[{"taxonomy":"product_brand","embeddable":true,"href":"https:\/\/www.gsab-aventures.com\/fr\/wp-json\/wp\/v2\/product_brand?post=10390"},{"taxonomy":"product_cat","embeddable":true,"href":"https:\/\/www.gsab-aventures.com\/fr\/wp-json\/wp\/v2\/product_cat?post=10390"},{"taxonomy":"product_tag","embeddable":true,"href":"https:\/\/www.gsab-aventures.com\/fr\/wp-json\/wp\/v2\/product_tag?post=10390"}],"curies":[{"name":"wp","href":"https:\/\/api.w.org\/{rel}","templated":true}]}}