{"id":11012,"date":"2022-04-09T17:04:16","date_gmt":"2022-04-09T15:04:16","guid":{"rendered":"https:\/\/www.gsab-aventures.com\/?post_type=product&#038;p=11012"},"modified":"2022-04-09T17:21:09","modified_gmt":"2022-04-09T15:21:09","slug":"tour-infernale","status":"publish","type":"product","link":"https:\/\/www.gsab-aventures.com\/fr\/produit\/activites-fr\/aventures-verticales-fr\/tour-infernale\/","title":{"rendered":"TOUR INFERNALE"},"content":{"rendered":"<p>Le prix de base comprend la mise \u00e0 disposition de tout le mat\u00e9riel n\u00e9cessaire et l&rsquo;encadrement par un animateur.<br \/>\nLa prestation dure, au maximum, huit heures y compris une pause de vingt minutes toutes les trois heures. Le montage et le d\u00e9montage ne sont pas compris dans la dur\u00e9e de la prestation.<br \/>\nEn cas de location sur plusieurs jours, les frais de repas et d&rsquo;h\u00e9bergement des animateurs sont factur\u00e9s en sus.<br \/>\nTous les frais suppl\u00e9mentaires li\u00e9s \u00e0 la prestation sont factur\u00e9s en sus (par exemple le parking).<br \/>\nLe transport est factur\u00e9 au km pour un aller-retour depuis Jaun (FR).<\/p>\n<p>Encadrement minimum obligatoire : Deux personnes, dont une au moins doit faire partie de GSAB Aventures. L&rsquo;autre peut faire partie de votre \u00e9quipe pour autant qu&rsquo;elle ait les comp\u00e9tences suffisantes.<\/p>\n<p>L&rsquo;acceptation du devis implique l&rsquo;acceptation de nos conditions g\u00e9n\u00e9rales de location sans aucune restriction.<\/p>\n<p>Le versement d&rsquo;un acompte de 50% est obligatoire pour valider la r\u00e9servation.<\/p>\n<p><strong>En remplissant le formulaire de r\u00e9servation, vous aurez une id\u00e9e approximative du co\u00fbt de la prestation. Un devis plus pr\u00e9cis vous sera envoy\u00e9 sur la base de vos informations.<\/strong><\/p>\n","protected":false},"excerpt":{"rendered":"<p>Le prix de base comprend la mise \u00e0 disposition de tout le mat\u00e9riel n\u00e9cessaire et l&rsquo;encadrement par un animateur. La prestation dure, au maximum, huit heures y compris une pause de vingt minutes toutes les trois heures. Le montage et le d\u00e9montage ne sont pas compris dans la dur\u00e9e de la prestation. En cas de [&hellip;]<\/p>\n","protected":false},"featured_media":5094,"comment_status":"open","ping_status":"closed","template":"","meta":{"_exactmetrics_skip_tracking":false,"_exactmetrics_sitenote_active":false,"_exactmetrics_sitenote_note":"","_exactmetrics_sitenote_category":0,"_price":"0","_stock":null,"_tribe_ticket_header":"","_tribe_default_ticket_provider":"","_tribe_ticket_capacity":"0","_ticket_start_date":"","_ticket_end_date":"","_tribe_ticket_show_description":"","_tribe_ticket_show_not_going":false,"_tribe_ticket_use_global_stock":"","_tribe_ticket_global_stock_level":"","_global_stock_mode":"","_global_stock_cap":"","_tribe_rsvp_for_event":"","_tribe_ticket_going_count":"","_tribe_ticket_not_going_count":"","_tribe_tickets_list":"[]","_tribe_ticket_has_attendee_info_fields":false},"product_brand":[],"product_cat":[254,258,278],"product_tag":[],"class_list":{"0":"post-11012","1":"product","2":"type-product","3":"status-publish","4":"has-post-thumbnail","6":"product_cat-activites-fr","7":"product_cat-aventures-verticales-fr","8":"product_cat-location-fr","10":"first","11":"instock","12":"virtual","13":"taxable","14":"purchasable","15":"product-type-phive_booking"},"_links":{"self":[{"href":"https:\/\/www.gsab-aventures.com\/fr\/wp-json\/wp\/v2\/product\/11012","targetHints":{"allow":["GET"]}}],"collection":[{"href":"https:\/\/www.gsab-aventures.com\/fr\/wp-json\/wp\/v2\/product"}],"about":[{"href":"https:\/\/www.gsab-aventures.com\/fr\/wp-json\/wp\/v2\/types\/product"}],"replies":[{"embeddable":true,"href":"https:\/\/www.gsab-aventures.com\/fr\/wp-json\/wp\/v2\/comments?post=11012"}],"wp:featuredmedia":[{"embeddable":true,"href":"https:\/\/www.gsab-aventures.com\/fr\/wp-json\/wp\/v2\/media\/5094"}],"wp:attachment":[{"href":"https:\/\/www.gsab-aventures.com\/fr\/wp-json\/wp\/v2\/media?parent=11012"}],"wp:term":[{"taxonomy":"product_brand","embeddable":true,"href":"https:\/\/www.gsab-aventures.com\/fr\/wp-json\/wp\/v2\/product_brand?post=11012"},{"taxonomy":"product_cat","embeddable":true,"href":"https:\/\/www.gsab-aventures.com\/fr\/wp-json\/wp\/v2\/product_cat?post=11012"},{"taxonomy":"product_tag","embeddable":true,"href":"https:\/\/www.gsab-aventures.com\/fr\/wp-json\/wp\/v2\/product_tag?post=11012"}],"curies":[{"name":"wp","href":"https:\/\/api.w.org\/{rel}","templated":true}]}}