{"id":11016,"date":"2022-04-09T16:58:36","date_gmt":"2022-04-09T14:58:36","guid":{"rendered":"https:\/\/www.gsab-aventures.com\/?post_type=product&#038;p=11016"},"modified":"2022-04-09T17:28:38","modified_gmt":"2022-04-09T15:28:38","slug":"mur-descalade-6m","status":"publish","type":"product","link":"https:\/\/www.gsab-aventures.com\/fr\/produit\/activites-fr\/aventures-verticales-fr\/mur-descalade-6m\/","title":{"rendered":"MUR D&rsquo;ESCALADE 6M"},"content":{"rendered":"<p>Ce mur comporte trois voies d&rsquo;escalade \u00e9quip\u00e9es d&rsquo;un syst\u00e8me d&rsquo;assurage automatique.<\/p>\n<p>Le prix comprend la fourniture de tout le mat\u00e9riel n\u00e9cessaire et l&rsquo;encadrement par un moniteur.<br \/>\nLa dur\u00e9e de la prestation est de huit heures maximum, avec une pause de vingt minutes toutes les trois heures. Le montage et le d\u00e9montage ne sont pas compris dans la dur\u00e9e de la prestation.<br \/>\nDans le cas d&rsquo;une location sur plusieurs jours, les frais de repas et d&rsquo;h\u00e9bergement des instructeurs seront \u00e9galement factur\u00e9s.<br \/>\nTous les frais suppl\u00e9mentaires li\u00e9s \u00e0 la prestation seront factur\u00e9s s\u00e9par\u00e9ment (par exemple, le parking).<br \/>\nLe transport est factur\u00e9 sur la base d&rsquo;un aller-retour depuis Jaun (FR).<\/p>\n<p>Encadrement minimum requis : deux personnes, dont au moins une doit \u00eatre membre de GSAB Aventures. L&rsquo;autre peut faire partie de votre \u00e9quipe si elle a les comp\u00e9tences requises, sinon deux animateurs GSAB sont n\u00e9cessaires.<\/p>\n<p>L&rsquo;acceptation du devis implique l&rsquo;acceptation de nos conditions g\u00e9n\u00e9rales de location sans aucune restriction.<\/p>\n<p>Un acompte de 50% est demand\u00e9 pour confirmer la commande.<\/p>\n<p><strong>En remplissant le formulaire de r\u00e9servation, vous aurez une id\u00e9e approximative du co\u00fbt de la prestation. Un devis plus pr\u00e9cis vous sera envoy\u00e9 sur la base de vos informations.<\/strong><\/p>\n","protected":false},"excerpt":{"rendered":"<p>Ce mur comporte trois voies d&rsquo;escalade \u00e9quip\u00e9es d&rsquo;un syst\u00e8me d&rsquo;assurage automatique. Le prix comprend la fourniture de tout le mat\u00e9riel n\u00e9cessaire et l&rsquo;encadrement par un moniteur. La dur\u00e9e de la prestation est de huit heures maximum, avec une pause de vingt minutes toutes les trois heures. Le montage et le d\u00e9montage ne sont pas compris [&hellip;]<\/p>\n","protected":false},"featured_media":11002,"comment_status":"open","ping_status":"closed","template":"","meta":{"_exactmetrics_skip_tracking":false,"_exactmetrics_sitenote_active":false,"_exactmetrics_sitenote_note":"","_exactmetrics_sitenote_category":0,"_price":"0","_stock":null,"_tribe_ticket_header":"","_tribe_default_ticket_provider":"","_tribe_ticket_capacity":"0","_ticket_start_date":"","_ticket_end_date":"","_tribe_ticket_show_description":"","_tribe_ticket_show_not_going":false,"_tribe_ticket_use_global_stock":"","_tribe_ticket_global_stock_level":"","_global_stock_mode":"","_global_stock_cap":"","_tribe_rsvp_for_event":"","_tribe_ticket_going_count":"","_tribe_ticket_not_going_count":"","_tribe_tickets_list":"[]","_tribe_ticket_has_attendee_info_fields":false},"product_brand":[],"product_cat":[254,258,278],"product_tag":[],"class_list":{"0":"post-11016","1":"product","2":"type-product","3":"status-publish","4":"has-post-thumbnail","6":"product_cat-activites-fr","7":"product_cat-aventures-verticales-fr","8":"product_cat-location-fr","10":"first","11":"instock","12":"virtual","13":"taxable","14":"purchasable","15":"product-type-phive_booking"},"_links":{"self":[{"href":"https:\/\/www.gsab-aventures.com\/fr\/wp-json\/wp\/v2\/product\/11016","targetHints":{"allow":["GET"]}}],"collection":[{"href":"https:\/\/www.gsab-aventures.com\/fr\/wp-json\/wp\/v2\/product"}],"about":[{"href":"https:\/\/www.gsab-aventures.com\/fr\/wp-json\/wp\/v2\/types\/product"}],"replies":[{"embeddable":true,"href":"https:\/\/www.gsab-aventures.com\/fr\/wp-json\/wp\/v2\/comments?post=11016"}],"wp:featuredmedia":[{"embeddable":true,"href":"https:\/\/www.gsab-aventures.com\/fr\/wp-json\/wp\/v2\/media\/11002"}],"wp:attachment":[{"href":"https:\/\/www.gsab-aventures.com\/fr\/wp-json\/wp\/v2\/media?parent=11016"}],"wp:term":[{"taxonomy":"product_brand","embeddable":true,"href":"https:\/\/www.gsab-aventures.com\/fr\/wp-json\/wp\/v2\/product_brand?post=11016"},{"taxonomy":"product_cat","embeddable":true,"href":"https:\/\/www.gsab-aventures.com\/fr\/wp-json\/wp\/v2\/product_cat?post=11016"},{"taxonomy":"product_tag","embeddable":true,"href":"https:\/\/www.gsab-aventures.com\/fr\/wp-json\/wp\/v2\/product_tag?post=11016"}],"curies":[{"name":"wp","href":"https:\/\/api.w.org\/{rel}","templated":true}]}}