{"id":11733,"date":"2022-11-09T21:10:03","date_gmt":"2022-11-09T20:10:03","guid":{"rendered":"https:\/\/www.gsab-aventures.com\/?post_type=product&#038;p=11733"},"modified":"2022-11-16T22:27:25","modified_gmt":"2022-11-16T21:27:25","slug":"komperdell-peakmaster","status":"publish","type":"product","link":"https:\/\/www.gsab-aventures.com\/fr\/produit\/produits-fr\/outdoor-fr\/rando-trek\/komperdell-peakmaster\/","title":{"rendered":"KOMPERDELL TRAILMASTER"},"content":{"rendered":"<p>Robuste raquette \u00e0 neige en aluminium rigide avec un plateau en Hypalon extra r\u00e9sistant et antibotte et des crampons en acier pour une traction parfaite.<\/p>\n<p>Caract\u00e9ristiques<\/p>\n<p>&#8211; Tablier en Hypalon r\u00e9sistant et antibotte<br \/>\n&#8211; Cadre en aluminium anodis\u00e9 haute performance<br \/>\n&#8211; Griffe avant en acier et crampons en acier inoxydable, plac\u00e9s sous la plaque et le talon pour une traction parfaite<br \/>\n&#8211; Fixations faciles \u00e0 mettre en place, syst\u00e8me de sangles stable, adapt\u00e9 \u00e0 toutes les tailles de chaussures et aux chaussures de plein air classique, maintien extra ferme<br \/>\n&#8211; Cales de mont\u00e9e<\/p>\n<p>&nbsp;<\/p>\n","protected":false},"excerpt":{"rendered":"<p>Robuste raquette \u00e0 neige en aluminium rigide avec un plateau en Hypalon extra r\u00e9sistant et antibotte et des crampons en acier pour une traction parfaite. Caract\u00e9ristiques &#8211; Tablier en Hypalon r\u00e9sistant et antibotte &#8211; Cadre en aluminium anodis\u00e9 haute performance &#8211; Griffe avant en acier et crampons en acier inoxydable, plac\u00e9s sous la plaque et [&hellip;]<\/p>\n","protected":false},"featured_media":11785,"comment_status":"closed","ping_status":"closed","template":"","meta":{"_exactmetrics_skip_tracking":false,"_exactmetrics_sitenote_active":false,"_exactmetrics_sitenote_note":"","_exactmetrics_sitenote_category":0,"_price":"185","_stock":"0.000000","_tribe_ticket_header":"","_tribe_default_ticket_provider":"","_tribe_ticket_capacity":"0","_ticket_start_date":"","_ticket_end_date":"","_tribe_ticket_show_description":"","_tribe_ticket_show_not_going":false,"_tribe_ticket_use_global_stock":"","_tribe_ticket_global_stock_level":"","_global_stock_mode":"","_global_stock_cap":"","_tribe_rsvp_for_event":"","_tribe_ticket_going_count":"","_tribe_ticket_not_going_count":"","_tribe_tickets_list":"[]","_tribe_ticket_has_attendee_info_fields":false},"product_brand":[],"product_cat":[851,286,290],"product_tag":[],"class_list":{"0":"post-11733","1":"product","2":"type-product","3":"status-publish","4":"has-post-thumbnail","6":"product_cat-rando-trek","7":"product_cat-produits-fr","8":"product_cat-outdoor-fr","9":"product_shipping_class-joelette-accessoire","11":"first","12":"instock","13":"sale","14":"taxable","15":"shipping-taxable","16":"purchasable","17":"product-type-variable"},"_links":{"self":[{"href":"https:\/\/www.gsab-aventures.com\/fr\/wp-json\/wp\/v2\/product\/11733","targetHints":{"allow":["GET"]}}],"collection":[{"href":"https:\/\/www.gsab-aventures.com\/fr\/wp-json\/wp\/v2\/product"}],"about":[{"href":"https:\/\/www.gsab-aventures.com\/fr\/wp-json\/wp\/v2\/types\/product"}],"replies":[{"embeddable":true,"href":"https:\/\/www.gsab-aventures.com\/fr\/wp-json\/wp\/v2\/comments?post=11733"}],"wp:featuredmedia":[{"embeddable":true,"href":"https:\/\/www.gsab-aventures.com\/fr\/wp-json\/wp\/v2\/media\/11785"}],"wp:attachment":[{"href":"https:\/\/www.gsab-aventures.com\/fr\/wp-json\/wp\/v2\/media?parent=11733"}],"wp:term":[{"taxonomy":"product_brand","embeddable":true,"href":"https:\/\/www.gsab-aventures.com\/fr\/wp-json\/wp\/v2\/product_brand?post=11733"},{"taxonomy":"product_cat","embeddable":true,"href":"https:\/\/www.gsab-aventures.com\/fr\/wp-json\/wp\/v2\/product_cat?post=11733"},{"taxonomy":"product_tag","embeddable":true,"href":"https:\/\/www.gsab-aventures.com\/fr\/wp-json\/wp\/v2\/product_tag?post=11733"}],"curies":[{"name":"wp","href":"https:\/\/api.w.org\/{rel}","templated":true}]}}