{"id":12554,"date":"2024-04-02T12:48:54","date_gmt":"2024-04-02T10:48:54","guid":{"rendered":"https:\/\/www.gsab-aventures.com\/?post_type=product&#038;p=12554"},"modified":"2024-04-02T12:49:36","modified_gmt":"2024-04-02T10:49:36","slug":"paddleboard-tandem-surf","status":"publish","type":"product","link":"https:\/\/www.gsab-aventures.com\/fr\/produit\/produits-fr\/outdoor-fr\/paddleboard\/paddleboard-tandem-surf\/","title":{"rendered":"Paddleboard &#8211; Tandem surf"},"content":{"rendered":"<p>Le choix id\u00e9al pour commencer \u00e0 pagayer en famille ou avec des amis. Sa taille confortable permet aux d\u00e9butants ou aux personnes en situation de handicap de s&rsquo;entra\u00eener plus facilement \u00e0 deux.<br \/>\nLes si\u00e8ges amovibles sont id\u00e9aux pour une utilisation assise.<\/p>\n<p>Tr\u00e8s bonne qualit\u00e9. La planche est livr\u00e9e avec deux si\u00e8ges et deux pagaies.<\/p>\n","protected":false},"excerpt":{"rendered":"<p>Le choix id\u00e9al pour commencer \u00e0 pagayer en famille ou avec des amis. Sa taille confortable permet aux d\u00e9butants ou aux personnes en situation de handicap de s&rsquo;entra\u00eener plus facilement \u00e0 deux. Les si\u00e8ges amovibles sont id\u00e9aux pour une utilisation assise. Tr\u00e8s bonne qualit\u00e9. La planche est livr\u00e9e avec deux si\u00e8ges et deux pagaies.<\/p>\n","protected":false},"featured_media":12510,"comment_status":"closed","ping_status":"closed","template":"","meta":{"_exactmetrics_skip_tracking":false,"_exactmetrics_sitenote_active":false,"_exactmetrics_sitenote_note":"","_exactmetrics_sitenote_category":0,"_price":"750","_stock":"5.000000","_tribe_ticket_header":"","_tribe_default_ticket_provider":"","_tribe_ticket_capacity":"5","_ticket_start_date":"","_ticket_end_date":"","_tribe_ticket_show_description":"","_tribe_ticket_show_not_going":false,"_tribe_ticket_use_global_stock":"","_tribe_ticket_global_stock_level":"","_global_stock_mode":"","_global_stock_cap":"","_tribe_rsvp_for_event":"","_tribe_ticket_going_count":"","_tribe_ticket_not_going_count":"","_tribe_tickets_list":"[]","_tribe_ticket_has_attendee_info_fields":false},"product_brand":[],"product_cat":[290,1353,286],"product_tag":[],"class_list":{"0":"post-12554","1":"product","2":"type-product","3":"status-publish","4":"has-post-thumbnail","6":"product_cat-outdoor-fr","7":"product_cat-paddleboard","8":"product_cat-produits-fr","10":"first","11":"instock","12":"sale","13":"taxable","14":"shipping-taxable","15":"purchasable","16":"product-type-simple"},"_links":{"self":[{"href":"https:\/\/www.gsab-aventures.com\/fr\/wp-json\/wp\/v2\/product\/12554","targetHints":{"allow":["GET"]}}],"collection":[{"href":"https:\/\/www.gsab-aventures.com\/fr\/wp-json\/wp\/v2\/product"}],"about":[{"href":"https:\/\/www.gsab-aventures.com\/fr\/wp-json\/wp\/v2\/types\/product"}],"replies":[{"embeddable":true,"href":"https:\/\/www.gsab-aventures.com\/fr\/wp-json\/wp\/v2\/comments?post=12554"}],"wp:featuredmedia":[{"embeddable":true,"href":"https:\/\/www.gsab-aventures.com\/fr\/wp-json\/wp\/v2\/media\/12510"}],"wp:attachment":[{"href":"https:\/\/www.gsab-aventures.com\/fr\/wp-json\/wp\/v2\/media?parent=12554"}],"wp:term":[{"taxonomy":"product_brand","embeddable":true,"href":"https:\/\/www.gsab-aventures.com\/fr\/wp-json\/wp\/v2\/product_brand?post=12554"},{"taxonomy":"product_cat","embeddable":true,"href":"https:\/\/www.gsab-aventures.com\/fr\/wp-json\/wp\/v2\/product_cat?post=12554"},{"taxonomy":"product_tag","embeddable":true,"href":"https:\/\/www.gsab-aventures.com\/fr\/wp-json\/wp\/v2\/product_tag?post=12554"}],"curies":[{"name":"wp","href":"https:\/\/api.w.org\/{rel}","templated":true}]}}