{"id":2553,"date":"2020-04-17T21:05:18","date_gmt":"2020-04-17T19:05:18","guid":{"rendered":"https:\/\/www.gsab-aventures.com\/product\/fs-harnais-fast-aventure-verticale\/"},"modified":"2020-10-01T20:25:53","modified_gmt":"2020-10-01T18:25:53","slug":"fs-harnais-fast-aventure-verticale","status":"publish","type":"product","link":"https:\/\/www.gsab-aventures.com\/fr\/produit\/produits-fr\/outdoor-fr\/escalade-fr\/fs-harnais-fast-aventure-verticale\/","title":{"rendered":"Harnais FAST CONFORT &#8211; \u00ab\u00a0AVENTURE VERTICALE\u00a0\u00bb"},"content":{"rendered":"<h2>Description de ce baudrier cuissard de la marque Aventure Verticale:<\/h2>\n<p>Harnais cuissard d&rsquo;escalade enti\u00e8rement r\u00e9glable par des boucles rapides en alliage, pour plus de facilit\u00e9 d&rsquo;utilisation en collectivit\u00e9 (mod\u00e8le de base <a title=\"Fast\" href=\"https:\/\/www.aventureverticale.com\/fr\/escalade\/harnais-cuissard-aves05.html\">AVES05 FAST<\/a> en sangle de 44mm).<\/p>\n<p>Le matelassage de la ceinture et des cuisses est coulissant pour rendre optimale la plage de r\u00e9glage.<\/p>\n<p>Un point d&rsquo;encordement haut gain\u00e9. Deux porte-mat\u00e9riels gain\u00e9s fix\u00e9s sur la ceinture matelass\u00e9e.<\/p>\n<p>Id\u00e9al pour l\u2019utilisation en collectivit\u00e9s : une couleur par taille et une couleur par cuisse pour une mise en place plus rapide.<\/p>\n<p>La garantie Aventure Verticale: 3 ans.<\/p>\n<h3>Norme:<\/h3>\n<p class=\"norme\">CE, EN 12277+A1 :2018 Type C<\/p>\n<h3>Remarque sur cet \u00e9quipement:<\/h3>\n<p>Pour faciliter le suivi des EPI, chacun de nos \u00e9quipements de protection individuelle a un num\u00e9ro unique situ\u00e9 sur l&rsquo;\u00e9tiquette d&rsquo;ann\u00e9e de fabrication.<\/p>\n<div class=\"col1\">\n<h3>Tailles disponibles pour ce baudrier cuissard:<\/h3>\n<ul>\n<li>01 XS-M: ceinture de 53 cm \u00e0 75 cm maxi et cuisses de 25 cm \u00e0 55 cm maxi (pontet jaune)<\/li>\n<li>02 M-L: ceinture de 63 cm \u00e0 100 cm maxi et cuisses de 30 cm \u00e0 70 cm maxi (pontet bleu)<\/li>\n<li>03 XL: ceinture de 73 cm \u00e0 125 cm maxi et cuisses de 35 cm \u00e0 85 cm maxi (pontet mauve)<\/li>\n<li>04 XXL: ceinture de 73 cm \u00e0 150 cm maxi et cuisses de 35 cm \u00e0 100 cm maxi (pontet noir)<\/li>\n<\/ul>\n<h3>Poids de ce baudrier cuissard:<\/h3>\n<p class=\"masse\">450 g (en taille M-L).<\/p>\n<p>&nbsp;<\/p>\n<\/div>\n","protected":false},"excerpt":{"rendered":"<p>Description de ce baudrier cuissard de la marque Aventure Verticale: Harnais cuissard d&rsquo;escalade enti\u00e8rement r\u00e9glable par des boucles rapides en alliage, pour plus de facilit\u00e9 d&rsquo;utilisation en collectivit\u00e9 (mod\u00e8le de base AVES05 FAST en sangle de 44mm). Le matelassage de la ceinture et des cuisses est coulissant pour rendre optimale la plage de r\u00e9glage. Un [&hellip;]<\/p>\n","protected":false},"featured_media":6722,"comment_status":"closed","ping_status":"closed","template":"","meta":{"_exactmetrics_skip_tracking":false,"_exactmetrics_sitenote_active":false,"_exactmetrics_sitenote_note":"","_exactmetrics_sitenote_category":0,"_price":"60","_stock":"","_tribe_ticket_header":"","_tribe_default_ticket_provider":"","_tribe_ticket_capacity":"0","_ticket_start_date":"","_ticket_end_date":"","_tribe_ticket_show_description":"","_tribe_ticket_show_not_going":false,"_tribe_ticket_use_global_stock":"","_tribe_ticket_global_stock_level":"","_global_stock_mode":"","_global_stock_cap":"","_tribe_rsvp_for_event":"","_tribe_ticket_going_count":"","_tribe_ticket_not_going_count":"","_tribe_tickets_list":"[]","_tribe_ticket_has_attendee_info_fields":false},"product_brand":[],"product_cat":[286,290,298],"product_tag":[],"class_list":{"0":"post-2553","1":"product","2":"type-product","3":"status-publish","4":"has-post-thumbnail","6":"product_cat-produits-fr","7":"product_cat-outdoor-fr","8":"product_cat-escalade-fr","10":"first","11":"instock","12":"taxable","13":"shipping-taxable","14":"purchasable","15":"product-type-variable"},"_links":{"self":[{"href":"https:\/\/www.gsab-aventures.com\/fr\/wp-json\/wp\/v2\/product\/2553","targetHints":{"allow":["GET"]}}],"collection":[{"href":"https:\/\/www.gsab-aventures.com\/fr\/wp-json\/wp\/v2\/product"}],"about":[{"href":"https:\/\/www.gsab-aventures.com\/fr\/wp-json\/wp\/v2\/types\/product"}],"replies":[{"embeddable":true,"href":"https:\/\/www.gsab-aventures.com\/fr\/wp-json\/wp\/v2\/comments?post=2553"}],"wp:featuredmedia":[{"embeddable":true,"href":"https:\/\/www.gsab-aventures.com\/fr\/wp-json\/wp\/v2\/media\/6722"}],"wp:attachment":[{"href":"https:\/\/www.gsab-aventures.com\/fr\/wp-json\/wp\/v2\/media?parent=2553"}],"wp:term":[{"taxonomy":"product_brand","embeddable":true,"href":"https:\/\/www.gsab-aventures.com\/fr\/wp-json\/wp\/v2\/product_brand?post=2553"},{"taxonomy":"product_cat","embeddable":true,"href":"https:\/\/www.gsab-aventures.com\/fr\/wp-json\/wp\/v2\/product_cat?post=2553"},{"taxonomy":"product_tag","embeddable":true,"href":"https:\/\/www.gsab-aventures.com\/fr\/wp-json\/wp\/v2\/product_tag?post=2553"}],"curies":[{"name":"wp","href":"https:\/\/api.w.org\/{rel}","templated":true}]}}