{"id":6796,"date":"2020-06-09T09:55:05","date_gmt":"2020-06-09T07:55:05","guid":{"rendered":"https:\/\/www.gsab-aventures.com\/shop\/non%20class\u00e9\/harnais-fast-aventure-verticale\/"},"modified":"2020-10-01T20:07:41","modified_gmt":"2020-10-01T18:07:41","slug":"harnais-fast-aventure-verticale","status":"publish","type":"product","link":"https:\/\/www.gsab-aventures.com\/fr\/produit\/produits-fr\/outdoor-fr\/escalade-fr\/harnais-fast-aventure-verticale\/","title":{"rendered":"Harnais FAST &#8211; \u00ab\u00a0AVENTURE VERTICALE\u00a0\u00bb"},"content":{"rendered":"<p>Description de ce baudrier cuissard de la marque Aventure Verticale:<\/p>\n<p>Harnais cuissard d&rsquo;escalade enti\u00e8rement r\u00e9glable par des boucles rapides en alliage, pour plus de facilit\u00e9 d&rsquo;utilisation en collectivit\u00e9.<\/p>\n<p>Le r\u00e9glage minimum des cuisses et de la ceinture est le m\u00eame pour toutes les tailles. Les tailles diff\u00e9rentes permettent simplement d&rsquo;ajuster le harnais selon le gabarit de l&rsquo;utilisateur (pour \u00e9viter le surplus de sangle).<\/p>\n<p>Un point d&rsquo;encordement haut gain\u00e9.<\/p>\n<p>Ceinture et cuisses en sangle 44mm.<\/p>\n<p>Un porte-mat\u00e9riel gain\u00e9.<\/p>\n<p>Id\u00e9al pour l\u2019utilisation en collectivit\u00e9s : une couleur par taille et une couleur par cuisse pour une mise en place plus rapide.<\/p>\n<p>La garantie Aventure Verticale: 3 ans.<br \/>\nNorme:<\/p>\n<p>CE, EN 12277+A1 :2018 Type C<br \/>\nRemarque sur cet \u00e9quipement:<\/p>\n<p>Pour faciliter le suivi des EPI, chacun de nos \u00e9quipements de protection individuelle a un num\u00e9ro unique situ\u00e9 sur l&rsquo;\u00e9tiquette d&rsquo;ann\u00e9e de fabrication.<br \/>\nTailles disponibles pour ce baudrier cuissard:<\/p>\n<p>4-6 ans : ceinture 55 cm maxi et cuisses 44 cm maxi (sur demande)<br \/>\n8-10 ans : ceinture 65 cm maxi et cuisses 49 cm maxi (sur demande)<br \/>\n01 XS-M: ceinture de 50 cm \u00e0 75 cm maxi et cuisses de 30 cm \u00e0 55 cm maxi (pontet jaune)<br \/>\n02 M-L: ceinture de 50 cm \u00e0 100 cm maxi et cuisses de 30 cm \u00e0 70 cm maxi (pontet bleu)<br \/>\n03 XL: ceinture de 50 cm \u00e0 125 cm maxi et cuisses de 30 cm \u00e0 85 cm maxi (pontet mauve)<br \/>\n04 XXL: ceinture de 50 cm \u00e0 150 cm maxi et cuisses de 30 cm \u00e0 100 cm maxi (pontet noir)<\/p>\n","protected":false},"excerpt":{"rendered":"<p>Description de ce baudrier cuissard de la marque Aventure Verticale: Harnais cuissard d&rsquo;escalade enti\u00e8rement r\u00e9glable par des boucles rapides en alliage, pour plus de facilit\u00e9 d&rsquo;utilisation en collectivit\u00e9. Le r\u00e9glage minimum des cuisses et de la ceinture est le m\u00eame pour toutes les tailles. Les tailles diff\u00e9rentes permettent simplement d&rsquo;ajuster le harnais selon le gabarit [&hellip;]<\/p>\n","protected":false},"featured_media":7391,"comment_status":"closed","ping_status":"closed","template":"","meta":{"_exactmetrics_skip_tracking":false,"_exactmetrics_sitenote_active":false,"_exactmetrics_sitenote_note":"","_exactmetrics_sitenote_category":0,"_price":"38","_stock":"","_tribe_ticket_header":"","_tribe_default_ticket_provider":"","_tribe_ticket_capacity":"0","_ticket_start_date":"","_ticket_end_date":"","_tribe_ticket_show_description":"","_tribe_ticket_show_not_going":false,"_tribe_ticket_use_global_stock":"","_tribe_ticket_global_stock_level":"","_global_stock_mode":"","_global_stock_cap":"","_tribe_rsvp_for_event":"","_tribe_ticket_going_count":"","_tribe_ticket_not_going_count":"","_tribe_tickets_list":"[]","_tribe_ticket_has_attendee_info_fields":false},"product_brand":[],"product_cat":[286,290,298],"product_tag":[],"class_list":{"0":"post-6796","1":"product","2":"type-product","3":"status-publish","4":"has-post-thumbnail","6":"product_cat-produits-fr","7":"product_cat-outdoor-fr","8":"product_cat-escalade-fr","10":"first","11":"instock","12":"taxable","13":"shipping-taxable","14":"purchasable","15":"product-type-variable"},"_links":{"self":[{"href":"https:\/\/www.gsab-aventures.com\/fr\/wp-json\/wp\/v2\/product\/6796","targetHints":{"allow":["GET"]}}],"collection":[{"href":"https:\/\/www.gsab-aventures.com\/fr\/wp-json\/wp\/v2\/product"}],"about":[{"href":"https:\/\/www.gsab-aventures.com\/fr\/wp-json\/wp\/v2\/types\/product"}],"replies":[{"embeddable":true,"href":"https:\/\/www.gsab-aventures.com\/fr\/wp-json\/wp\/v2\/comments?post=6796"}],"wp:featuredmedia":[{"embeddable":true,"href":"https:\/\/www.gsab-aventures.com\/fr\/wp-json\/wp\/v2\/media\/7391"}],"wp:attachment":[{"href":"https:\/\/www.gsab-aventures.com\/fr\/wp-json\/wp\/v2\/media?parent=6796"}],"wp:term":[{"taxonomy":"product_brand","embeddable":true,"href":"https:\/\/www.gsab-aventures.com\/fr\/wp-json\/wp\/v2\/product_brand?post=6796"},{"taxonomy":"product_cat","embeddable":true,"href":"https:\/\/www.gsab-aventures.com\/fr\/wp-json\/wp\/v2\/product_cat?post=6796"},{"taxonomy":"product_tag","embeddable":true,"href":"https:\/\/www.gsab-aventures.com\/fr\/wp-json\/wp\/v2\/product_tag?post=6796"}],"curies":[{"name":"wp","href":"https:\/\/api.w.org\/{rel}","templated":true}]}}