{"id":6845,"date":"2020-06-04T09:44:00","date_gmt":"2020-06-04T07:44:00","guid":{"rendered":"https:\/\/www.gsab-aventures.com\/shop\/non%20class\u00e9\/harnais-cuissard-fisrt-canyon-aventure-verticale\/"},"modified":"2020-11-29T09:47:51","modified_gmt":"2020-11-29T08:47:51","slug":"fisrt-canyon-aventure-verticale","status":"publish","type":"product","link":"https:\/\/www.gsab-aventures.com\/fr\/produit\/produits-fr\/outdoor-fr\/canyoning-fr\/harnais\/fisrt-canyon-aventure-verticale\/","title":{"rendered":"FISRT CANYON \u00ab\u00a0AVENTURE VERTICALE\u00a0\u00bb"},"content":{"rendered":"<p>Le First Canyon est un harnais sp\u00e9cialement con\u00e7u pour les collectivit\u00e9s et groupes. La culotte de protection est en PVC renforc\u00e9 par des oeillets <a href=\"http:\/\/www.aventureverticale.com\/fr\/canyoning\/protection-AV-avca46.html\">AVCA46 Spankprotect<\/a> ce qui augmente sa dur\u00e9e de vie. Point d&rsquo;encordement haut gain\u00e9 &#8211; 1 porte-mat\u00e9riel &#8211; Ceinture et cuisses en sangle 44 mm. Code de couleur pour les diff\u00e9rentes tailles pour faciliter l&rsquo;utilisation en collectivit\u00e9. La garantie Aventure Verticale: 3 ans.<\/p>\n<h3>Norme:<\/h3>\n<p class=\"norme\">CE, EN 12277+A1 :2018 Type C<\/p>\n<h3>Remarque sur cet \u00e9quipement: Pour faciliter le suivi des EPI, chacun de nos \u00e9quipements de protection individuelle a un num\u00e9ro unique situ\u00e9 sur l&rsquo;\u00e9tiquette d&rsquo;ann\u00e9e de fabrication.<\/h3>\n<div class=\"col1\">\n<h3>Tailles disponibles pour ce baudrier cuissard:<\/h3>\n<ul>\n<li>01 XS-M: ceinture maxi 75 cm et cuisses maxi 55 cm (pontet jaune)<\/li>\n<li>02 M-L: ceinture maxi 100 cm et cuisses maxi 70 cm (pontet bleu)<\/li>\n<li>03 XL: ceinture maxi 125 cm et cuisses maxi 85 cm (pontet mauve)<\/li>\n<li>04 XXL: ceinture maxi 150 cm et cuisses maxi 100 cm (pontet noir)<\/li>\n<\/ul>\n<\/div>\n","protected":false},"excerpt":{"rendered":"<p>Le First Canyon est un harnais sp\u00e9cialement con\u00e7u pour les collectivit\u00e9s et groupes. La culotte de protection est en PVC renforc\u00e9 par des oeillets AVCA46 Spankprotect ce qui augmente sa dur\u00e9e de vie. Point d&rsquo;encordement haut gain\u00e9 &#8211; 1 porte-mat\u00e9riel &#8211; Ceinture et cuisses en sangle 44 mm. Code de couleur pour les diff\u00e9rentes tailles [&hellip;]<\/p>\n","protected":false},"featured_media":5915,"comment_status":"open","ping_status":"closed","template":"","meta":{"_exactmetrics_skip_tracking":false,"_exactmetrics_sitenote_active":false,"_exactmetrics_sitenote_note":"","_exactmetrics_sitenote_category":0,"_price":"45","_stock":"","_tribe_ticket_header":"","_tribe_default_ticket_provider":"","_tribe_ticket_capacity":"0","_ticket_start_date":"","_ticket_end_date":"","_tribe_ticket_show_description":"","_tribe_ticket_show_not_going":false,"_tribe_ticket_use_global_stock":"","_tribe_ticket_global_stock_level":"","_global_stock_mode":"","_global_stock_cap":"","_tribe_rsvp_for_event":"","_tribe_ticket_going_count":"","_tribe_ticket_not_going_count":"","_tribe_tickets_list":"[]","_tribe_ticket_has_attendee_info_fields":false},"product_brand":[],"product_cat":[757,286,290,294],"product_tag":[],"class_list":{"0":"post-6845","1":"product","2":"type-product","3":"status-publish","4":"has-post-thumbnail","6":"product_cat-harnais","7":"product_cat-produits-fr","8":"product_cat-outdoor-fr","9":"product_cat-canyoning-fr","11":"first","12":"instock","13":"taxable","14":"shipping-taxable","15":"purchasable","16":"product-type-variable"},"_links":{"self":[{"href":"https:\/\/www.gsab-aventures.com\/fr\/wp-json\/wp\/v2\/product\/6845","targetHints":{"allow":["GET"]}}],"collection":[{"href":"https:\/\/www.gsab-aventures.com\/fr\/wp-json\/wp\/v2\/product"}],"about":[{"href":"https:\/\/www.gsab-aventures.com\/fr\/wp-json\/wp\/v2\/types\/product"}],"replies":[{"embeddable":true,"href":"https:\/\/www.gsab-aventures.com\/fr\/wp-json\/wp\/v2\/comments?post=6845"}],"wp:featuredmedia":[{"embeddable":true,"href":"https:\/\/www.gsab-aventures.com\/fr\/wp-json\/wp\/v2\/media\/5915"}],"wp:attachment":[{"href":"https:\/\/www.gsab-aventures.com\/fr\/wp-json\/wp\/v2\/media?parent=6845"}],"wp:term":[{"taxonomy":"product_brand","embeddable":true,"href":"https:\/\/www.gsab-aventures.com\/fr\/wp-json\/wp\/v2\/product_brand?post=6845"},{"taxonomy":"product_cat","embeddable":true,"href":"https:\/\/www.gsab-aventures.com\/fr\/wp-json\/wp\/v2\/product_cat?post=6845"},{"taxonomy":"product_tag","embeddable":true,"href":"https:\/\/www.gsab-aventures.com\/fr\/wp-json\/wp\/v2\/product_tag?post=6845"}],"curies":[{"name":"wp","href":"https:\/\/api.w.org\/{rel}","templated":true}]}}