{"id":6944,"date":"2020-06-10T22:36:41","date_gmt":"2020-06-10T20:36:41","guid":{"rendered":"https:\/\/www.gsab-aventures.com\/shop\/non%20class\u00e9\/aqua-pro-bestard\/"},"modified":"2020-10-01T18:53:11","modified_gmt":"2020-10-01T16:53:11","slug":"aqua-pro-bestard","status":"publish","type":"product","link":"https:\/\/www.gsab-aventures.com\/fr\/produit\/produits-fr\/outdoor-fr\/canyoning-fr\/chaussures\/aqua-pro-bestard\/","title":{"rendered":"AQUA PRO &#8211; \u00ab\u00a0BESTARD\u00a0\u00bb"},"content":{"rendered":"<p>Apr\u00e8s le succ\u00e8s de notre guide du canyon, nous vous pr\u00e9sentons maintenant son \u00ab\u00a0petit fr\u00e8re\/s\u0153ur\u00a0\u00bb. L&rsquo;Aqua Pro est une chaussure basse, l\u00e9g\u00e8re, polyvalente et technique, con\u00e7ue pour offrir des performances optimales dans les activit\u00e9s de sport d&rsquo;aventure en milieu humide et glissant (comme le canyoning, le kayak, le coastering, les descentes en eaux vives, le rafting, le trekking dans les for\u00eats tropicales, etc.), ainsi que pour les activit\u00e9s hors de l&rsquo;eau, comme les mont\u00e9es d&rsquo;approche, les Vias Ferratas, etc.<\/p>\n<p>Le design et les mat\u00e9riaux ont \u00e9t\u00e9 d\u00e9velopp\u00e9s et s\u00e9lectionn\u00e9s avec soin pour r\u00e9pondre aux exigences les plus \u00e9lev\u00e9es en termes de<\/p>\n<p>GRIP : la semelle ext\u00e9rieure Vibram Best Idrogrip non marquante offre une adh\u00e9rence optimale sur les surfaces humides et glissantes.<\/p>\n<p>DURABILIT\u00c9 : une s\u00e9lection rigoureuse de mat\u00e9riaux \u00e0 la pointe de la technologie dans la fabrication des bottes offre une r\u00e9sistance maximale \u00e0 l&rsquo;usure, tant \u00e0 l&rsquo;abrasion m\u00e9canique qu&rsquo;au contact permanent avec l&rsquo;eau.<\/p>\n<p>CONFORT-PROTECTION-S\u00c9CURIT\u00c9 : la conception de la chaussure, son faible poids et son syst\u00e8me de la\u00e7age sp\u00e9cial offrent une adaptation et un soutien maximum au pied, garantissant des niveaux \u00e9lev\u00e9s de confort, d&rsquo;efficacit\u00e9 et de libert\u00e9 de mouvement. Cela se traduit par une performance optimale de la m\u00eame chaussure, tant pendant l&rsquo;approche que pendant l&rsquo;activit\u00e9 aquatique elle-m\u00eame. Parmi les caract\u00e9ristiques particuli\u00e8res de la chaussure, citons l&rsquo;\u00e9vacuation efficace de l&rsquo;eau de l&rsquo;int\u00e9rieur et le syst\u00e8me de la\u00e7age s\u00e9curis\u00e9 avec une pochette sp\u00e9ciale permettant de rentrer le n\u0153ud et les lacets exc\u00e9dentaires.<\/p>\n","protected":false},"excerpt":{"rendered":"<p>Apr\u00e8s le succ\u00e8s de notre guide du canyon, nous vous pr\u00e9sentons maintenant son \u00ab\u00a0petit fr\u00e8re\/s\u0153ur\u00a0\u00bb. L&rsquo;Aqua Pro est une chaussure basse, l\u00e9g\u00e8re, polyvalente et technique, con\u00e7ue pour offrir des performances optimales dans les activit\u00e9s de sport d&rsquo;aventure en milieu humide et glissant (comme le canyoning, le kayak, le coastering, les descentes en eaux vives, le [&hellip;]<\/p>\n","protected":false},"featured_media":6319,"comment_status":"open","ping_status":"closed","template":"","meta":{"_exactmetrics_skip_tracking":false,"_exactmetrics_sitenote_active":false,"_exactmetrics_sitenote_note":"","_exactmetrics_sitenote_category":0,"_price":"202","_stock":"","_tribe_ticket_header":"","_tribe_default_ticket_provider":"","_tribe_ticket_capacity":"0","_ticket_start_date":"","_ticket_end_date":"","_tribe_ticket_show_description":"","_tribe_ticket_show_not_going":false,"_tribe_ticket_use_global_stock":"","_tribe_ticket_global_stock_level":"","_global_stock_mode":"","_global_stock_cap":"","_tribe_rsvp_for_event":"","_tribe_ticket_going_count":"","_tribe_ticket_not_going_count":"","_tribe_tickets_list":"[]","_tribe_ticket_has_attendee_info_fields":false},"product_brand":[],"product_cat":[750,286,290,294],"product_tag":[],"class_list":{"0":"post-6944","1":"product","2":"type-product","3":"status-publish","4":"has-post-thumbnail","6":"product_cat-chaussures","7":"product_cat-produits-fr","8":"product_cat-outdoor-fr","9":"product_cat-canyoning-fr","10":"product_shipping_class-chaussures-de-canyoning-italie","12":"first","13":"instock","14":"taxable","15":"shipping-taxable","16":"purchasable","17":"product-type-variable"},"_links":{"self":[{"href":"https:\/\/www.gsab-aventures.com\/fr\/wp-json\/wp\/v2\/product\/6944","targetHints":{"allow":["GET"]}}],"collection":[{"href":"https:\/\/www.gsab-aventures.com\/fr\/wp-json\/wp\/v2\/product"}],"about":[{"href":"https:\/\/www.gsab-aventures.com\/fr\/wp-json\/wp\/v2\/types\/product"}],"replies":[{"embeddable":true,"href":"https:\/\/www.gsab-aventures.com\/fr\/wp-json\/wp\/v2\/comments?post=6944"}],"wp:featuredmedia":[{"embeddable":true,"href":"https:\/\/www.gsab-aventures.com\/fr\/wp-json\/wp\/v2\/media\/6319"}],"wp:attachment":[{"href":"https:\/\/www.gsab-aventures.com\/fr\/wp-json\/wp\/v2\/media?parent=6944"}],"wp:term":[{"taxonomy":"product_brand","embeddable":true,"href":"https:\/\/www.gsab-aventures.com\/fr\/wp-json\/wp\/v2\/product_brand?post=6944"},{"taxonomy":"product_cat","embeddable":true,"href":"https:\/\/www.gsab-aventures.com\/fr\/wp-json\/wp\/v2\/product_cat?post=6944"},{"taxonomy":"product_tag","embeddable":true,"href":"https:\/\/www.gsab-aventures.com\/fr\/wp-json\/wp\/v2\/product_tag?post=6944"}],"curies":[{"name":"wp","href":"https:\/\/api.w.org\/{rel}","templated":true}]}}