{"id":7076,"date":"2020-05-25T21:29:17","date_gmt":"2020-05-25T19:29:17","guid":{"rendered":"https:\/\/www.gsab-aventures.com\/shop\/non class\u00e9\/chassis-joelette-kid\/"},"modified":"2020-07-01T00:10:40","modified_gmt":"2020-06-30T22:10:40","slug":"chassis-joelette-kid","status":"publish","type":"product","link":"https:\/\/www.gsab-aventures.com\/fr\/produit\/produits-fr\/outdoor-handi\/joelette-kid\/chassis-joelette-kid\/","title":{"rendered":"JOK &#8211; Jo\u00eblette Kid &#8211; Chassis"},"content":{"rendered":"<h2><strong>La Jo\u00eblette Kid<\/strong>, con\u00e7ue pour les enfants \u00e0 mobilit\u00e9 r\u00e9duite, pour la pratique de la randonn\u00e9e, du trekking ou de la course sur tout type de terrain, m\u00eame les plus accident\u00e9s.<\/h2>\n<div class=\"row\">\n<div id=\"wpv-column-9803f821aa664d076eb8c8077b72314b\" class=\"wpv-grid grid-1-4 wpv-first-level first unextended\">\n<h3 class=\"has-text-align-center\"><strong>Une conception \u00e9tudi\u00e9e pour les Kids<\/strong><\/h3>\n<p>Tr\u00e8s confortable et s\u00e9curis\u00e9e, elle a \u00e9t\u00e9 imagin\u00e9e pour les<strong> enfants<\/strong>. Elle est d\u2019une excellente maniabilit\u00e9 et ne requiert <strong>qu\u2019un seul accompagnateur<\/strong>.<br \/>\nCe fauteuil tout terrain vous procure un confort d\u2019assise et un maintien pour pratiquer la <strong>randonn\u00e9e ou la course en toutes saisons<\/strong>.<\/p>\n<h3 class=\"has-text-align-center\">Deux configurations possibles<\/h3>\n<p>Con\u00e7ue par notre bureau d\u2019\u00e9tude, en collaboration avec un centre orthop\u00e9dique, la JO\u00cbLETTE KID vous offre <strong>deux alternatives<\/strong> :<\/p>\n<ul>\n<li>La Jo\u00eblette Kid avec <strong>assise<\/strong>,<\/li>\n<li>La Jo\u00eblette Kid avec <strong>interface pour corset-si\u00e8ge.<\/strong><\/li>\n<\/ul>\n<\/div>\n<\/div>\n<p>Les frais de port et emballage sont factur\u00e9s en sus pour chaque commande. Nous essayons de grouper les commandes pour r\u00e9duire les co\u00fbts.<\/p>\n","protected":false},"excerpt":{"rendered":"<p>La Jo\u00eblette Kid, con\u00e7ue pour les enfants \u00e0 mobilit\u00e9 r\u00e9duite, pour la pratique de la randonn\u00e9e, du trekking ou de la course sur tout type de terrain, m\u00eame les plus accident\u00e9s. Une conception \u00e9tudi\u00e9e pour les Kids Tr\u00e8s confortable et s\u00e9curis\u00e9e, elle a \u00e9t\u00e9 imagin\u00e9e pour les enfants. Elle est d\u2019une excellente maniabilit\u00e9 et ne [&hellip;]<\/p>\n","protected":false},"featured_media":5661,"comment_status":"closed","ping_status":"closed","template":"","meta":{"_exactmetrics_skip_tracking":false,"_exactmetrics_sitenote_active":false,"_exactmetrics_sitenote_note":"","_exactmetrics_sitenote_category":0,"_price":"1896","_stock":"","_tribe_ticket_header":"","_tribe_default_ticket_provider":"","_tribe_ticket_capacity":"0","_ticket_start_date":"","_ticket_end_date":"","_tribe_ticket_show_description":"","_tribe_ticket_show_not_going":false,"_tribe_ticket_use_global_stock":"","_tribe_ticket_global_stock_level":"","_global_stock_mode":"","_global_stock_cap":"","_tribe_rsvp_for_event":"","_tribe_ticket_going_count":"","_tribe_ticket_not_going_count":"","_tribe_tickets_list":"[]","_tribe_ticket_has_attendee_info_fields":false},"product_brand":[],"product_cat":[856,286,310],"product_tag":[],"class_list":{"0":"post-7076","1":"product","2":"type-product","3":"status-publish","4":"has-post-thumbnail","6":"product_cat-joelette-kid","7":"product_cat-produits-fr","8":"product_cat-outdoor-handi","10":"first","11":"instock","12":"virtual","13":"taxable","14":"purchasable","15":"product-type-simple"},"_links":{"self":[{"href":"https:\/\/www.gsab-aventures.com\/fr\/wp-json\/wp\/v2\/product\/7076","targetHints":{"allow":["GET"]}}],"collection":[{"href":"https:\/\/www.gsab-aventures.com\/fr\/wp-json\/wp\/v2\/product"}],"about":[{"href":"https:\/\/www.gsab-aventures.com\/fr\/wp-json\/wp\/v2\/types\/product"}],"replies":[{"embeddable":true,"href":"https:\/\/www.gsab-aventures.com\/fr\/wp-json\/wp\/v2\/comments?post=7076"}],"wp:featuredmedia":[{"embeddable":true,"href":"https:\/\/www.gsab-aventures.com\/fr\/wp-json\/wp\/v2\/media\/5661"}],"wp:attachment":[{"href":"https:\/\/www.gsab-aventures.com\/fr\/wp-json\/wp\/v2\/media?parent=7076"}],"wp:term":[{"taxonomy":"product_brand","embeddable":true,"href":"https:\/\/www.gsab-aventures.com\/fr\/wp-json\/wp\/v2\/product_brand?post=7076"},{"taxonomy":"product_cat","embeddable":true,"href":"https:\/\/www.gsab-aventures.com\/fr\/wp-json\/wp\/v2\/product_cat?post=7076"},{"taxonomy":"product_tag","embeddable":true,"href":"https:\/\/www.gsab-aventures.com\/fr\/wp-json\/wp\/v2\/product_tag?post=7076"}],"curies":[{"name":"wp","href":"https:\/\/api.w.org\/{rel}","templated":true}]}}