{"id":7090,"date":"2020-05-25T21:23:43","date_gmt":"2020-05-25T19:23:43","guid":{"rendered":"https:\/\/www.gsab-aventures.com\/shop\/non class\u00e9\/interface-joelette-kid\/"},"modified":"2020-05-25T21:23:43","modified_gmt":"2020-05-25T19:23:43","slug":"interface-joelette-kid","status":"publish","type":"product","link":"https:\/\/www.gsab-aventures.com\/fr\/produit\/produits-fr\/outdoor-handi\/joelette-kid\/interface-joelette-kid\/","title":{"rendered":"JOK &#8211; Jo\u00eblette Kid &#8211; Interface"},"content":{"rendered":"<p>L&rsquo;interface permet l&rsquo;utilisation de la Jo\u00eblette Kid avec une coque adapt\u00e9e.<\/p>\n<p>Les frais de port et emballage sont factur\u00e9s en sus pour chaque commande. Nous essayons de grouper les commandes pour r\u00e9duire les co\u00fbts.<\/p>\n","protected":false},"excerpt":{"rendered":"<p>L&rsquo;interface permet l&rsquo;utilisation de la Jo\u00eblette Kid avec une coque adapt\u00e9e. Les frais de port et emballage sont factur\u00e9s en sus pour chaque commande. Nous essayons de grouper les commandes pour r\u00e9duire les co\u00fbts.<\/p>\n","protected":false},"featured_media":5664,"comment_status":"closed","ping_status":"closed","template":"","meta":{"_exactmetrics_skip_tracking":false,"_exactmetrics_sitenote_active":false,"_exactmetrics_sitenote_note":"","_exactmetrics_sitenote_category":0,"_price":"527","_stock":"","_tribe_ticket_header":"","_tribe_default_ticket_provider":"","_tribe_ticket_capacity":"0","_ticket_start_date":"","_ticket_end_date":"","_tribe_ticket_show_description":"","_tribe_ticket_show_not_going":false,"_tribe_ticket_use_global_stock":"","_tribe_ticket_global_stock_level":"","_global_stock_mode":"","_global_stock_cap":"","_tribe_rsvp_for_event":"","_tribe_ticket_going_count":"","_tribe_ticket_not_going_count":"","_tribe_tickets_list":"[]","_tribe_ticket_has_attendee_info_fields":false},"product_brand":[],"product_cat":[856,286,310],"product_tag":[],"class_list":{"0":"post-7090","1":"product","2":"type-product","3":"status-publish","4":"has-post-thumbnail","6":"product_cat-joelette-kid","7":"product_cat-produits-fr","8":"product_cat-outdoor-handi","10":"first","11":"instock","12":"virtual","13":"taxable","14":"purchasable","15":"product-type-simple"},"_links":{"self":[{"href":"https:\/\/www.gsab-aventures.com\/fr\/wp-json\/wp\/v2\/product\/7090","targetHints":{"allow":["GET"]}}],"collection":[{"href":"https:\/\/www.gsab-aventures.com\/fr\/wp-json\/wp\/v2\/product"}],"about":[{"href":"https:\/\/www.gsab-aventures.com\/fr\/wp-json\/wp\/v2\/types\/product"}],"replies":[{"embeddable":true,"href":"https:\/\/www.gsab-aventures.com\/fr\/wp-json\/wp\/v2\/comments?post=7090"}],"wp:featuredmedia":[{"embeddable":true,"href":"https:\/\/www.gsab-aventures.com\/fr\/wp-json\/wp\/v2\/media\/5664"}],"wp:attachment":[{"href":"https:\/\/www.gsab-aventures.com\/fr\/wp-json\/wp\/v2\/media?parent=7090"}],"wp:term":[{"taxonomy":"product_brand","embeddable":true,"href":"https:\/\/www.gsab-aventures.com\/fr\/wp-json\/wp\/v2\/product_brand?post=7090"},{"taxonomy":"product_cat","embeddable":true,"href":"https:\/\/www.gsab-aventures.com\/fr\/wp-json\/wp\/v2\/product_cat?post=7090"},{"taxonomy":"product_tag","embeddable":true,"href":"https:\/\/www.gsab-aventures.com\/fr\/wp-json\/wp\/v2\/product_tag?post=7090"}],"curies":[{"name":"wp","href":"https:\/\/api.w.org\/{rel}","templated":true}]}}