{"id":7094,"date":"2020-05-25T19:53:55","date_gmt":"2020-05-25T17:53:55","guid":{"rendered":"https:\/\/www.gsab-aventures.com\/shop\/non%20class\u00e9\/assise-joelette-kid\/"},"modified":"2020-11-29T11:04:46","modified_gmt":"2020-11-29T10:04:46","slug":"assise-joelette-kid","status":"publish","type":"product","link":"https:\/\/www.gsab-aventures.com\/fr\/produit\/produits-fr\/outdoor-handi\/joelette-kid\/assise-joelette-kid\/","title":{"rendered":"JOK &#8211; Jo\u00eblette Kid &#8211; Assise"},"content":{"rendered":"<p>L&rsquo;assise s&rsquo;utilise en compl\u00e9ment du chassis Jo\u00eblette Kid. Il permet d&rsquo;utiliser la jo\u00eblette avec des enfants pouvant se tenir assis.<\/p>\n<p>Les frais de port et emballage sont factur\u00e9s en sus pour chaque commande. Nous essayons de grouper les commandes pour r\u00e9duire les co\u00fbts.<\/p>\n","protected":false},"excerpt":{"rendered":"<p>L&rsquo;assise s&rsquo;utilise en compl\u00e9ment du chassis Jo\u00eblette Kid. Il permet d&rsquo;utiliser la jo\u00eblette avec des enfants pouvant se tenir assis. Les frais de port et emballage sont factur\u00e9s en sus pour chaque commande. Nous essayons de grouper les commandes pour r\u00e9duire les co\u00fbts.<\/p>\n","protected":false},"featured_media":5658,"comment_status":"closed","ping_status":"closed","template":"","meta":{"_exactmetrics_skip_tracking":false,"_exactmetrics_sitenote_active":false,"_exactmetrics_sitenote_note":"","_exactmetrics_sitenote_category":0,"_price":"937","_stock":"","_tribe_ticket_header":"","_tribe_default_ticket_provider":"","_tribe_ticket_capacity":"0","_ticket_start_date":"","_ticket_end_date":"","_tribe_ticket_show_description":"","_tribe_ticket_show_not_going":false,"_tribe_ticket_use_global_stock":"","_tribe_ticket_global_stock_level":"","_global_stock_mode":"","_global_stock_cap":"","_tribe_rsvp_for_event":"","_tribe_ticket_going_count":"","_tribe_ticket_not_going_count":"","_tribe_tickets_list":"[]","_tribe_ticket_has_attendee_info_fields":false},"product_brand":[],"product_cat":[856,286,310],"product_tag":[],"class_list":{"0":"post-7094","1":"product","2":"type-product","3":"status-publish","4":"has-post-thumbnail","6":"product_cat-joelette-kid","7":"product_cat-produits-fr","8":"product_cat-outdoor-handi","10":"first","11":"instock","12":"virtual","13":"taxable","14":"purchasable","15":"product-type-simple"},"_links":{"self":[{"href":"https:\/\/www.gsab-aventures.com\/fr\/wp-json\/wp\/v2\/product\/7094","targetHints":{"allow":["GET"]}}],"collection":[{"href":"https:\/\/www.gsab-aventures.com\/fr\/wp-json\/wp\/v2\/product"}],"about":[{"href":"https:\/\/www.gsab-aventures.com\/fr\/wp-json\/wp\/v2\/types\/product"}],"replies":[{"embeddable":true,"href":"https:\/\/www.gsab-aventures.com\/fr\/wp-json\/wp\/v2\/comments?post=7094"}],"wp:featuredmedia":[{"embeddable":true,"href":"https:\/\/www.gsab-aventures.com\/fr\/wp-json\/wp\/v2\/media\/5658"}],"wp:attachment":[{"href":"https:\/\/www.gsab-aventures.com\/fr\/wp-json\/wp\/v2\/media?parent=7094"}],"wp:term":[{"taxonomy":"product_brand","embeddable":true,"href":"https:\/\/www.gsab-aventures.com\/fr\/wp-json\/wp\/v2\/product_brand?post=7094"},{"taxonomy":"product_cat","embeddable":true,"href":"https:\/\/www.gsab-aventures.com\/fr\/wp-json\/wp\/v2\/product_cat?post=7094"},{"taxonomy":"product_tag","embeddable":true,"href":"https:\/\/www.gsab-aventures.com\/fr\/wp-json\/wp\/v2\/product_tag?post=7094"}],"curies":[{"name":"wp","href":"https:\/\/api.w.org\/{rel}","templated":true}]}}