{"id":7100,"date":"2020-05-25T19:49:23","date_gmt":"2020-05-25T17:49:23","guid":{"rendered":"https:\/\/www.gsab-aventures.com\/shop\/non%20class\u00e9\/joelette-kid\/"},"modified":"2024-02-09T22:11:29","modified_gmt":"2024-02-09T21:11:29","slug":"joelette-kid","status":"publish","type":"product","link":"https:\/\/www.gsab-aventures.com\/fr\/produit\/produits-fr\/outdoor-handi\/joelette-kid\/joelette-kid\/","title":{"rendered":"JOK &#8211; Jo\u00eblette Kid"},"content":{"rendered":"<p>La Jo\u00eblette Kid, con\u00e7ue pour les enfants \u00e0 mobilit\u00e9 r\u00e9duite, pour la pratique de la randonn\u00e9e, du trekking ou de la course sur tout type de terrain, m\u00eame les plus accident\u00e9s.<\/p>\n<div class=\"row\">\n<div id=\"wpv-column-9803f821aa664d076eb8c8077b72314b\" class=\"wpv-grid grid-1-4 wpv-first-level first unextended\">\n<p class=\"has-text-align-center\">Une conception \u00e9tudi\u00e9e pour les Kids<\/p>\n<p>Tr\u00e8s confortable et s\u00e9curis\u00e9e, elle a \u00e9t\u00e9 imagin\u00e9e pour les enfants. Elle est d\u2019une excellente maniabilit\u00e9 et ne requiert qu\u2019un seul accompagnateur.<br \/>\nCe fauteuil tout terrain vous procure un confort d\u2019assise et un maintien pour pratiquer la randonn\u00e9e ou la course en toutes saisons.<\/p>\n<p class=\"has-text-align-center\">Deux configurations possibles<\/p>\n<p>Con\u00e7ue par notre bureau d\u2019\u00e9tude, en collaboration avec un centre orthop\u00e9dique, la JO\u00cbLETTE KID vous offre deux alternatives :<\/p>\n<ul>\n<li>La Jo\u00eblette Kid avec assise,<\/li>\n<li>La Jo\u00eblette Kid avec interface pour corset-si\u00e8ge.<\/li>\n<\/ul>\n<p>Avec sa technologie de roues monotraces, la JO\u00cbLETTE Kid peut passer partout, m\u00eame dans des parcours tr\u00e8s accident\u00e9s. Elle est \u00e9galement parfaitement adapt\u00e9e pour la course mais aussi pour le trail et les passages difficiles avec l\u2019option bras avant.<br \/>\nSon guidon r\u00e9glable permet une grande facilit\u00e9 de pilotage.<\/p>\n<ul>\n<li>Partagez des activit\u00e9s d\u2019ext\u00e9rieur en groupe : famille, amis, association\u2026<\/li>\n<li>Rendez possible la d\u00e9couverte de lieux jusque-l\u00e0 inaccessibles avec un fauteuil roulant.<\/li>\n<li>Profitez de la vie ensemble : promenade et changement d\u2019air au programme.<\/li>\n<li>Relevez des d\u00e9fis sportifs, humains et solidaires, encourageant le d\u00e9passement de soi.<\/li>\n<li>D\u00e9couvrez la nature et de nouveaux paysages (montagne, parcs naturels, for\u00eats, voyages \u00e0 l\u2019\u00e9tranger \u2026).<\/li>\n<li>Participez \u00e0 des raids, des courses, des marathons\u2026<\/li>\n<li>Partez \u00e0 la d\u00e9couverte d\u2019un territoire et son patrimoine naturel, historique, culturel.<\/li>\n<\/ul>\n<p>Le prix indiqu\u00e9 comprend le chassis et l&rsquo;assise.<\/p>\n<p>Un forfait suppl\u00e9mentaire de port et d&#8217;emballage est factur\u00e9 pour chaque commande.<\/p>\n<p>Contactez-nous plus plus d&rsquo;informations ou pour une offre avec accessoires<\/p>\n<\/div>\n<\/div>\n","protected":false},"excerpt":{"rendered":"<p>La Jo\u00eblette Kid, con\u00e7ue pour les enfants \u00e0 mobilit\u00e9 r\u00e9duite, pour la pratique de la randonn\u00e9e, du trekking ou de la course sur tout type de terrain, m\u00eame les plus accident\u00e9s. Une conception \u00e9tudi\u00e9e pour les Kids Tr\u00e8s confortable et s\u00e9curis\u00e9e, elle a \u00e9t\u00e9 imagin\u00e9e pour les enfants. Elle est d\u2019une excellente maniabilit\u00e9 et ne [&hellip;]<\/p>\n","protected":false},"featured_media":5628,"comment_status":"closed","ping_status":"closed","template":"","meta":{"_exactmetrics_skip_tracking":false,"_exactmetrics_sitenote_active":false,"_exactmetrics_sitenote_note":"","_exactmetrics_sitenote_category":0,"_price":"2973","_stock":"","_tribe_ticket_header":"","_tribe_default_ticket_provider":"","_tribe_ticket_capacity":"0","_ticket_start_date":"","_ticket_end_date":"","_tribe_ticket_show_description":"","_tribe_ticket_show_not_going":false,"_tribe_ticket_use_global_stock":"","_tribe_ticket_global_stock_level":"","_global_stock_mode":"","_global_stock_cap":"","_tribe_rsvp_for_event":"","_tribe_ticket_going_count":"","_tribe_ticket_not_going_count":"","_tribe_tickets_list":"[]","_tribe_ticket_has_attendee_info_fields":false},"product_brand":[],"product_cat":[856,286,310],"product_tag":[],"class_list":{"0":"post-7100","1":"product","2":"type-product","3":"status-publish","4":"has-post-thumbnail","6":"product_cat-joelette-kid","7":"product_cat-produits-fr","8":"product_cat-outdoor-handi","10":"first","11":"onbackorder","12":"virtual","13":"taxable","14":"purchasable","15":"product-type-simple"},"_links":{"self":[{"href":"https:\/\/www.gsab-aventures.com\/fr\/wp-json\/wp\/v2\/product\/7100","targetHints":{"allow":["GET"]}}],"collection":[{"href":"https:\/\/www.gsab-aventures.com\/fr\/wp-json\/wp\/v2\/product"}],"about":[{"href":"https:\/\/www.gsab-aventures.com\/fr\/wp-json\/wp\/v2\/types\/product"}],"replies":[{"embeddable":true,"href":"https:\/\/www.gsab-aventures.com\/fr\/wp-json\/wp\/v2\/comments?post=7100"}],"wp:featuredmedia":[{"embeddable":true,"href":"https:\/\/www.gsab-aventures.com\/fr\/wp-json\/wp\/v2\/media\/5628"}],"wp:attachment":[{"href":"https:\/\/www.gsab-aventures.com\/fr\/wp-json\/wp\/v2\/media?parent=7100"}],"wp:term":[{"taxonomy":"product_brand","embeddable":true,"href":"https:\/\/www.gsab-aventures.com\/fr\/wp-json\/wp\/v2\/product_brand?post=7100"},{"taxonomy":"product_cat","embeddable":true,"href":"https:\/\/www.gsab-aventures.com\/fr\/wp-json\/wp\/v2\/product_cat?post=7100"},{"taxonomy":"product_tag","embeddable":true,"href":"https:\/\/www.gsab-aventures.com\/fr\/wp-json\/wp\/v2\/product_tag?post=7100"}],"curies":[{"name":"wp","href":"https:\/\/api.w.org\/{rel}","templated":true}]}}