{"id":7107,"date":"2020-05-19T19:54:57","date_gmt":"2020-05-19T17:54:57","guid":{"rendered":"https:\/\/www.gsab-aventures.com\/shop\/non%20class\u00e9\/sa-joelette-monoroue\/"},"modified":"2024-02-09T22:05:32","modified_gmt":"2024-02-09T21:05:32","slug":"joe-joelette-monoroue","status":"publish","type":"product","link":"https:\/\/www.gsab-aventures.com\/fr\/produit\/produits-fr\/outdoor-handi\/joelette-fr\/joe-joelette-monoroue\/","title":{"rendered":"Jo\u00eblette adventure &#038; e-motion"},"content":{"rendered":"<p>La Jo\u00eblette est un <strong>fauteuil tout terrain monoroue<\/strong> qui permet la pratique de la randonn\u00e9e ou de la course \u00e0 toute personne \u00e0 mobilit\u00e9 r\u00e9duite ou en situation de handicap, enfant ou adulte, m\u00eame tr\u00e8s lourdement d\u00e9pendant, avec l\u2019aide d\u2019au moins deux accompagnateurs. L\u2019accompagnateur arri\u00e8re assure l\u2019\u00e9quilibre de la Jo\u00eblette, l\u2019accompagnateur avant assure la traction et la direction. <strong>Con\u00e7ue \u00e0 la fois pour la promenade familiale et les utilisations sportives<\/strong>, la limite de la Jo\u00eblette d\u00e9pend seulement des possibilit\u00e9s des accompagnateurs !<\/p>\n<p>Acc\u00e9dez aux chemins accident\u00e9s ou \u00e0 forts d\u00e9nivel\u00e9s, c\u2019est possible avec notre fauteuil tout-terrain, \u00e0 assistance \u00e9lectrique, destin\u00e9 aux personnes en situation de handicap. Sa roue fatbike vous permettra de profiter de vos randonn\u00e9es et trails en fauteuil, en toute facilit\u00e9.<\/p>\n<p>Lorsque vous en ressentez le besoin, utilisez l\u2019acc\u00e9l\u00e9rateur pour activer l\u2019assistance \u00e0 la puissance choisie gr\u00e2ce \u00e0 un \u00e9cran de contr\u00f4le. Dot\u00e9e d\u2019un moteur derni\u00e8re g\u00e9n\u00e9ration et de deux batteries avec une grande autonomie, ce fauteuil facilitera vos excursions longues en famille ou entre amis.<\/p>\n<p>Une fois pli\u00e9e, la Jo\u00eblette eMotion prend peu de place et s\u2019emporte facilement dans toutes vos aventures.<\/p>\n<p>Facilement pliable, elle se range dans le coffre de la voiture.<\/p>\n<p>La jo\u00eblette est un produit <strong>Jo\u00eblette &amp; Co<\/strong> by <strong>Ferriol Matrat<\/strong><\/p>\n<p>Contactez-nous pour plus d&rsquo;informations ou pour une offre d\u00e9taill\u00e9e avec tous les accessoires<\/p>\n","protected":false},"excerpt":{"rendered":"<p>La Jo\u00eblette est un fauteuil tout terrain monoroue qui permet la pratique de la randonn\u00e9e ou de la course \u00e0 toute personne \u00e0 mobilit\u00e9 r\u00e9duite ou en situation de handicap, enfant ou adulte, m\u00eame tr\u00e8s lourdement d\u00e9pendant, avec l\u2019aide d\u2019au moins deux accompagnateurs. L\u2019accompagnateur arri\u00e8re assure l\u2019\u00e9quilibre de la Jo\u00eblette, l\u2019accompagnateur avant assure la traction [&hellip;]<\/p>\n","protected":false},"featured_media":12390,"comment_status":"closed","ping_status":"closed","template":"","meta":{"_exactmetrics_skip_tracking":false,"_exactmetrics_sitenote_active":false,"_exactmetrics_sitenote_note":"","_exactmetrics_sitenote_category":0,"_price":"4300","_stock":"","_tribe_ticket_header":"","_tribe_default_ticket_provider":"","_tribe_ticket_capacity":"0","_ticket_start_date":"","_ticket_end_date":"","_tribe_ticket_show_description":"","_tribe_ticket_show_not_going":false,"_tribe_ticket_use_global_stock":"","_tribe_ticket_global_stock_level":"","_global_stock_mode":"","_global_stock_cap":"","_tribe_rsvp_for_event":"","_tribe_ticket_going_count":"","_tribe_ticket_not_going_count":"","_tribe_tickets_list":"[]","_tribe_ticket_has_attendee_info_fields":false},"product_brand":[],"product_cat":[286,310,345],"product_tag":[],"class_list":{"0":"post-7107","1":"product","2":"type-product","3":"status-publish","4":"has-post-thumbnail","6":"product_cat-produits-fr","7":"product_cat-outdoor-handi","8":"product_cat-joelette-fr","9":"product_shipping_class-joelette","11":"first","12":"onbackorder","13":"taxable","14":"shipping-taxable","15":"purchasable","16":"product-type-variable"},"_links":{"self":[{"href":"https:\/\/www.gsab-aventures.com\/fr\/wp-json\/wp\/v2\/product\/7107","targetHints":{"allow":["GET"]}}],"collection":[{"href":"https:\/\/www.gsab-aventures.com\/fr\/wp-json\/wp\/v2\/product"}],"about":[{"href":"https:\/\/www.gsab-aventures.com\/fr\/wp-json\/wp\/v2\/types\/product"}],"replies":[{"embeddable":true,"href":"https:\/\/www.gsab-aventures.com\/fr\/wp-json\/wp\/v2\/comments?post=7107"}],"wp:featuredmedia":[{"embeddable":true,"href":"https:\/\/www.gsab-aventures.com\/fr\/wp-json\/wp\/v2\/media\/12390"}],"wp:attachment":[{"href":"https:\/\/www.gsab-aventures.com\/fr\/wp-json\/wp\/v2\/media?parent=7107"}],"wp:term":[{"taxonomy":"product_brand","embeddable":true,"href":"https:\/\/www.gsab-aventures.com\/fr\/wp-json\/wp\/v2\/product_brand?post=7107"},{"taxonomy":"product_cat","embeddable":true,"href":"https:\/\/www.gsab-aventures.com\/fr\/wp-json\/wp\/v2\/product_cat?post=7107"},{"taxonomy":"product_tag","embeddable":true,"href":"https:\/\/www.gsab-aventures.com\/fr\/wp-json\/wp\/v2\/product_tag?post=7107"}],"curies":[{"name":"wp","href":"https:\/\/api.w.org\/{rel}","templated":true}]}}