{"id":7129,"date":"2020-04-17T21:05:20","date_gmt":"2020-04-17T19:05:20","guid":{"rendered":"https:\/\/www.gsab-aventures.com\/shop\/non%20class\u00e9\/joe-joelette-electrique\/"},"modified":"2020-11-29T15:57:11","modified_gmt":"2020-11-29T14:57:11","slug":"joe-joelette-electrique","status":"publish","type":"product","link":"https:\/\/www.gsab-aventures.com\/fr\/produit\/produits-fr\/outdoor-handi\/joelette-fr\/joe-joelette-electrique\/","title":{"rendered":"JOE &#8211; Jo\u00eblette \u00e9lectrique"},"content":{"rendered":"<div id=\"wpv-column-645770eb7e2e2459e100e285fbf35558\" class=\"wpv-grid grid-1-4 wpv-first-level first unextended\">La e-Jo\u00eblette est un <strong>fauteuil tout terrain monoroue qui permet la pratique de la randonn\u00e9e ou de la course \u00e0 toute personne \u00e0 mobilit\u00e9 r\u00e9duite ou en situation de handicap<\/strong>, enfant ou adulte, m\u00eame tr\u00e8s lourdement d\u00e9pendant, avec l\u2019aide d\u2019au moins deux accompagnateurs. <strong>La e-Jo\u00eblette fournit une aide \u00e9lectrique \u00e0 hauteur de 6km\/h.<\/strong> Elle permet de soulager les accompagnateurs lors d\u2019excursions longues avec un fort d\u00e9nivel\u00e9 et en fortes pentes, ou lorsque les passagers sont lourds. L\u2019accompagnateur arri\u00e8re assure l\u2019\u00e9quilibre de la Jo\u00eblette, l\u2019accompagnateur avant assure la traction et la direction. Con\u00e7ue \u00e0 la fois <strong>pour la promenade familiale et les utilisations sportives<\/strong>, la limite de la Jo\u00eblette d\u00e9pend seulement des possibilit\u00e9s des accompagnateurs ! Facilement pliable, elle se range dans le coffre de la voiture.<\/div>\n","protected":false},"excerpt":{"rendered":"<p>La e-Jo\u00eblette est un fauteuil tout terrain monoroue qui permet la pratique de la randonn\u00e9e ou de la course \u00e0 toute personne \u00e0 mobilit\u00e9 r\u00e9duite ou en situation de handicap, enfant ou adulte, m\u00eame tr\u00e8s lourdement d\u00e9pendant, avec l\u2019aide d\u2019au moins deux accompagnateurs. La e-Jo\u00eblette fournit une aide \u00e9lectrique \u00e0 hauteur de 6km\/h. Elle permet [&hellip;]<\/p>\n","protected":false},"featured_media":4518,"comment_status":"closed","ping_status":"closed","template":"","meta":{"_exactmetrics_skip_tracking":false,"_exactmetrics_sitenote_active":false,"_exactmetrics_sitenote_note":"","_exactmetrics_sitenote_category":0,"_price":"7344","_stock":"","_tribe_ticket_header":"","_tribe_default_ticket_provider":"","_tribe_ticket_capacity":"0","_ticket_start_date":"","_ticket_end_date":"","_tribe_ticket_show_description":"","_tribe_ticket_show_not_going":false,"_tribe_ticket_use_global_stock":"","_tribe_ticket_global_stock_level":"","_global_stock_mode":"","_global_stock_cap":"","_tribe_rsvp_for_event":"","_tribe_ticket_going_count":"","_tribe_ticket_not_going_count":"","_tribe_tickets_list":"[]","_tribe_ticket_has_attendee_info_fields":false},"product_brand":[],"product_cat":[286,310,345],"product_tag":[],"class_list":{"0":"post-7129","1":"product","2":"type-product","3":"status-publish","4":"has-post-thumbnail","6":"product_cat-produits-fr","7":"product_cat-outdoor-handi","8":"product_cat-joelette-fr","9":"product_shipping_class-joelette","11":"first","12":"instock","13":"taxable","14":"shipping-taxable","15":"purchasable","16":"product-type-simple"},"_links":{"self":[{"href":"https:\/\/www.gsab-aventures.com\/fr\/wp-json\/wp\/v2\/product\/7129","targetHints":{"allow":["GET"]}}],"collection":[{"href":"https:\/\/www.gsab-aventures.com\/fr\/wp-json\/wp\/v2\/product"}],"about":[{"href":"https:\/\/www.gsab-aventures.com\/fr\/wp-json\/wp\/v2\/types\/product"}],"replies":[{"embeddable":true,"href":"https:\/\/www.gsab-aventures.com\/fr\/wp-json\/wp\/v2\/comments?post=7129"}],"wp:featuredmedia":[{"embeddable":true,"href":"https:\/\/www.gsab-aventures.com\/fr\/wp-json\/wp\/v2\/media\/4518"}],"wp:attachment":[{"href":"https:\/\/www.gsab-aventures.com\/fr\/wp-json\/wp\/v2\/media?parent=7129"}],"wp:term":[{"taxonomy":"product_brand","embeddable":true,"href":"https:\/\/www.gsab-aventures.com\/fr\/wp-json\/wp\/v2\/product_brand?post=7129"},{"taxonomy":"product_cat","embeddable":true,"href":"https:\/\/www.gsab-aventures.com\/fr\/wp-json\/wp\/v2\/product_cat?post=7129"},{"taxonomy":"product_tag","embeddable":true,"href":"https:\/\/www.gsab-aventures.com\/fr\/wp-json\/wp\/v2\/product_tag?post=7129"}],"curies":[{"name":"wp","href":"https:\/\/api.w.org\/{rel}","templated":true}]}}