{"id":7139,"date":"2020-04-17T21:05:19","date_gmt":"2020-04-17T19:05:19","guid":{"rendered":"https:\/\/www.gsab-aventures.com\/shop\/non%20class\u00e9\/ac-fob-systeme-de-portage\/"},"modified":"2021-01-01T00:00:17","modified_gmt":"2020-12-31T23:00:17","slug":"fob-systeme-de-portage","status":"publish","type":"product","link":"https:\/\/www.gsab-aventures.com\/fr\/produit\/produits-fr\/outdoor-handi\/accessoires-fr\/fob-systeme-de-portage\/","title":{"rendered":"FOB &#8211; Syst\u00e8me de portage"},"content":{"rendered":"<p>Le Fob est un syst\u00e8me de portage facilitant le transfert des personnes en situation de handicap. Il est con\u00e7u sp\u00e9cialement pour les personnes de forte corpulence. Le syst\u00e8me est muni de nombreuse sangles et poign\u00e9es permettant d&rsquo;ajuster la toile \u00e0 la personne puis de le d\u00e9placer sans difficult\u00e9.<\/p>\n","protected":false},"excerpt":{"rendered":"<p>Le Fob est un syst\u00e8me de portage facilitant le transfert des personnes en situation de handicap. Il est con\u00e7u sp\u00e9cialement pour les personnes de forte corpulence. Le syst\u00e8me est muni de nombreuse sangles et poign\u00e9es permettant d&rsquo;ajuster la toile \u00e0 la personne puis de le d\u00e9placer sans difficult\u00e9.<\/p>\n","protected":false},"featured_media":8390,"comment_status":"closed","ping_status":"closed","template":"","meta":{"_exactmetrics_skip_tracking":false,"_exactmetrics_sitenote_active":false,"_exactmetrics_sitenote_note":"","_exactmetrics_sitenote_category":0,"_price":"450","_stock":"","_tribe_ticket_header":"","_tribe_default_ticket_provider":"","_tribe_ticket_capacity":"0","_ticket_start_date":"","_ticket_end_date":"","_tribe_ticket_show_description":"","_tribe_ticket_show_not_going":false,"_tribe_ticket_use_global_stock":"","_tribe_ticket_global_stock_level":"","_global_stock_mode":"","_global_stock_cap":"","_tribe_rsvp_for_event":"","_tribe_ticket_going_count":"","_tribe_ticket_not_going_count":"","_tribe_tickets_list":"[]","_tribe_ticket_has_attendee_info_fields":false},"product_brand":[],"product_cat":[286,310,345,326,332,314,318],"product_tag":[],"class_list":{"0":"post-7139","1":"product","2":"type-product","3":"status-publish","4":"has-post-thumbnail","6":"product_cat-produits-fr","7":"product_cat-outdoor-handi","8":"product_cat-joelette-fr","9":"product_cat-sofao-fr","10":"product_cat-swincar-fr","11":"product_cat-accessoires-fr","12":"product_cat-biski-fr","14":"first","15":"instock","16":"sale","17":"taxable","18":"shipping-taxable","19":"purchasable","20":"product-type-simple"},"_links":{"self":[{"href":"https:\/\/www.gsab-aventures.com\/fr\/wp-json\/wp\/v2\/product\/7139","targetHints":{"allow":["GET"]}}],"collection":[{"href":"https:\/\/www.gsab-aventures.com\/fr\/wp-json\/wp\/v2\/product"}],"about":[{"href":"https:\/\/www.gsab-aventures.com\/fr\/wp-json\/wp\/v2\/types\/product"}],"replies":[{"embeddable":true,"href":"https:\/\/www.gsab-aventures.com\/fr\/wp-json\/wp\/v2\/comments?post=7139"}],"wp:featuredmedia":[{"embeddable":true,"href":"https:\/\/www.gsab-aventures.com\/fr\/wp-json\/wp\/v2\/media\/8390"}],"wp:attachment":[{"href":"https:\/\/www.gsab-aventures.com\/fr\/wp-json\/wp\/v2\/media?parent=7139"}],"wp:term":[{"taxonomy":"product_brand","embeddable":true,"href":"https:\/\/www.gsab-aventures.com\/fr\/wp-json\/wp\/v2\/product_brand?post=7139"},{"taxonomy":"product_cat","embeddable":true,"href":"https:\/\/www.gsab-aventures.com\/fr\/wp-json\/wp\/v2\/product_cat?post=7139"},{"taxonomy":"product_tag","embeddable":true,"href":"https:\/\/www.gsab-aventures.com\/fr\/wp-json\/wp\/v2\/product_tag?post=7139"}],"curies":[{"name":"wp","href":"https:\/\/api.w.org\/{rel}","templated":true}]}}