{"id":7175,"date":"2020-05-19T21:15:28","date_gmt":"2020-05-19T19:15:28","guid":{"rendered":"https:\/\/www.gsab-aventures.com\/shop\/non class\u00e9\/sofao\/"},"modified":"2020-05-19T21:15:28","modified_gmt":"2020-05-19T19:15:28","slug":"sofao","status":"publish","type":"product","link":"https:\/\/www.gsab-aventures.com\/fr\/produit\/location-fr\/sofao\/","title":{"rendered":"SOFAO"},"content":{"rendered":"<p>Le mat\u00e9riel est \u00e0 prendre et \u00e0 rapporter \u00e0 S\u00e2les FR ou peut \u00eatre exp\u00e9di\u00e9 au frais du client.<\/p>\n<p>Le co\u00fbt des r\u00e9parations pour d&rsquo;\u00e9ventuels dommages caus\u00e9s par le client sont \u00e0 la charge de ce dernier.<\/p>\n","protected":false},"excerpt":{"rendered":"<p>Le mat\u00e9riel est \u00e0 prendre et \u00e0 rapporter \u00e0 S\u00e2les FR ou peut \u00eatre exp\u00e9di\u00e9 au frais du client. Le co\u00fbt des r\u00e9parations pour d&rsquo;\u00e9ventuels dommages caus\u00e9s par le client sont \u00e0 la charge de ce dernier.<\/p>\n","protected":false},"featured_media":4554,"comment_status":"closed","ping_status":"closed","template":"","meta":{"_exactmetrics_skip_tracking":false,"_exactmetrics_sitenote_active":false,"_exactmetrics_sitenote_note":"","_exactmetrics_sitenote_category":0,"_price":"0","_stock":"","_tribe_ticket_header":"","_tribe_default_ticket_provider":"","_tribe_ticket_capacity":"0","_ticket_start_date":"","_ticket_end_date":"","_tribe_ticket_show_description":"","_tribe_ticket_show_not_going":false,"_tribe_ticket_use_global_stock":"","_tribe_ticket_global_stock_level":"","_global_stock_mode":"","_global_stock_cap":"","_tribe_rsvp_for_event":"","_tribe_ticket_going_count":"","_tribe_ticket_not_going_count":"","_tribe_tickets_list":"[]","_tribe_ticket_has_attendee_info_fields":false},"product_brand":[],"product_cat":[278],"product_tag":[],"class_list":{"0":"post-7175","1":"product","2":"type-product","3":"status-publish","4":"has-post-thumbnail","6":"product_cat-location-fr","8":"first","9":"instock","10":"taxable","11":"shipping-taxable","12":"purchasable","13":"product-type-phive_booking"},"_links":{"self":[{"href":"https:\/\/www.gsab-aventures.com\/fr\/wp-json\/wp\/v2\/product\/7175","targetHints":{"allow":["GET"]}}],"collection":[{"href":"https:\/\/www.gsab-aventures.com\/fr\/wp-json\/wp\/v2\/product"}],"about":[{"href":"https:\/\/www.gsab-aventures.com\/fr\/wp-json\/wp\/v2\/types\/product"}],"replies":[{"embeddable":true,"href":"https:\/\/www.gsab-aventures.com\/fr\/wp-json\/wp\/v2\/comments?post=7175"}],"wp:featuredmedia":[{"embeddable":true,"href":"https:\/\/www.gsab-aventures.com\/fr\/wp-json\/wp\/v2\/media\/4554"}],"wp:attachment":[{"href":"https:\/\/www.gsab-aventures.com\/fr\/wp-json\/wp\/v2\/media?parent=7175"}],"wp:term":[{"taxonomy":"product_brand","embeddable":true,"href":"https:\/\/www.gsab-aventures.com\/fr\/wp-json\/wp\/v2\/product_brand?post=7175"},{"taxonomy":"product_cat","embeddable":true,"href":"https:\/\/www.gsab-aventures.com\/fr\/wp-json\/wp\/v2\/product_cat?post=7175"},{"taxonomy":"product_tag","embeddable":true,"href":"https:\/\/www.gsab-aventures.com\/fr\/wp-json\/wp\/v2\/product_tag?post=7175"}],"curies":[{"name":"wp","href":"https:\/\/api.w.org\/{rel}","templated":true}]}}