{"id":7199,"date":"2020-04-17T21:05:18","date_gmt":"2020-04-17T19:05:18","guid":{"rendered":"https:\/\/www.gsab-aventures.com\/shop\/non%20class\u00e9\/fs-harnais-cuissard-pera-avca03-aventure-verticale\/"},"modified":"2020-10-01T20:28:28","modified_gmt":"2020-10-01T18:28:28","slug":"fs-harnais-cuissard-pera-avca03-aventure-verticale","status":"publish","type":"product","link":"https:\/\/www.gsab-aventures.com\/fr\/produit\/produits-fr\/outdoor-fr\/canyoning-fr\/harnais\/fs-harnais-cuissard-pera-avca03-aventure-verticale\/","title":{"rendered":"Harnais cuissard &#8211; PE\u00cfRA AVCA03 &#8211; \u00ab\u00a0AVENTURE VERTICALE\u00a0\u00bb"},"content":{"rendered":"<p>Harnais cuissard pour les activit\u00e9s \u00ab parcours acrobatiques en hauteur (PAH) \u00bb et \u00ab parcours d\u2019aventure en for\u00eat (PAF) \u00bb.<br \/>\nEnti\u00e8rement et facilement r\u00e9glable. Un point d\u2019encordement haut gain\u00e9. R\u00e9glage ceinture et cuisses par des boucles rapides en alliage l\u00e9ger.<br \/>\nUn porte-mat\u00e9riel \u00ab tr\u00e8s robuste \u00bb (anneau escalade largeur 16 mm). Possibilit\u00e9 de personnaliser les porte-mat\u00e9riel.<br \/>\nUne sangle r\u00e9sistante \u00e0 l\u2019abrasion, avec un syst\u00e8me de tricotage sp\u00e9cial. Id\u00e9al pour utilisation intensive en collectivit\u00e9 (code couleur taille, rapidit\u00e9 de r\u00e9glage et qualit\u00e9 de la sangle).<br \/>\nUtilisation possible en escalade ou en canyoning.<\/p>\n<p>La garantie Aventure Verticale: 3 ans.<\/p>\n<p>&nbsp;<\/p>\n<ul>\n<li>XS-M: ceinture maxi 75 cm et cuisses de 30 \u00e0 55 cm (pontet jaune)<\/li>\n<li>M-L: ceinture maxi 100 cm et cuisses de 30 \u00e0 70 cm (pontet bleu)<\/li>\n<li>XL: ceinture maxi 125 cm et cuisses de 30 \u00e0 85 cm (pontet mauve)<\/li>\n<li>XXL: ceinture maxi 150 cm et cuisses de 30 \u00e0 100 cm (pontet noir)<\/li>\n<\/ul>\n<p>&nbsp;<\/p>\n","protected":false},"excerpt":{"rendered":"<p>Harnais cuissard pour les activit\u00e9s \u00ab parcours acrobatiques en hauteur (PAH) \u00bb et \u00ab parcours d\u2019aventure en for\u00eat (PAF) \u00bb. Enti\u00e8rement et facilement r\u00e9glable. Un point d\u2019encordement haut gain\u00e9. R\u00e9glage ceinture et cuisses par des boucles rapides en alliage l\u00e9ger. Un porte-mat\u00e9riel \u00ab tr\u00e8s robuste \u00bb (anneau escalade largeur 16 mm). Possibilit\u00e9 de personnaliser les [&hellip;]<\/p>\n","protected":false},"featured_media":5022,"comment_status":"closed","ping_status":"closed","template":"","meta":{"_exactmetrics_skip_tracking":false,"_exactmetrics_sitenote_active":false,"_exactmetrics_sitenote_note":"","_exactmetrics_sitenote_category":0,"_price":"69","_stock":"","_tribe_ticket_header":"","_tribe_default_ticket_provider":"","_tribe_ticket_capacity":"0","_ticket_start_date":"","_ticket_end_date":"","_tribe_ticket_show_description":"","_tribe_ticket_show_not_going":false,"_tribe_ticket_use_global_stock":"","_tribe_ticket_global_stock_level":"","_global_stock_mode":"","_global_stock_cap":"","_tribe_rsvp_for_event":"","_tribe_ticket_going_count":"","_tribe_ticket_not_going_count":"","_tribe_tickets_list":"[]","_tribe_ticket_has_attendee_info_fields":false},"product_brand":[],"product_cat":[757,286,290,294,298,302],"product_tag":[],"class_list":{"0":"post-7199","1":"product","2":"type-product","3":"status-publish","4":"has-post-thumbnail","6":"product_cat-harnais","7":"product_cat-produits-fr","8":"product_cat-outdoor-fr","9":"product_cat-canyoning-fr","10":"product_cat-escalade-fr","11":"product_cat-parc-aventures-fr","13":"first","14":"instock","15":"taxable","16":"shipping-taxable","17":"purchasable","18":"product-type-variable"},"_links":{"self":[{"href":"https:\/\/www.gsab-aventures.com\/fr\/wp-json\/wp\/v2\/product\/7199","targetHints":{"allow":["GET"]}}],"collection":[{"href":"https:\/\/www.gsab-aventures.com\/fr\/wp-json\/wp\/v2\/product"}],"about":[{"href":"https:\/\/www.gsab-aventures.com\/fr\/wp-json\/wp\/v2\/types\/product"}],"replies":[{"embeddable":true,"href":"https:\/\/www.gsab-aventures.com\/fr\/wp-json\/wp\/v2\/comments?post=7199"}],"wp:featuredmedia":[{"embeddable":true,"href":"https:\/\/www.gsab-aventures.com\/fr\/wp-json\/wp\/v2\/media\/5022"}],"wp:attachment":[{"href":"https:\/\/www.gsab-aventures.com\/fr\/wp-json\/wp\/v2\/media?parent=7199"}],"wp:term":[{"taxonomy":"product_brand","embeddable":true,"href":"https:\/\/www.gsab-aventures.com\/fr\/wp-json\/wp\/v2\/product_brand?post=7199"},{"taxonomy":"product_cat","embeddable":true,"href":"https:\/\/www.gsab-aventures.com\/fr\/wp-json\/wp\/v2\/product_cat?post=7199"},{"taxonomy":"product_tag","embeddable":true,"href":"https:\/\/www.gsab-aventures.com\/fr\/wp-json\/wp\/v2\/product_tag?post=7199"}],"curies":[{"name":"wp","href":"https:\/\/api.w.org\/{rel}","templated":true}]}}