{"id":7209,"date":"2020-04-17T21:05:19","date_gmt":"2020-04-17T19:05:19","guid":{"rendered":"https:\/\/www.gsab-aventures.com\/shop\/non%20class\u00e9\/bi-biski\/"},"modified":"2020-11-29T16:02:10","modified_gmt":"2020-11-29T15:02:10","slug":"bi-biski","status":"publish","type":"product","link":"https:\/\/www.gsab-aventures.com\/fr\/produit\/produits-fr\/outdoor-handi\/biski-fr\/bi-biski\/","title":{"rendered":"BI &#8211; BISKI"},"content":{"rendered":"<p>Le BISKI Fms est un fauteuil ski stable et maniable n\u00e9cessitant un accompagnateur skiant sur ses propres skis. Il est utilisable par tous, adultes et enfants, m\u00eame tr\u00e8s lourdement d\u00e9pendant.<\/p>\n<p>Accessible \u00e0 la plupart des pistes de ski en fonction du niveau de l\u2019accompagnateur, il utilise les remont\u00e9es m\u00e9caniques de type t\u00e9l\u00e9si\u00e8ge.<\/p>\n<p>Un apprentissage, dispens\u00e9 par des professionnels du ski, est conseill\u00e9 pour skier en toute s\u00e9curit\u00e9.<\/p>\n<p>Le syst\u00e8me de pantographe permet au pilote de prendre des carres par inclinaison du guidon.<\/p>\n<p>Le fait de d\u00e9placer le centre de gravit\u00e9 du skieur assis \u00e0 gauche ou \u00e0 droite permet une prise de carres imm\u00e9diate : ce d\u00e9clenchement du virage est d\u00e9cid\u00e9 par le skieur debout seul ou avec le skieur assis qui peut \u00eatre actif \u00e0 la hauteur de son handicap.<\/p>\n","protected":false},"excerpt":{"rendered":"<p>Le BISKI Fms est un fauteuil ski stable et maniable n\u00e9cessitant un accompagnateur skiant sur ses propres skis. Il est utilisable par tous, adultes et enfants, m\u00eame tr\u00e8s lourdement d\u00e9pendant. Accessible \u00e0 la plupart des pistes de ski en fonction du niveau de l\u2019accompagnateur, il utilise les remont\u00e9es m\u00e9caniques de type t\u00e9l\u00e9si\u00e8ge. Un apprentissage, dispens\u00e9 [&hellip;]<\/p>\n","protected":false},"featured_media":4953,"comment_status":"closed","ping_status":"closed","template":"","meta":{"_exactmetrics_skip_tracking":false,"_exactmetrics_sitenote_active":false,"_exactmetrics_sitenote_note":"","_exactmetrics_sitenote_category":0,"_price":"2520","_stock":"","_tribe_ticket_header":"","_tribe_default_ticket_provider":"","_tribe_ticket_capacity":"0","_ticket_start_date":"","_ticket_end_date":"","_tribe_ticket_show_description":"","_tribe_ticket_show_not_going":false,"_tribe_ticket_use_global_stock":"","_tribe_ticket_global_stock_level":"","_global_stock_mode":"","_global_stock_cap":"","_tribe_rsvp_for_event":"","_tribe_ticket_going_count":"","_tribe_ticket_not_going_count":"","_tribe_tickets_list":"[]","_tribe_ticket_has_attendee_info_fields":false},"product_brand":[],"product_cat":[286,310,318,282],"product_tag":[],"class_list":{"0":"post-7209","1":"product","2":"type-product","3":"status-publish","4":"has-post-thumbnail","6":"product_cat-produits-fr","7":"product_cat-outdoor-handi","8":"product_cat-biski-fr","9":"product_cat-occasions-fr","10":"product_shipping_class-joelette","12":"first","13":"instock","14":"sale","15":"taxable","16":"shipping-taxable","17":"purchasable","18":"product-type-simple"},"_links":{"self":[{"href":"https:\/\/www.gsab-aventures.com\/fr\/wp-json\/wp\/v2\/product\/7209","targetHints":{"allow":["GET"]}}],"collection":[{"href":"https:\/\/www.gsab-aventures.com\/fr\/wp-json\/wp\/v2\/product"}],"about":[{"href":"https:\/\/www.gsab-aventures.com\/fr\/wp-json\/wp\/v2\/types\/product"}],"replies":[{"embeddable":true,"href":"https:\/\/www.gsab-aventures.com\/fr\/wp-json\/wp\/v2\/comments?post=7209"}],"wp:featuredmedia":[{"embeddable":true,"href":"https:\/\/www.gsab-aventures.com\/fr\/wp-json\/wp\/v2\/media\/4953"}],"wp:attachment":[{"href":"https:\/\/www.gsab-aventures.com\/fr\/wp-json\/wp\/v2\/media?parent=7209"}],"wp:term":[{"taxonomy":"product_brand","embeddable":true,"href":"https:\/\/www.gsab-aventures.com\/fr\/wp-json\/wp\/v2\/product_brand?post=7209"},{"taxonomy":"product_cat","embeddable":true,"href":"https:\/\/www.gsab-aventures.com\/fr\/wp-json\/wp\/v2\/product_cat?post=7209"},{"taxonomy":"product_tag","embeddable":true,"href":"https:\/\/www.gsab-aventures.com\/fr\/wp-json\/wp\/v2\/product_tag?post=7209"}],"curies":[{"name":"wp","href":"https:\/\/api.w.org\/{rel}","templated":true}]}}