{"id":7262,"date":"2020-04-17T21:05:18","date_gmt":"2020-04-17T19:05:18","guid":{"rendered":"https:\/\/www.gsab-aventures.com\/shop\/non class\u00e9\/fs-assureur-protecman\/"},"modified":"2020-04-17T21:05:18","modified_gmt":"2020-04-17T19:05:18","slug":"fs-assureur-protecman","status":"publish","type":"product","link":"https:\/\/www.gsab-aventures.com\/fr\/produit\/produits-fr\/outdoor-fr\/escalade-fr\/fs-assureur-protecman\/","title":{"rendered":"FS &#8211; Assureur Protecman"},"content":{"rendered":"<div class=\"product-single__description rte\">\n<p>Dispositif d&rsquo;assurage automatique.<\/p>\n<p>Utilisation classique:\u00a0un grimpeur et un assureur.<\/p>\n<p>Installation en haut de la voie.<\/p>\n<p>Simplifie l&rsquo;assurage, convient \u00e0 un public jeune et novice.<\/p>\n<p>Prise en main instantan\u00e9e.<\/p>\n<p>Int\u00e8gre un syst\u00e8me de freinage avec blocage automatique (faisant fonction antichute).<\/p>\n<p>Il \u00e9limine les risques li\u00e9s aux erreurs humaines (mauvaises manoeuvres, inattention de l&rsquo;assureur&#8230;).<\/p>\n<p>Ne n\u00e9cessite pas de harnais pour l&rsquo;assureur.<\/p>\n<\/div>\n","protected":false},"excerpt":{"rendered":"<p>Dispositif d&rsquo;assurage automatique. Utilisation classique:\u00a0un grimpeur et un assureur. Installation en haut de la voie. Simplifie l&rsquo;assurage, convient \u00e0 un public jeune et novice. Prise en main instantan\u00e9e. Int\u00e8gre un syst\u00e8me de freinage avec blocage automatique (faisant fonction antichute). Il \u00e9limine les risques li\u00e9s aux erreurs humaines (mauvaises manoeuvres, inattention de l&rsquo;assureur&#8230;). Ne n\u00e9cessite pas [&hellip;]<\/p>\n","protected":false},"featured_media":5076,"comment_status":"closed","ping_status":"closed","template":"","meta":{"_exactmetrics_skip_tracking":false,"_exactmetrics_sitenote_active":false,"_exactmetrics_sitenote_note":"","_exactmetrics_sitenote_category":0,"_price":"660","_stock":"","_tribe_ticket_header":"","_tribe_default_ticket_provider":"","_tribe_ticket_capacity":"0","_ticket_start_date":"","_ticket_end_date":"","_tribe_ticket_show_description":"","_tribe_ticket_show_not_going":false,"_tribe_ticket_use_global_stock":"","_tribe_ticket_global_stock_level":"","_global_stock_mode":"","_global_stock_cap":"","_tribe_rsvp_for_event":"","_tribe_ticket_going_count":"","_tribe_ticket_not_going_count":"","_tribe_tickets_list":"[]","_tribe_ticket_has_attendee_info_fields":false},"product_brand":[],"product_cat":[286,290,298],"product_tag":[],"class_list":{"0":"post-7262","1":"product","2":"type-product","3":"status-publish","4":"has-post-thumbnail","6":"product_cat-produits-fr","7":"product_cat-outdoor-fr","8":"product_cat-escalade-fr","10":"first","11":"instock","12":"taxable","13":"shipping-taxable","14":"purchasable","15":"product-type-simple"},"_links":{"self":[{"href":"https:\/\/www.gsab-aventures.com\/fr\/wp-json\/wp\/v2\/product\/7262","targetHints":{"allow":["GET"]}}],"collection":[{"href":"https:\/\/www.gsab-aventures.com\/fr\/wp-json\/wp\/v2\/product"}],"about":[{"href":"https:\/\/www.gsab-aventures.com\/fr\/wp-json\/wp\/v2\/types\/product"}],"replies":[{"embeddable":true,"href":"https:\/\/www.gsab-aventures.com\/fr\/wp-json\/wp\/v2\/comments?post=7262"}],"wp:featuredmedia":[{"embeddable":true,"href":"https:\/\/www.gsab-aventures.com\/fr\/wp-json\/wp\/v2\/media\/5076"}],"wp:attachment":[{"href":"https:\/\/www.gsab-aventures.com\/fr\/wp-json\/wp\/v2\/media?parent=7262"}],"wp:term":[{"taxonomy":"product_brand","embeddable":true,"href":"https:\/\/www.gsab-aventures.com\/fr\/wp-json\/wp\/v2\/product_brand?post=7262"},{"taxonomy":"product_cat","embeddable":true,"href":"https:\/\/www.gsab-aventures.com\/fr\/wp-json\/wp\/v2\/product_cat?post=7262"},{"taxonomy":"product_tag","embeddable":true,"href":"https:\/\/www.gsab-aventures.com\/fr\/wp-json\/wp\/v2\/product_tag?post=7262"}],"curies":[{"name":"wp","href":"https:\/\/api.w.org\/{rel}","templated":true}]}}