{"id":7355,"date":"2020-08-05T18:13:44","date_gmt":"2020-08-05T16:13:44","guid":{"rendered":"https:\/\/www.gsab-aventures.com\/?post_type=product&#038;p=7355"},"modified":"2023-06-22T07:17:21","modified_gmt":"2023-06-22T05:17:21","slug":"harnais-canyon-guide-petzl","status":"publish","type":"product","link":"https:\/\/www.gsab-aventures.com\/fr\/produit\/produits-fr\/outdoor-fr\/canyoning-fr\/harnais\/harnais-canyon-guide-petzl\/","title":{"rendered":"PETZL &#8211; CANYON GUIDE"},"content":{"rendered":"<p class=\"productSubtitle\">Harnais confortable et ergonomique avec culotte de protection int\u00e9gr\u00e9e pour le canyoning<\/p>\n<div class=\"productCaracteristiquesPosition inlineblock\">\n<p class=\"productCaracteristiques inlineblock\">Con\u00e7u pour le canyoning, CANYON GUIDE est un harnais confortable et ergonomique destin\u00e9 aux pratiquants experts et aux encadrants. Il est dot\u00e9 d&rsquo;un point d&rsquo;attache ventral ouvrable permettant une int\u00e9gration optimale des \u00e9quipements (longe, bloqueur, fusible&#8230;). Les porte-mat\u00e9riel et les passants facilitent le transport du mat\u00e9riel, quelle que soit la situation (progression, gestion du sac, secours&#8230;). Robuste et interchangeable, la culotte de protection prot\u00e8ge efficacement la combinaison et les sangles du harnais contre l&rsquo;abrasion. Les boucles DOUBLEBACK en acier inoxydable, le point d&rsquo;attache m\u00e9tallique et les porte-mat\u00e9riel renforc\u00e9s lui apportent une durabilit\u00e9 optimale pour les usages intensifs. La cartonnette d&rsquo;identification individuelle est \u00e9galement renforc\u00e9e pour contr\u00f4ler le harnais tout au long de sa dur\u00e9e de vie.<\/p>\n<\/div>\n","protected":false},"excerpt":{"rendered":"<p>Harnais confortable et ergonomique avec culotte de protection int\u00e9gr\u00e9e pour le canyoning Con\u00e7u pour le canyoning, CANYON GUIDE est un harnais confortable et ergonomique destin\u00e9 aux pratiquants experts et aux encadrants. Il est dot\u00e9 d&rsquo;un point d&rsquo;attache ventral ouvrable permettant une int\u00e9gration optimale des \u00e9quipements (longe, bloqueur, fusible&#8230;). Les porte-mat\u00e9riel et les passants facilitent le [&hellip;]<\/p>\n","protected":false},"featured_media":7897,"comment_status":"open","ping_status":"closed","template":"","meta":{"_exactmetrics_skip_tracking":false,"_exactmetrics_sitenote_active":false,"_exactmetrics_sitenote_note":"","_exactmetrics_sitenote_category":0,"_price":"183","_stock":"","_tribe_ticket_header":"","_tribe_default_ticket_provider":"","_tribe_ticket_capacity":"0","_ticket_start_date":"","_ticket_end_date":"","_tribe_ticket_show_description":"","_tribe_ticket_show_not_going":false,"_tribe_ticket_use_global_stock":"","_tribe_ticket_global_stock_level":"","_global_stock_mode":"","_global_stock_cap":"","_tribe_rsvp_for_event":"","_tribe_ticket_going_count":"","_tribe_ticket_not_going_count":"","_tribe_tickets_list":"[]","_tribe_ticket_has_attendee_info_fields":false},"product_brand":[],"product_cat":[757,286,290,294],"product_tag":[],"class_list":{"0":"post-7355","1":"product","2":"type-product","3":"status-publish","4":"has-post-thumbnail","6":"product_cat-harnais","7":"product_cat-produits-fr","8":"product_cat-outdoor-fr","9":"product_cat-canyoning-fr","11":"first","12":"onbackorder","13":"taxable","14":"shipping-taxable","15":"purchasable","16":"product-type-variable"},"_links":{"self":[{"href":"https:\/\/www.gsab-aventures.com\/fr\/wp-json\/wp\/v2\/product\/7355","targetHints":{"allow":["GET"]}}],"collection":[{"href":"https:\/\/www.gsab-aventures.com\/fr\/wp-json\/wp\/v2\/product"}],"about":[{"href":"https:\/\/www.gsab-aventures.com\/fr\/wp-json\/wp\/v2\/types\/product"}],"replies":[{"embeddable":true,"href":"https:\/\/www.gsab-aventures.com\/fr\/wp-json\/wp\/v2\/comments?post=7355"}],"wp:featuredmedia":[{"embeddable":true,"href":"https:\/\/www.gsab-aventures.com\/fr\/wp-json\/wp\/v2\/media\/7897"}],"wp:attachment":[{"href":"https:\/\/www.gsab-aventures.com\/fr\/wp-json\/wp\/v2\/media?parent=7355"}],"wp:term":[{"taxonomy":"product_brand","embeddable":true,"href":"https:\/\/www.gsab-aventures.com\/fr\/wp-json\/wp\/v2\/product_brand?post=7355"},{"taxonomy":"product_cat","embeddable":true,"href":"https:\/\/www.gsab-aventures.com\/fr\/wp-json\/wp\/v2\/product_cat?post=7355"},{"taxonomy":"product_tag","embeddable":true,"href":"https:\/\/www.gsab-aventures.com\/fr\/wp-json\/wp\/v2\/product_tag?post=7355"}],"curies":[{"name":"wp","href":"https:\/\/api.w.org\/{rel}","templated":true}]}}