{"id":8301,"date":"2020-06-09T19:25:13","date_gmt":"2020-06-09T17:25:13","guid":{"rendered":"https:\/\/www.gsab-aventures.com\/shop\/non%20class\u00e9\/canyon-guide-lady-bestard-2\/"},"modified":"2022-09-15T12:32:28","modified_gmt":"2022-09-15T10:32:28","slug":"canyon-guide-lady-bestard-2","status":"publish","type":"product","link":"https:\/\/www.gsab-aventures.com\/fr\/produit\/produits-fr\/outdoor-fr\/canyoning-fr\/chaussures\/canyon-guide-lady-bestard-2\/","title":{"rendered":"BESTARD &#8211; CANYON GUIDE LADY"},"content":{"rendered":"<p>Apr\u00e8s la r\u00e9action positive \u00e0 leur mod\u00e8le de guide des canyons de la part d&rsquo;utilisateurs d&rsquo;une grande vari\u00e9t\u00e9 d&rsquo;activit\u00e9s nautiques, telles que le canyoning, la sp\u00e9l\u00e9ologie, le coasting, le kayak d&rsquo;eau vive, le rafting, le trekking de mousson, etc., ils ont d\u00e9cid\u00e9 de r\u00e9pondre \u00e0 la demande de proposer ce mod\u00e8le \u00e9galement dans une version sp\u00e9ciale pour les femmes.<\/p>\n<p>Ainsi, en tant que seul fabricant au monde, ils proposent d\u00e9sormais une botte \u00e0 eau sp\u00e9cialement con\u00e7ue pour les femmes dans des tailles r\u00e9duites jusqu&rsquo;\u00e0 3,5 UK.<\/p>\n<p>La Canyon Lady a \u00e9galement une coupe l\u00e9g\u00e8rement moins volumineuse (la derni\u00e8re \u00ab\u00a0Canyon Lady\u00a0\u00bb), et une combinaison de couleurs diff\u00e9rente par rapport au Canyon Guide original.<\/p>\n<p>Dans tous les autres d\u00e9tails, la Canyon Guide Lady est identique \u00e0 la version originale. Elle est con\u00e7ue et fabriqu\u00e9e pour donner des performances optimales dans les activit\u00e9s de sports d&rsquo;aventure en milieu humide et sur des terrains humides et glissants, comme le canyoning, la sp\u00e9l\u00e9ologie, le trekking dans les for\u00eats tropicales et autres. Par cons\u00e9quent, la conception et les mat\u00e9riaux ont \u00e9t\u00e9 soigneusement d\u00e9velopp\u00e9s et s\u00e9lectionn\u00e9s pour r\u00e9pondre aux exigences les plus strictes en termes de<\/p>\n<p>GRIP : La semelle Vibram\u00ae Best Idrogrip offre une excellente adh\u00e9rence sur les surfaces mouill\u00e9es et glissantes, tout en ne laissant aucune trace sur la roche.<\/p>\n<p>R\u00c9SISTANCE : Des mat\u00e9riaux soigneusement s\u00e9lectionn\u00e9s, de derni\u00e8re g\u00e9n\u00e9ration et \u00e0 la pointe de la technologie, pour obtenir une r\u00e9sistance maximale \u00e0 l&rsquo;usure par abrasion et au contact permanent avec l&rsquo;eau.<\/p>\n<p>CONFORT-PROTECTION-S\u00c9CURIT\u00c9 : La conception de la botte, combin\u00e9e \u00e0 sa l\u00e9g\u00e8ret\u00e9 et \u00e0 sa fermeture \u00e0 lacets, permet une adaptation et un soutien maximum au pied. Cela se traduit par un niveau \u00e9lev\u00e9 de confort, d&rsquo;efficacit\u00e9 et de libert\u00e9 de mouvement, ce qui permet d&rsquo;obtenir des performances optimales et d&rsquo;utiliser une seule botte \u00e0 la fois pendant l&rsquo;approche et pendant l&rsquo;activit\u00e9 aquatique. \u00c9vacuation efficace de l&rsquo;eau. Fermeture sup\u00e9rieure avec gu\u00eatre pour \u00e9viter l&rsquo;entr\u00e9e de gravier.<\/p>\n","protected":false},"excerpt":{"rendered":"<p>Apr\u00e8s la r\u00e9action positive \u00e0 leur mod\u00e8le de guide des canyons de la part d&rsquo;utilisateurs d&rsquo;une grande vari\u00e9t\u00e9 d&rsquo;activit\u00e9s nautiques, telles que le canyoning, la sp\u00e9l\u00e9ologie, le coasting, le kayak d&rsquo;eau vive, le rafting, le trekking de mousson, etc., ils ont d\u00e9cid\u00e9 de r\u00e9pondre \u00e0 la demande de proposer ce mod\u00e8le \u00e9galement dans une version [&hellip;]<\/p>\n","protected":false},"featured_media":6314,"comment_status":"open","ping_status":"closed","template":"","meta":{"_exactmetrics_skip_tracking":false,"_exactmetrics_sitenote_active":false,"_exactmetrics_sitenote_note":"","_exactmetrics_sitenote_category":0,"_price":"202","_stock":"","_tribe_ticket_header":"","_tribe_default_ticket_provider":"","_tribe_ticket_capacity":"0","_ticket_start_date":"","_ticket_end_date":"","_tribe_ticket_show_description":"","_tribe_ticket_show_not_going":false,"_tribe_ticket_use_global_stock":"","_tribe_ticket_global_stock_level":"","_global_stock_mode":"","_global_stock_cap":"","_tribe_rsvp_for_event":"","_tribe_ticket_going_count":"","_tribe_ticket_not_going_count":"","_tribe_tickets_list":"[]","_tribe_ticket_has_attendee_info_fields":false},"product_brand":[],"product_cat":[750,286,290,294],"product_tag":[],"class_list":{"0":"post-8301","1":"product","2":"type-product","3":"status-publish","4":"has-post-thumbnail","6":"product_cat-chaussures","7":"product_cat-produits-fr","8":"product_cat-outdoor-fr","9":"product_cat-canyoning-fr","10":"product_shipping_class-chaussures-de-canyoning-italie","12":"first","13":"instock","14":"taxable","15":"shipping-taxable","16":"purchasable","17":"product-type-variable"},"_links":{"self":[{"href":"https:\/\/www.gsab-aventures.com\/fr\/wp-json\/wp\/v2\/product\/8301","targetHints":{"allow":["GET"]}}],"collection":[{"href":"https:\/\/www.gsab-aventures.com\/fr\/wp-json\/wp\/v2\/product"}],"about":[{"href":"https:\/\/www.gsab-aventures.com\/fr\/wp-json\/wp\/v2\/types\/product"}],"replies":[{"embeddable":true,"href":"https:\/\/www.gsab-aventures.com\/fr\/wp-json\/wp\/v2\/comments?post=8301"}],"wp:featuredmedia":[{"embeddable":true,"href":"https:\/\/www.gsab-aventures.com\/fr\/wp-json\/wp\/v2\/media\/6314"}],"wp:attachment":[{"href":"https:\/\/www.gsab-aventures.com\/fr\/wp-json\/wp\/v2\/media?parent=8301"}],"wp:term":[{"taxonomy":"product_brand","embeddable":true,"href":"https:\/\/www.gsab-aventures.com\/fr\/wp-json\/wp\/v2\/product_brand?post=8301"},{"taxonomy":"product_cat","embeddable":true,"href":"https:\/\/www.gsab-aventures.com\/fr\/wp-json\/wp\/v2\/product_cat?post=8301"},{"taxonomy":"product_tag","embeddable":true,"href":"https:\/\/www.gsab-aventures.com\/fr\/wp-json\/wp\/v2\/product_tag?post=8301"}],"curies":[{"name":"wp","href":"https:\/\/api.w.org\/{rel}","templated":true}]}}