{"id":8322,"date":"2020-11-29T16:48:28","date_gmt":"2020-11-29T15:48:28","guid":{"rendered":"https:\/\/www.gsab-aventures.com\/?post_type=product&#038;p=8322"},"modified":"2020-11-29T17:02:49","modified_gmt":"2020-11-29T16:02:49","slug":"so-sofao","status":"publish","type":"product","link":"https:\/\/www.gsab-aventures.com\/fr\/produit\/produits-fr\/outdoor-handi\/sofao-fr\/so-sofao\/","title":{"rendered":"SO &#8211; SOFAO"},"content":{"rendered":"<p>Le SOFAO est un fauteuil de baignade et de mise \u00e0 l\u2019eau qui permet \u00e0 un accompagnateur de conduire son passager de la voiture \u00e0 la mer en traversant la plage, sans aucun transfert et sans acc\u00e8s sp\u00e9cialement adapt\u00e9.<\/p>\n<p>L\u2019accompagnateur assure l\u2019entr\u00e9e et la sortie de l\u2019eau par la poign\u00e9e avant.<\/p>\n<p>Toute l\u2019innovation r\u00e9side dans l\u2019emploi de 4 flotteurs-stabilisateurs qui soutiennent le passager au cours d\u2019une vraie baignade, le corps \u00e9tant immerg\u00e9 jusqu\u2019aux \u00e9paules.<\/p>\n<p>La relaxation peut suivre la baignade, toujours sans transfert, puisque le Sofao devient un confortable transat, par simple inclinaison du dossier.<\/p>\n<p>Le Sofao est enti\u00e8rement pliable sans outil, il peut rouler pli\u00e9 et se loge dans le coffre d\u2019une petite voiture pour l\u2019emmener partout.<\/p>\n","protected":false},"excerpt":{"rendered":"<p>Le SOFAO est un fauteuil de baignade et de mise \u00e0 l\u2019eau qui permet \u00e0 un accompagnateur de conduire son passager de la voiture \u00e0 la mer en traversant la plage, sans aucun transfert et sans acc\u00e8s sp\u00e9cialement adapt\u00e9. L\u2019accompagnateur assure l\u2019entr\u00e9e et la sortie de l\u2019eau par la poign\u00e9e avant. Toute l\u2019innovation r\u00e9side dans [&hellip;]<\/p>\n","protected":false},"featured_media":4554,"comment_status":"closed","ping_status":"closed","template":"","meta":{"_exactmetrics_skip_tracking":false,"_exactmetrics_sitenote_active":false,"_exactmetrics_sitenote_note":"","_exactmetrics_sitenote_category":0,"_price":"2808","_stock":"","_tribe_ticket_header":"","_tribe_default_ticket_provider":"","_tribe_ticket_capacity":"0","_ticket_start_date":"","_ticket_end_date":"","_tribe_ticket_show_description":"","_tribe_ticket_show_not_going":false,"_tribe_ticket_use_global_stock":"","_tribe_ticket_global_stock_level":"","_global_stock_mode":"","_global_stock_cap":"","_tribe_rsvp_for_event":"","_tribe_ticket_going_count":"","_tribe_ticket_not_going_count":"","_tribe_tickets_list":"[]","_tribe_ticket_has_attendee_info_fields":false},"product_brand":[],"product_cat":[286,310,326],"product_tag":[],"class_list":{"0":"post-8322","1":"product","2":"type-product","3":"status-publish","4":"has-post-thumbnail","6":"product_cat-produits-fr","7":"product_cat-outdoor-handi","8":"product_cat-sofao-fr","9":"product_shipping_class-joelette","11":"first","12":"instock","13":"taxable","14":"shipping-taxable","15":"purchasable","16":"product-type-simple"},"_links":{"self":[{"href":"https:\/\/www.gsab-aventures.com\/fr\/wp-json\/wp\/v2\/product\/8322","targetHints":{"allow":["GET"]}}],"collection":[{"href":"https:\/\/www.gsab-aventures.com\/fr\/wp-json\/wp\/v2\/product"}],"about":[{"href":"https:\/\/www.gsab-aventures.com\/fr\/wp-json\/wp\/v2\/types\/product"}],"replies":[{"embeddable":true,"href":"https:\/\/www.gsab-aventures.com\/fr\/wp-json\/wp\/v2\/comments?post=8322"}],"wp:featuredmedia":[{"embeddable":true,"href":"https:\/\/www.gsab-aventures.com\/fr\/wp-json\/wp\/v2\/media\/4554"}],"wp:attachment":[{"href":"https:\/\/www.gsab-aventures.com\/fr\/wp-json\/wp\/v2\/media?parent=8322"}],"wp:term":[{"taxonomy":"product_brand","embeddable":true,"href":"https:\/\/www.gsab-aventures.com\/fr\/wp-json\/wp\/v2\/product_brand?post=8322"},{"taxonomy":"product_cat","embeddable":true,"href":"https:\/\/www.gsab-aventures.com\/fr\/wp-json\/wp\/v2\/product_cat?post=8322"},{"taxonomy":"product_tag","embeddable":true,"href":"https:\/\/www.gsab-aventures.com\/fr\/wp-json\/wp\/v2\/product_tag?post=8322"}],"curies":[{"name":"wp","href":"https:\/\/api.w.org\/{rel}","templated":true}]}}