{"id":8704,"date":"2021-05-06T19:13:02","date_gmt":"2021-05-06T17:13:02","guid":{"rendered":"https:\/\/www.gsab-aventures.com\/?post_type=product&#038;p=8704"},"modified":"2021-05-06T20:03:57","modified_gmt":"2021-05-06T18:03:57","slug":"ladder-station","status":"publish","type":"product","link":"https:\/\/www.gsab-aventures.com\/fr\/produit\/produits-fr\/appareil-de-fitness\/ladder-station\/","title":{"rendered":"Ladder Station"},"content":{"rendered":"<p>La <strong><span style=\"color: #00ccff;\">Ladder<\/span> Station<\/strong> est un \u00e9quipement d&rsquo;une conception nouvelle unique au monde pour d\u00e9velopper ses capacit\u00e9s musculaires et son cardio.<br \/>\nVous appr\u00e9cierez de pouvoir varier la vitesse pour un exercice plus intense.<br \/>\nLa <strong><span style=\"color: #00ccff;\">Ladder<\/span> Station<\/strong> trouve sa place dans les fitness, les grands magasins, les h\u00f4tels, les salles d&rsquo;escalade&#8230;<\/p>\n<p>D\u00e9lai de livraison environ un mois<\/p>\n<p><span class=\"col col_shortcode\"><a class=\"maxbutton-2 maxbutton maxbutton-fiche-produit-ladder-station\" href=\"https:\/\/www.gsab-aventures.com\/wp-content\/uploads\/2021\/05\/presentation_ladderStation_francais_2021.pdf\"><span class='mb-text'>Fiche produit<\/span><\/a><\/span><\/p>\n<p>&nbsp;<\/p>\n<p><iframe loading=\"lazy\" title=\"LadderStation - The first curved ladder treadmill in the world\" width=\"1180\" height=\"664\" src=\"https:\/\/www.youtube.com\/embed\/F4v92KzsoKk?feature=oembed\" frameborder=\"0\" allow=\"accelerometer; autoplay; clipboard-write; encrypted-media; gyroscope; picture-in-picture\" allowfullscreen><\/iframe><\/p>\n","protected":false},"excerpt":{"rendered":"<p>La Ladder Station est un \u00e9quipement d&rsquo;une conception nouvelle unique au monde pour d\u00e9velopper ses capacit\u00e9s musculaires et son cardio. Vous appr\u00e9cierez de pouvoir varier la vitesse pour un exercice plus intense. La Ladder Station trouve sa place dans les fitness, les grands magasins, les h\u00f4tels, les salles d&rsquo;escalade&#8230; D\u00e9lai de livraison environ un mois [&hellip;]<\/p>\n","protected":false},"featured_media":8672,"comment_status":"closed","ping_status":"closed","template":"","meta":{"_exactmetrics_skip_tracking":false,"_exactmetrics_sitenote_active":false,"_exactmetrics_sitenote_note":"","_exactmetrics_sitenote_category":0,"_price":"5700","_stock":null,"_tribe_ticket_header":"","_tribe_default_ticket_provider":"","_tribe_ticket_capacity":"0","_ticket_start_date":"","_ticket_end_date":"","_tribe_ticket_show_description":"","_tribe_ticket_show_not_going":false,"_tribe_ticket_use_global_stock":"","_tribe_ticket_global_stock_level":"","_global_stock_mode":"","_global_stock_cap":"","_tribe_rsvp_for_event":"","_tribe_ticket_going_count":"","_tribe_ticket_not_going_count":"","_tribe_tickets_list":"[]","_tribe_ticket_has_attendee_info_fields":false},"product_brand":[],"product_cat":[922],"product_tag":[],"class_list":{"0":"post-8704","1":"product","2":"type-product","3":"status-publish","4":"has-post-thumbnail","6":"product_cat-appareil-de-fitness","7":"product_shipping_class-joelette","9":"first","10":"instock","11":"taxable","12":"shipping-taxable","13":"purchasable","14":"product-type-variable"},"_links":{"self":[{"href":"https:\/\/www.gsab-aventures.com\/fr\/wp-json\/wp\/v2\/product\/8704","targetHints":{"allow":["GET"]}}],"collection":[{"href":"https:\/\/www.gsab-aventures.com\/fr\/wp-json\/wp\/v2\/product"}],"about":[{"href":"https:\/\/www.gsab-aventures.com\/fr\/wp-json\/wp\/v2\/types\/product"}],"replies":[{"embeddable":true,"href":"https:\/\/www.gsab-aventures.com\/fr\/wp-json\/wp\/v2\/comments?post=8704"}],"wp:featuredmedia":[{"embeddable":true,"href":"https:\/\/www.gsab-aventures.com\/fr\/wp-json\/wp\/v2\/media\/8672"}],"wp:attachment":[{"href":"https:\/\/www.gsab-aventures.com\/fr\/wp-json\/wp\/v2\/media?parent=8704"}],"wp:term":[{"taxonomy":"product_brand","embeddable":true,"href":"https:\/\/www.gsab-aventures.com\/fr\/wp-json\/wp\/v2\/product_brand?post=8704"},{"taxonomy":"product_cat","embeddable":true,"href":"https:\/\/www.gsab-aventures.com\/fr\/wp-json\/wp\/v2\/product_cat?post=8704"},{"taxonomy":"product_tag","embeddable":true,"href":"https:\/\/www.gsab-aventures.com\/fr\/wp-json\/wp\/v2\/product_tag?post=8704"}],"curies":[{"name":"wp","href":"https:\/\/api.w.org\/{rel}","templated":true}]}}