{"id":8998,"date":"2021-05-21T08:00:40","date_gmt":"2021-05-21T06:00:40","guid":{"rendered":"https:\/\/www.gsab-aventures.com\/?post_type=product&#038;p=8998"},"modified":"2021-05-21T08:07:52","modified_gmt":"2021-05-21T06:07:52","slug":"target-canyon","status":"publish","type":"product","link":"https:\/\/www.gsab-aventures.com\/fr\/produit\/produits-fr\/outdoor-fr\/canyoning-fr\/harnais\/target-canyon\/","title":{"rendered":"Target Canyon"},"content":{"rendered":"<p>Harnais cuissard pour le canyonisme combinant le confort des harnais d\u2019alpinisme \u00e0 la r\u00e9sistance et envergure sp\u00e9l\u00e9o\/canyon.<br \/>\n\u00c9quip\u00e9 de pont d&rsquo;attache sp\u00e9ciale permettant l\u2019assemblage d\u2019un maillon rapide pour la connexion du bloqueur ventral en position baiss\u00e9e &#8211; pendant la remont\u00e9e, \u00e0 chaque pompage on gagne 10\/15 cm.<br \/>\nLe maillon rapide peut \u00eatre utilis\u00e9 comme point d\u2019attache auxiliaire, solution id\u00e9ale pour man\u0153uvres de secours et auto-secours.<br \/>\nSangle avant cousue, avec fonction de \u00ab fusible \u00bb pour les man\u0153uvres en cas de d\u00e9pannage et auto-secours. Positionnement id\u00e9al du descendeur.<br \/>\n\u00c9quip\u00e9 de boucles sp\u00e9ciales lat\u00e9rales pour le positionnement de mousquetons sp\u00e9cifiques ayant la fonction de logement de longes et descendeur.<br \/>\nQuatre porte-mat\u00e9riel solides, en sangle robuste cousue pour simplifier l\u2019utilisation et le passage de mousquetons de plusieurs mesures, en \u00e9vitant qu\u2019ils s\u2019embrouillent et contribuant \u00e0 la r\u00e9duction du poids.<br \/>\nPan de protection extr\u00eamement r\u00e9sistante, r\u00e9alis\u00e9 en PVC enduit, facilement amovible par Velcro pour entretien, nettoyage et remplacement.<br \/>\nQuatre boucles arri\u00e8re en sangle pour accueillir le mat\u00e9riel isol\u00e9 permettant de personnaliser au maximum la disposition de l\u2019\u00e9quipement, en en simplifiant l\u2019identification imm\u00e9diate.<br \/>\nDeux boucles arri\u00e8re renforc\u00e9es en sangle pour accueillir 2 maillons rapides de r\u00e9serve utilisables comme porte-mat\u00e9riel additionnel ou pour accrocher un sac \u00e0 filet sp\u00e9cifique avec ensemble en cas de d\u00e9pannage (pitons \u00e0 expansion, outil pour planter les chevilles autoforeuses, cl\u00e9s, petit kit sanitaire&#8230;) pendant les phases d\u00e9licates d\u2019exploration.<br \/>\nEssay\u00e9 avec grand succ\u00e8s en Himalaya dans les canyons les plus hauts au monde.<br \/>\nProduit en Italie, haute qualit\u00e9 et attention au d\u00e9tail.<\/p>\n","protected":false},"excerpt":{"rendered":"<p>Harnais cuissard pour le canyonisme combinant le confort des harnais d\u2019alpinisme \u00e0 la r\u00e9sistance et envergure sp\u00e9l\u00e9o\/canyon. \u00c9quip\u00e9 de pont d&rsquo;attache sp\u00e9ciale permettant l\u2019assemblage d\u2019un maillon rapide pour la connexion du bloqueur ventral en position baiss\u00e9e &#8211; pendant la remont\u00e9e, \u00e0 chaque pompage on gagne 10\/15 cm. Le maillon rapide peut \u00eatre utilis\u00e9 comme point [&hellip;]<\/p>\n","protected":false},"featured_media":8947,"comment_status":"closed","ping_status":"closed","template":"","meta":{"_exactmetrics_skip_tracking":false,"_exactmetrics_sitenote_active":false,"_exactmetrics_sitenote_note":"","_exactmetrics_sitenote_category":0,"_price":"208","_stock":"","_tribe_ticket_header":"","_tribe_default_ticket_provider":"","_tribe_ticket_capacity":"0","_ticket_start_date":"","_ticket_end_date":"","_tribe_ticket_show_description":"","_tribe_ticket_show_not_going":false,"_tribe_ticket_use_global_stock":"","_tribe_ticket_global_stock_level":"","_global_stock_mode":"","_global_stock_cap":"","_tribe_rsvp_for_event":"","_tribe_ticket_going_count":"","_tribe_ticket_not_going_count":"","_tribe_tickets_list":"[]","_tribe_ticket_has_attendee_info_fields":false},"product_brand":[],"product_cat":[757,286,290,294],"product_tag":[],"class_list":{"0":"post-8998","1":"product","2":"type-product","3":"status-publish","4":"has-post-thumbnail","6":"product_cat-harnais","7":"product_cat-produits-fr","8":"product_cat-outdoor-fr","9":"product_cat-canyoning-fr","11":"first","12":"instock","13":"taxable","14":"shipping-taxable","15":"purchasable","16":"product-type-variable"},"_links":{"self":[{"href":"https:\/\/www.gsab-aventures.com\/fr\/wp-json\/wp\/v2\/product\/8998","targetHints":{"allow":["GET"]}}],"collection":[{"href":"https:\/\/www.gsab-aventures.com\/fr\/wp-json\/wp\/v2\/product"}],"about":[{"href":"https:\/\/www.gsab-aventures.com\/fr\/wp-json\/wp\/v2\/types\/product"}],"replies":[{"embeddable":true,"href":"https:\/\/www.gsab-aventures.com\/fr\/wp-json\/wp\/v2\/comments?post=8998"}],"wp:featuredmedia":[{"embeddable":true,"href":"https:\/\/www.gsab-aventures.com\/fr\/wp-json\/wp\/v2\/media\/8947"}],"wp:attachment":[{"href":"https:\/\/www.gsab-aventures.com\/fr\/wp-json\/wp\/v2\/media?parent=8998"}],"wp:term":[{"taxonomy":"product_brand","embeddable":true,"href":"https:\/\/www.gsab-aventures.com\/fr\/wp-json\/wp\/v2\/product_brand?post=8998"},{"taxonomy":"product_cat","embeddable":true,"href":"https:\/\/www.gsab-aventures.com\/fr\/wp-json\/wp\/v2\/product_cat?post=8998"},{"taxonomy":"product_tag","embeddable":true,"href":"https:\/\/www.gsab-aventures.com\/fr\/wp-json\/wp\/v2\/product_tag?post=8998"}],"curies":[{"name":"wp","href":"https:\/\/api.w.org\/{rel}","templated":true}]}}