{"id":9038,"date":"2021-05-21T08:21:57","date_gmt":"2021-05-21T06:21:57","guid":{"rendered":"https:\/\/www.gsab-aventures.com\/?post_type=product&#038;p=9038"},"modified":"2021-05-21T08:24:33","modified_gmt":"2021-05-21T06:24:33","slug":"futura-body","status":"publish","type":"product","link":"https:\/\/www.gsab-aventures.com\/fr\/produit\/produits-fr\/outdoor-fr\/canyoning-fr\/accessoires\/futura-body\/","title":{"rendered":"Futura Body"},"content":{"rendered":"<div class=\"row\">\n<div class=\"col-md-12 col-sm-12\">\n<div class=\"description\">\n<h2>Bloqueur ventral tr\u00e8s compact<\/h2>\n<p>Bloqueur ventral de dimensions et poids incroyablement r\u00e9duits, 80 g seulement! Utilis\u00e9 avec la poign\u00e9e Futura Hand et la p\u00e9dale Futura Foot, il permet de progresser tr\u00e8s facilement en technique \u00ab altern\u00e9e \u00bb comme si l\u2019on \u00e9tait sur une \u00e9chelle \u00e0 barreaux ! Des essais men\u00e9s par des sp\u00e9l\u00e9ologues confirment un gain minimum de 30% de l\u2019efficacit\u00e9 de remont\u00e9e.<br \/>\nProduit de haute qualit\u00e9 r\u00e9alis\u00e9 en Italie!<\/p>\n<\/div>\n<\/div>\n<\/div>\n","protected":false},"excerpt":{"rendered":"<p>Bloqueur ventral tr\u00e8s compact Bloqueur ventral de dimensions et poids incroyablement r\u00e9duits, 80 g seulement! Utilis\u00e9 avec la poign\u00e9e Futura Hand et la p\u00e9dale Futura Foot, il permet de progresser tr\u00e8s facilement en technique \u00ab altern\u00e9e \u00bb comme si l\u2019on \u00e9tait sur une \u00e9chelle \u00e0 barreaux ! Des essais men\u00e9s par des sp\u00e9l\u00e9ologues confirment un [&hellip;]<\/p>\n","protected":false},"featured_media":9026,"comment_status":"closed","ping_status":"closed","template":"","meta":{"_exactmetrics_skip_tracking":false,"_exactmetrics_sitenote_active":false,"_exactmetrics_sitenote_note":"","_exactmetrics_sitenote_category":0,"_price":"69","_stock":"","_tribe_ticket_header":"","_tribe_default_ticket_provider":"","_tribe_ticket_capacity":"0","_ticket_start_date":"","_ticket_end_date":"","_tribe_ticket_show_description":"","_tribe_ticket_show_not_going":false,"_tribe_ticket_use_global_stock":"","_tribe_ticket_global_stock_level":"","_global_stock_mode":"","_global_stock_cap":"","_tribe_rsvp_for_event":"","_tribe_ticket_going_count":"","_tribe_ticket_not_going_count":"","_tribe_tickets_list":"[]","_tribe_ticket_has_attendee_info_fields":false},"product_brand":[],"product_cat":[964,286,290,294],"product_tag":[],"class_list":{"0":"post-9038","1":"product","2":"type-product","3":"status-publish","4":"has-post-thumbnail","6":"product_cat-accessoires","7":"product_cat-produits-fr","8":"product_cat-outdoor-fr","9":"product_cat-canyoning-fr","11":"first","12":"instock","13":"virtual","14":"taxable","15":"purchasable","16":"product-type-simple"},"_links":{"self":[{"href":"https:\/\/www.gsab-aventures.com\/fr\/wp-json\/wp\/v2\/product\/9038","targetHints":{"allow":["GET"]}}],"collection":[{"href":"https:\/\/www.gsab-aventures.com\/fr\/wp-json\/wp\/v2\/product"}],"about":[{"href":"https:\/\/www.gsab-aventures.com\/fr\/wp-json\/wp\/v2\/types\/product"}],"replies":[{"embeddable":true,"href":"https:\/\/www.gsab-aventures.com\/fr\/wp-json\/wp\/v2\/comments?post=9038"}],"wp:featuredmedia":[{"embeddable":true,"href":"https:\/\/www.gsab-aventures.com\/fr\/wp-json\/wp\/v2\/media\/9026"}],"wp:attachment":[{"href":"https:\/\/www.gsab-aventures.com\/fr\/wp-json\/wp\/v2\/media?parent=9038"}],"wp:term":[{"taxonomy":"product_brand","embeddable":true,"href":"https:\/\/www.gsab-aventures.com\/fr\/wp-json\/wp\/v2\/product_brand?post=9038"},{"taxonomy":"product_cat","embeddable":true,"href":"https:\/\/www.gsab-aventures.com\/fr\/wp-json\/wp\/v2\/product_cat?post=9038"},{"taxonomy":"product_tag","embeddable":true,"href":"https:\/\/www.gsab-aventures.com\/fr\/wp-json\/wp\/v2\/product_tag?post=9038"}],"curies":[{"name":"wp","href":"https:\/\/api.w.org\/{rel}","templated":true}]}}