{"id":9046,"date":"2021-05-21T08:32:44","date_gmt":"2021-05-21T06:32:44","guid":{"rendered":"https:\/\/www.gsab-aventures.com\/?post_type=product&#038;p=9046"},"modified":"2021-05-21T08:34:08","modified_gmt":"2021-05-21T06:34:08","slug":"futura-hand","status":"publish","type":"product","link":"https:\/\/www.gsab-aventures.com\/fr\/produit\/produits-fr\/outdoor-fr\/canyoning-fr\/accessoires\/futura-hand\/","title":{"rendered":"Futura Hand"},"content":{"rendered":"<div class=\"row\">\n<div class=\"col-md-12 col-sm-12\">\n<div class=\"description\">\n<p>Une r\u00e9volution dans le domaine des bloqueurs. Dimensions r\u00e9duites et ergonomie formidable en 125 grammes seulement!\u00a0Prise avant par rapport \u00e0 la corde, assurant plus de maniabilit\u00e9 et s\u00e9curit\u00e9. Disponible en version main droite et main gauche.<br \/>\nIl permet de progresser tr\u00e8s facilement en technique \u00ab altern\u00e9e \u00bb comme si l\u2019on \u00e9tait sur une \u00e9chelle \u00e0 barreaux ! Des essais men\u00e9s par des sp\u00e9l\u00e9ologues confirment un gain minimum de 30% de l\u2019efficacit\u00e9 de remont\u00e9e.<br \/>\nHaute qualit\u00e9, produit en Italie!<br \/>\nBrevet\u00e9.<\/p>\n<\/div>\n<\/div>\n<\/div>\n","protected":false},"excerpt":{"rendered":"<p>Une r\u00e9volution dans le domaine des bloqueurs. Dimensions r\u00e9duites et ergonomie formidable en 125 grammes seulement!\u00a0Prise avant par rapport \u00e0 la corde, assurant plus de maniabilit\u00e9 et s\u00e9curit\u00e9. Disponible en version main droite et main gauche. Il permet de progresser tr\u00e8s facilement en technique \u00ab altern\u00e9e \u00bb comme si l\u2019on \u00e9tait sur une \u00e9chelle \u00e0 [&hellip;]<\/p>\n","protected":false},"featured_media":9163,"comment_status":"closed","ping_status":"closed","template":"","meta":{"_exactmetrics_skip_tracking":false,"_exactmetrics_sitenote_active":false,"_exactmetrics_sitenote_note":"","_exactmetrics_sitenote_category":0,"_price":"75","_stock":"","_tribe_ticket_header":"","_tribe_default_ticket_provider":"","_tribe_ticket_capacity":"0","_ticket_start_date":"","_ticket_end_date":"","_tribe_ticket_show_description":"","_tribe_ticket_show_not_going":false,"_tribe_ticket_use_global_stock":"","_tribe_ticket_global_stock_level":"","_global_stock_mode":"","_global_stock_cap":"","_tribe_rsvp_for_event":"","_tribe_ticket_going_count":"","_tribe_ticket_not_going_count":"","_tribe_tickets_list":"[]","_tribe_ticket_has_attendee_info_fields":false},"product_brand":[],"product_cat":[964,286,290,294],"product_tag":[],"class_list":{"0":"post-9046","1":"product","2":"type-product","3":"status-publish","4":"has-post-thumbnail","6":"product_cat-accessoires","7":"product_cat-produits-fr","8":"product_cat-outdoor-fr","9":"product_cat-canyoning-fr","11":"first","12":"instock","13":"taxable","14":"shipping-taxable","15":"purchasable","16":"product-type-variable"},"_links":{"self":[{"href":"https:\/\/www.gsab-aventures.com\/fr\/wp-json\/wp\/v2\/product\/9046","targetHints":{"allow":["GET"]}}],"collection":[{"href":"https:\/\/www.gsab-aventures.com\/fr\/wp-json\/wp\/v2\/product"}],"about":[{"href":"https:\/\/www.gsab-aventures.com\/fr\/wp-json\/wp\/v2\/types\/product"}],"replies":[{"embeddable":true,"href":"https:\/\/www.gsab-aventures.com\/fr\/wp-json\/wp\/v2\/comments?post=9046"}],"wp:featuredmedia":[{"embeddable":true,"href":"https:\/\/www.gsab-aventures.com\/fr\/wp-json\/wp\/v2\/media\/9163"}],"wp:attachment":[{"href":"https:\/\/www.gsab-aventures.com\/fr\/wp-json\/wp\/v2\/media?parent=9046"}],"wp:term":[{"taxonomy":"product_brand","embeddable":true,"href":"https:\/\/www.gsab-aventures.com\/fr\/wp-json\/wp\/v2\/product_brand?post=9046"},{"taxonomy":"product_cat","embeddable":true,"href":"https:\/\/www.gsab-aventures.com\/fr\/wp-json\/wp\/v2\/product_cat?post=9046"},{"taxonomy":"product_tag","embeddable":true,"href":"https:\/\/www.gsab-aventures.com\/fr\/wp-json\/wp\/v2\/product_tag?post=9046"}],"curies":[{"name":"wp","href":"https:\/\/api.w.org\/{rel}","templated":true}]}}