{"id":9085,"date":"2021-05-21T08:44:16","date_gmt":"2021-05-21T06:44:16","guid":{"rendered":"https:\/\/www.gsab-aventures.com\/?post_type=product&#038;p=9085"},"modified":"2021-05-21T08:45:27","modified_gmt":"2021-05-21T06:45:27","slug":"futura-foot","status":"publish","type":"product","link":"https:\/\/www.gsab-aventures.com\/fr\/produit\/produits-fr\/outdoor-fr\/canyoning-fr\/accessoires\/futura-foot\/","title":{"rendered":"Futura Foot"},"content":{"rendered":"<p>Bloqueur additionnel de pied \u00e9quip\u00e9 de bride anti-torsion. Disponible en version pied gauche et pied droit.<br \/>\nTrou pour l\u2019introduction d\u2019un mousqueton pour le blocage de la g\u00e2chette \u00e9vitant la sortie accidentelle de la corde.<br \/>\nFutura System : c\u2019est l\u2019union logique de trois outils am\u00e9liorants permettant de progresser tr\u00e8s facilement en technique \u00ab altern\u00e9e \u00bb comme si l\u2019on \u00e9tait sur une \u00e9chelle \u00e0 barreaux ! Des essais men\u00e9s par des sp\u00e9l\u00e9ologues confirment un gain minimum de 30% de l\u2019efficacit\u00e9 de remont\u00e9e.<br \/>\nProduit de qualit\u00e9, r\u00e9alis\u00e9 en Italie!<br \/>\nBrevet\u00e9.<\/p>\n","protected":false},"excerpt":{"rendered":"<p>Bloqueur additionnel de pied \u00e9quip\u00e9 de bride anti-torsion. Disponible en version pied gauche et pied droit. Trou pour l\u2019introduction d\u2019un mousqueton pour le blocage de la g\u00e2chette \u00e9vitant la sortie accidentelle de la corde. Futura System : c\u2019est l\u2019union logique de trois outils am\u00e9liorants permettant de progresser tr\u00e8s facilement en technique \u00ab altern\u00e9e \u00bb comme [&hellip;]<\/p>\n","protected":false},"featured_media":9056,"comment_status":"closed","ping_status":"closed","template":"","meta":{"_exactmetrics_skip_tracking":false,"_exactmetrics_sitenote_active":false,"_exactmetrics_sitenote_note":"","_exactmetrics_sitenote_category":0,"_price":"71","_stock":"","_tribe_ticket_header":"","_tribe_default_ticket_provider":"","_tribe_ticket_capacity":"0","_ticket_start_date":"","_ticket_end_date":"","_tribe_ticket_show_description":"","_tribe_ticket_show_not_going":false,"_tribe_ticket_use_global_stock":"","_tribe_ticket_global_stock_level":"","_global_stock_mode":"","_global_stock_cap":"","_tribe_rsvp_for_event":"","_tribe_ticket_going_count":"","_tribe_ticket_not_going_count":"","_tribe_tickets_list":"[]","_tribe_ticket_has_attendee_info_fields":false},"product_brand":[],"product_cat":[964,286,290,294],"product_tag":[],"class_list":{"0":"post-9085","1":"product","2":"type-product","3":"status-publish","4":"has-post-thumbnail","6":"product_cat-accessoires","7":"product_cat-produits-fr","8":"product_cat-outdoor-fr","9":"product_cat-canyoning-fr","11":"first","12":"instock","13":"taxable","14":"shipping-taxable","15":"purchasable","16":"product-type-variable"},"_links":{"self":[{"href":"https:\/\/www.gsab-aventures.com\/fr\/wp-json\/wp\/v2\/product\/9085","targetHints":{"allow":["GET"]}}],"collection":[{"href":"https:\/\/www.gsab-aventures.com\/fr\/wp-json\/wp\/v2\/product"}],"about":[{"href":"https:\/\/www.gsab-aventures.com\/fr\/wp-json\/wp\/v2\/types\/product"}],"replies":[{"embeddable":true,"href":"https:\/\/www.gsab-aventures.com\/fr\/wp-json\/wp\/v2\/comments?post=9085"}],"wp:featuredmedia":[{"embeddable":true,"href":"https:\/\/www.gsab-aventures.com\/fr\/wp-json\/wp\/v2\/media\/9056"}],"wp:attachment":[{"href":"https:\/\/www.gsab-aventures.com\/fr\/wp-json\/wp\/v2\/media?parent=9085"}],"wp:term":[{"taxonomy":"product_brand","embeddable":true,"href":"https:\/\/www.gsab-aventures.com\/fr\/wp-json\/wp\/v2\/product_brand?post=9085"},{"taxonomy":"product_cat","embeddable":true,"href":"https:\/\/www.gsab-aventures.com\/fr\/wp-json\/wp\/v2\/product_cat?post=9085"},{"taxonomy":"product_tag","embeddable":true,"href":"https:\/\/www.gsab-aventures.com\/fr\/wp-json\/wp\/v2\/product_tag?post=9085"}],"curies":[{"name":"wp","href":"https:\/\/api.w.org\/{rel}","templated":true}]}}