{"id":9146,"date":"2021-05-21T09:18:27","date_gmt":"2021-05-21T07:18:27","guid":{"rendered":"https:\/\/www.gsab-aventures.com\/?post_type=product&#038;p=9146"},"modified":"2021-05-21T09:20:18","modified_gmt":"2021-05-21T07:20:18","slug":"futura-foot-work","status":"publish","type":"product","link":"https:\/\/www.gsab-aventures.com\/fr\/produit\/produits-fr\/outdoor-fr\/canyoning-fr\/accessoires\/futura-foot-work\/","title":{"rendered":"Futura Foot Work"},"content":{"rendered":"<div class=\"row\">\n<div class=\"col-md-12 col-sm-12\">\n<div class=\"description\">\n<p>Bloqueur additionnel de pied, qui am\u00e9liore et compl\u00e8te les performances de la poign\u00e9e Futura Hand et du bloqueur ventral Futura Body.<\/p>\n<p>Nouvelle version avec taquet emp\u00eachant la perte accidentelle de la corde.<\/p>\n<p>Disponible en version pied droit ou pied gauche, \u00e9quip\u00e9 de bride anti-torsion.<\/p>\n<p>Id\u00e9al pour acc\u00e8s sur corde et \u00e9lagage.<\/p>\n<p>&nbsp;<\/p>\n<p>Futura System : c\u2019est l\u2019union logique de trois outils am\u00e9liorants permettant de progresser tr\u00e8s facilement en technique \u00abaltern\u00e9e\u00bb comme si l\u2019on \u00e9tait sur une \u00e9chelle \u00e0 barreaux! Des essais men\u00e9s par des utilisateurs experts confirment un gain minimum de 30% de l\u2019efficacit\u00e9 de remont\u00e9e.<\/p>\n<p>Produit de qualit\u00e9, r\u00e9alis\u00e9 en Italie!<\/p>\n<p>Brevet\u00e9.<\/p>\n<\/div>\n<\/div>\n<\/div>\n","protected":false},"excerpt":{"rendered":"<p>Bloqueur additionnel de pied, qui am\u00e9liore et compl\u00e8te les performances de la poign\u00e9e Futura Hand et du bloqueur ventral Futura Body. Nouvelle version avec taquet emp\u00eachant la perte accidentelle de la corde. Disponible en version pied droit ou pied gauche, \u00e9quip\u00e9 de bride anti-torsion. Id\u00e9al pour acc\u00e8s sur corde et \u00e9lagage. &nbsp; Futura System : [&hellip;]<\/p>\n","protected":false},"featured_media":9130,"comment_status":"closed","ping_status":"closed","template":"","meta":{"_exactmetrics_skip_tracking":false,"_exactmetrics_sitenote_active":false,"_exactmetrics_sitenote_note":"","_exactmetrics_sitenote_category":0,"_price":"79","_stock":"","_tribe_ticket_header":"","_tribe_default_ticket_provider":"","_tribe_ticket_capacity":"0","_ticket_start_date":"","_ticket_end_date":"","_tribe_ticket_show_description":"","_tribe_ticket_show_not_going":false,"_tribe_ticket_use_global_stock":"","_tribe_ticket_global_stock_level":"","_global_stock_mode":"","_global_stock_cap":"","_tribe_rsvp_for_event":"","_tribe_ticket_going_count":"","_tribe_ticket_not_going_count":"","_tribe_tickets_list":"[]","_tribe_ticket_has_attendee_info_fields":false},"product_brand":[],"product_cat":[964,286,294],"product_tag":[],"class_list":{"0":"post-9146","1":"product","2":"type-product","3":"status-publish","4":"has-post-thumbnail","6":"product_cat-accessoires","7":"product_cat-produits-fr","8":"product_cat-canyoning-fr","10":"first","11":"instock","12":"taxable","13":"shipping-taxable","14":"purchasable","15":"product-type-variable"},"_links":{"self":[{"href":"https:\/\/www.gsab-aventures.com\/fr\/wp-json\/wp\/v2\/product\/9146","targetHints":{"allow":["GET"]}}],"collection":[{"href":"https:\/\/www.gsab-aventures.com\/fr\/wp-json\/wp\/v2\/product"}],"about":[{"href":"https:\/\/www.gsab-aventures.com\/fr\/wp-json\/wp\/v2\/types\/product"}],"replies":[{"embeddable":true,"href":"https:\/\/www.gsab-aventures.com\/fr\/wp-json\/wp\/v2\/comments?post=9146"}],"wp:featuredmedia":[{"embeddable":true,"href":"https:\/\/www.gsab-aventures.com\/fr\/wp-json\/wp\/v2\/media\/9130"}],"wp:attachment":[{"href":"https:\/\/www.gsab-aventures.com\/fr\/wp-json\/wp\/v2\/media?parent=9146"}],"wp:term":[{"taxonomy":"product_brand","embeddable":true,"href":"https:\/\/www.gsab-aventures.com\/fr\/wp-json\/wp\/v2\/product_brand?post=9146"},{"taxonomy":"product_cat","embeddable":true,"href":"https:\/\/www.gsab-aventures.com\/fr\/wp-json\/wp\/v2\/product_cat?post=9146"},{"taxonomy":"product_tag","embeddable":true,"href":"https:\/\/www.gsab-aventures.com\/fr\/wp-json\/wp\/v2\/product_tag?post=9146"}],"curies":[{"name":"wp","href":"https:\/\/api.w.org\/{rel}","templated":true}]}}