{"id":9283,"date":"2021-05-21T10:11:21","date_gmt":"2021-05-21T08:11:21","guid":{"rendered":"https:\/\/www.gsab-aventures.com\/?post_type=product&#038;p=9283"},"modified":"2021-05-21T10:12:59","modified_gmt":"2021-05-21T08:12:59","slug":"oka-tactical","status":"publish","type":"product","link":"https:\/\/www.gsab-aventures.com\/fr\/produit\/produits-fr\/outdoor-fr\/canyoning-fr\/accessoires\/oka-tactical\/","title":{"rendered":"Oka Tactical"},"content":{"rendered":"<p>Nouveau descendeur \u00e9tudi\u00e9 pour le canyonisme, con\u00e7u pas seulement pour la progression sur corde, mais lors de situations de d\u00e9pannage, mouflage et secours aussi difficiles \u00e0 g\u00e9rer en utilisant d\u2019autres dispositifs. L\u2019utilisation est rapide, s\u00fbre et efficace dans n\u2019importe quelle condition. La simplicit\u00e9 de man\u0153uvre, la modularit\u00e9 de progression sur les cordes ayant un diam\u00e8tre diff\u00e9rent et la multiplicit\u00e9 de positions de freinage sont les caract\u00e9ristiques atteintes gr\u00e2ce au d\u00e9veloppement conjoint avec les techniciens du secours.<br \/>\nMousqueton conseill\u00e9: Large Multiuse Auto Block<br \/>\nDisponible ensemble OKA + mousqueton Large Multiuse Auto Block<br \/>\nFourni avec deux bloque-connecteurs en caoutchouc de rechange.<\/p>\n<p>*La couleur noire est particuli\u00e8rement appr\u00e9ci\u00e9e pour tous les usages o\u00f9 l&rsquo;\u00e9quipement doit \u00eatre peu visible (utilisation militaire, th\u00e9\u00e2tre et cin\u00e9ma, spectacles acrobatiques, etc.).<\/p>\n","protected":false},"excerpt":{"rendered":"<p>Nouveau descendeur \u00e9tudi\u00e9 pour le canyonisme, con\u00e7u pas seulement pour la progression sur corde, mais lors de situations de d\u00e9pannage, mouflage et secours aussi difficiles \u00e0 g\u00e9rer en utilisant d\u2019autres dispositifs. L\u2019utilisation est rapide, s\u00fbre et efficace dans n\u2019importe quelle condition. La simplicit\u00e9 de man\u0153uvre, la modularit\u00e9 de progression sur les cordes ayant un diam\u00e8tre [&hellip;]<\/p>\n","protected":false},"featured_media":9274,"comment_status":"closed","ping_status":"closed","template":"","meta":{"_exactmetrics_skip_tracking":false,"_exactmetrics_sitenote_active":false,"_exactmetrics_sitenote_note":"","_exactmetrics_sitenote_category":0,"_price":"33","_stock":"","_tribe_ticket_header":"","_tribe_default_ticket_provider":"","_tribe_ticket_capacity":"0","_ticket_start_date":"","_ticket_end_date":"","_tribe_ticket_show_description":"","_tribe_ticket_show_not_going":false,"_tribe_ticket_use_global_stock":"","_tribe_ticket_global_stock_level":"","_global_stock_mode":"","_global_stock_cap":"","_tribe_rsvp_for_event":"","_tribe_ticket_going_count":"","_tribe_ticket_not_going_count":"","_tribe_tickets_list":"[]","_tribe_ticket_has_attendee_info_fields":false},"product_brand":[],"product_cat":[964,286,290,294],"product_tag":[],"class_list":{"0":"post-9283","1":"product","2":"type-product","3":"status-publish","4":"has-post-thumbnail","6":"product_cat-accessoires","7":"product_cat-produits-fr","8":"product_cat-outdoor-fr","9":"product_cat-canyoning-fr","11":"first","12":"onbackorder","13":"taxable","14":"shipping-taxable","15":"purchasable","16":"product-type-simple"},"_links":{"self":[{"href":"https:\/\/www.gsab-aventures.com\/fr\/wp-json\/wp\/v2\/product\/9283","targetHints":{"allow":["GET"]}}],"collection":[{"href":"https:\/\/www.gsab-aventures.com\/fr\/wp-json\/wp\/v2\/product"}],"about":[{"href":"https:\/\/www.gsab-aventures.com\/fr\/wp-json\/wp\/v2\/types\/product"}],"replies":[{"embeddable":true,"href":"https:\/\/www.gsab-aventures.com\/fr\/wp-json\/wp\/v2\/comments?post=9283"}],"wp:featuredmedia":[{"embeddable":true,"href":"https:\/\/www.gsab-aventures.com\/fr\/wp-json\/wp\/v2\/media\/9274"}],"wp:attachment":[{"href":"https:\/\/www.gsab-aventures.com\/fr\/wp-json\/wp\/v2\/media?parent=9283"}],"wp:term":[{"taxonomy":"product_brand","embeddable":true,"href":"https:\/\/www.gsab-aventures.com\/fr\/wp-json\/wp\/v2\/product_brand?post=9283"},{"taxonomy":"product_cat","embeddable":true,"href":"https:\/\/www.gsab-aventures.com\/fr\/wp-json\/wp\/v2\/product_cat?post=9283"},{"taxonomy":"product_tag","embeddable":true,"href":"https:\/\/www.gsab-aventures.com\/fr\/wp-json\/wp\/v2\/product_tag?post=9283"}],"curies":[{"name":"wp","href":"https:\/\/api.w.org\/{rel}","templated":true}]}}