{"id":9371,"date":"2021-05-21T21:00:49","date_gmt":"2021-05-21T19:00:49","guid":{"rendered":"https:\/\/www.gsab-aventures.com\/?post_type=product&#038;p=9371"},"modified":"2022-04-09T23:04:55","modified_gmt":"2022-04-09T21:04:55","slug":"linnha","status":"publish","type":"product","link":"https:\/\/www.gsab-aventures.com\/fr\/produit\/produits-fr\/outdoor-fr\/canyoning-fr\/accessoires\/linnha\/","title":{"rendered":"LINNHA"},"content":{"rendered":"<p>Sac \u00e0 dos avec volume moyen con\u00e7u pour \u00eatre utilis\u00e9 pour les descentes faciles sans grande verticale, avec acc\u00e8s et sortie tr\u00e8s courts; destin\u00e9 \u00e0 une utilisation professionnelle du guide.<br \/>\nCaract\u00e9ristiques principales:<br \/>\n\u2022 volume moyen (40 l); en \u00e9tat op\u00e9rationnel il peut contenir une corde de 60m 10 mm diam\u00e8tre et un sac ou un petit bidon \u00e9tanche; pendant le transport il peut contenir une combinaison de plongeur compl\u00e8te et un sac ou un petit bidon \u00e9tanche, en plus d&rsquo;autres objets; la corde de 60 m peut \u00eatre transport\u00e9e \u00e0 l&rsquo;ext\u00e9rieur du sac \u00e0 dos, en la bloquant avec les sangles de compression lat\u00e9rales<br \/>\n\u2022 rapide vidange gr\u00e2ce \u00e0 la structure en filet (vidange rapide signifie moins de fatigue)<br \/>\n\u2022 l\u00e9ger et confortable dans le transport, gr\u00e2ce \u00e0 la structure en filet du dos qui permet la transpiration<br \/>\n\u2022 rabat sup\u00e9rieur d\u00e9tachable et utilisable s\u00e9par\u00e9ment comme un sac porte-objets (marteau pour ancrages, perforateur pour pitons \u00e0 expansion, cam\u00e9ra etc.)<br \/>\n\u2022 sangles de compression lat\u00e9rales pratiques qui vous permettent d&rsquo;attacher cordes et d&rsquo;autres objets de grande taille au sac \u00e0 dos dans la phase d&rsquo;approche, en d\u00e9diant le volume int\u00e9rieur \u00e0 la combinaison de plongeur et aux autres objets d\u00e9licats. Les sangles servent aussi pour le fixage du sac \u00e0 corde Lirung au sac \u00e0 dos, pour un transport et une utilisation facilit\u00e9e de la corde<br \/>\n\u2022 bretelles r\u00e9glables, lib\u00e9ration rapide, avec Daisy Chain int\u00e9gr\u00e9e<br \/>\n\u2022 ceinture ventrale ajustable<br \/>\n\u2022 poign\u00e9es de transport ergonomiques pratiques et robustes<br \/>\n\u2022 \u0153illet porte-objets \u00e0 l&rsquo;int\u00e9rieur en couleurs vives<br \/>\n\u2022 anneaux int\u00e9rieurs pour le fixage des cosses en couleurs vives<\/p>\n","protected":false},"excerpt":{"rendered":"<p>Sac \u00e0 dos avec volume moyen con\u00e7u pour \u00eatre utilis\u00e9 pour les descentes faciles sans grande verticale, avec acc\u00e8s et sortie tr\u00e8s courts; destin\u00e9 \u00e0 une utilisation professionnelle du guide. Caract\u00e9ristiques principales: \u2022 volume moyen (40 l); en \u00e9tat op\u00e9rationnel il peut contenir une corde de 60m 10 mm diam\u00e8tre et un sac ou un [&hellip;]<\/p>\n","protected":false},"featured_media":9351,"comment_status":"closed","ping_status":"closed","template":"","meta":{"_exactmetrics_skip_tracking":false,"_exactmetrics_sitenote_active":false,"_exactmetrics_sitenote_note":"","_exactmetrics_sitenote_category":0,"_price":"315","_stock":null,"_tribe_ticket_header":"","_tribe_default_ticket_provider":"","_tribe_ticket_capacity":"0","_ticket_start_date":"","_ticket_end_date":"","_tribe_ticket_show_description":"","_tribe_ticket_show_not_going":false,"_tribe_ticket_use_global_stock":"","_tribe_ticket_global_stock_level":"","_global_stock_mode":"","_global_stock_cap":"","_tribe_rsvp_for_event":"","_tribe_ticket_going_count":"","_tribe_ticket_not_going_count":"","_tribe_tickets_list":"[]","_tribe_ticket_has_attendee_info_fields":false},"product_brand":[],"product_cat":[964,286,290,294],"product_tag":[],"class_list":{"0":"post-9371","1":"product","2":"type-product","3":"status-publish","4":"has-post-thumbnail","6":"product_cat-accessoires","7":"product_cat-produits-fr","8":"product_cat-outdoor-fr","9":"product_cat-canyoning-fr","11":"first","12":"onbackorder","13":"virtual","14":"taxable","15":"purchasable","16":"product-type-simple"},"_links":{"self":[{"href":"https:\/\/www.gsab-aventures.com\/fr\/wp-json\/wp\/v2\/product\/9371","targetHints":{"allow":["GET"]}}],"collection":[{"href":"https:\/\/www.gsab-aventures.com\/fr\/wp-json\/wp\/v2\/product"}],"about":[{"href":"https:\/\/www.gsab-aventures.com\/fr\/wp-json\/wp\/v2\/types\/product"}],"replies":[{"embeddable":true,"href":"https:\/\/www.gsab-aventures.com\/fr\/wp-json\/wp\/v2\/comments?post=9371"}],"wp:featuredmedia":[{"embeddable":true,"href":"https:\/\/www.gsab-aventures.com\/fr\/wp-json\/wp\/v2\/media\/9351"}],"wp:attachment":[{"href":"https:\/\/www.gsab-aventures.com\/fr\/wp-json\/wp\/v2\/media?parent=9371"}],"wp:term":[{"taxonomy":"product_brand","embeddable":true,"href":"https:\/\/www.gsab-aventures.com\/fr\/wp-json\/wp\/v2\/product_brand?post=9371"},{"taxonomy":"product_cat","embeddable":true,"href":"https:\/\/www.gsab-aventures.com\/fr\/wp-json\/wp\/v2\/product_cat?post=9371"},{"taxonomy":"product_tag","embeddable":true,"href":"https:\/\/www.gsab-aventures.com\/fr\/wp-json\/wp\/v2\/product_tag?post=9371"}],"curies":[{"name":"wp","href":"https:\/\/api.w.org\/{rel}","templated":true}]}}