{"id":9409,"date":"2021-05-23T09:56:21","date_gmt":"2021-05-23T07:56:21","guid":{"rendered":"https:\/\/www.gsab-aventures.com\/?post_type=product&#038;p=9409"},"modified":"2021-05-23T09:57:25","modified_gmt":"2021-05-23T07:57:25","slug":"alcanadre-club-30","status":"publish","type":"product","link":"https:\/\/www.gsab-aventures.com\/fr\/produit\/produits-fr\/outdoor-fr\/canyoning-fr\/accessoires\/alcanadre-club-30\/","title":{"rendered":"ALCANADRE CLUB 30"},"content":{"rendered":"<p>Sac facile \u00e0 utiliser pour le canyoning<\/p>\n<p>Con\u00e7u pour le canyoning, ALCANADRE CLUB 30 est un sac facile \u00e0 utiliser, destin\u00e9 aux usages collectifs. Les bretelles rembourr\u00e9es offrent un excellent confort lors des marches d&rsquo;approche. Sa large ouverture permet de sortir et de ranger facilement la corde. Les multiples perforations optimisent l&rsquo;\u00e9vacuation de l&rsquo;eau. Il est \u00e9quip\u00e9 de trois anneaux de couleurs diff\u00e9rentes pour accrocher les extr\u00e9mit\u00e9s de la corde et le mat\u00e9riel de secours. Des boucles sur chaque bretelle permettent de quitter le sac rapidement en cas de secours. Sa construction et sa poign\u00e9e sup\u00e9rieure renforc\u00e9e lui apportent une grande durabilit\u00e9.<\/p>\n","protected":false},"excerpt":{"rendered":"<p>Sac facile \u00e0 utiliser pour le canyoning Con\u00e7u pour le canyoning, ALCANADRE CLUB 30 est un sac facile \u00e0 utiliser, destin\u00e9 aux usages collectifs. Les bretelles rembourr\u00e9es offrent un excellent confort lors des marches d&rsquo;approche. Sa large ouverture permet de sortir et de ranger facilement la corde. Les multiples perforations optimisent l&rsquo;\u00e9vacuation de l&rsquo;eau. Il [&hellip;]<\/p>\n","protected":false},"featured_media":9380,"comment_status":"closed","ping_status":"closed","template":"","meta":{"_exactmetrics_skip_tracking":false,"_exactmetrics_sitenote_active":false,"_exactmetrics_sitenote_note":"","_exactmetrics_sitenote_category":0,"_price":"84","_stock":"","_tribe_ticket_header":"","_tribe_default_ticket_provider":"","_tribe_ticket_capacity":"0","_ticket_start_date":"","_ticket_end_date":"","_tribe_ticket_show_description":"","_tribe_ticket_show_not_going":false,"_tribe_ticket_use_global_stock":"","_tribe_ticket_global_stock_level":"","_global_stock_mode":"","_global_stock_cap":"","_tribe_rsvp_for_event":"","_tribe_ticket_going_count":"","_tribe_ticket_not_going_count":"","_tribe_tickets_list":"[]","_tribe_ticket_has_attendee_info_fields":false},"product_brand":[],"product_cat":[964,286,294],"product_tag":[],"class_list":{"0":"post-9409","1":"product","2":"type-product","3":"status-publish","4":"has-post-thumbnail","6":"product_cat-accessoires","7":"product_cat-produits-fr","8":"product_cat-canyoning-fr","10":"first","11":"onbackorder","12":"virtual","13":"taxable","14":"purchasable","15":"product-type-simple"},"_links":{"self":[{"href":"https:\/\/www.gsab-aventures.com\/fr\/wp-json\/wp\/v2\/product\/9409","targetHints":{"allow":["GET"]}}],"collection":[{"href":"https:\/\/www.gsab-aventures.com\/fr\/wp-json\/wp\/v2\/product"}],"about":[{"href":"https:\/\/www.gsab-aventures.com\/fr\/wp-json\/wp\/v2\/types\/product"}],"replies":[{"embeddable":true,"href":"https:\/\/www.gsab-aventures.com\/fr\/wp-json\/wp\/v2\/comments?post=9409"}],"wp:featuredmedia":[{"embeddable":true,"href":"https:\/\/www.gsab-aventures.com\/fr\/wp-json\/wp\/v2\/media\/9380"}],"wp:attachment":[{"href":"https:\/\/www.gsab-aventures.com\/fr\/wp-json\/wp\/v2\/media?parent=9409"}],"wp:term":[{"taxonomy":"product_brand","embeddable":true,"href":"https:\/\/www.gsab-aventures.com\/fr\/wp-json\/wp\/v2\/product_brand?post=9409"},{"taxonomy":"product_cat","embeddable":true,"href":"https:\/\/www.gsab-aventures.com\/fr\/wp-json\/wp\/v2\/product_cat?post=9409"},{"taxonomy":"product_tag","embeddable":true,"href":"https:\/\/www.gsab-aventures.com\/fr\/wp-json\/wp\/v2\/product_tag?post=9409"}],"curies":[{"name":"wp","href":"https:\/\/api.w.org\/{rel}","templated":true}]}}