{"id":9441,"date":"2021-05-23T10:14:35","date_gmt":"2021-05-23T08:14:35","guid":{"rendered":"https:\/\/www.gsab-aventures.com\/?post_type=product&#038;p=9441"},"modified":"2021-05-23T10:17:02","modified_gmt":"2021-05-23T08:17:02","slug":"alcanadre-guide-45","status":"publish","type":"product","link":"https:\/\/www.gsab-aventures.com\/fr\/produit\/produits-fr\/outdoor-fr\/canyoning-fr\/accessoires\/alcanadre-guide-45\/","title":{"rendered":"ALCANADRE GUIDE 45"},"content":{"rendered":"<p>Sac confortable et ergonomique pour le canyoning<\/p>\n<p>Con\u00e7u pour le canyoning, ALCANADRE GUIDE 45 est un sac confortable et ergonomique, destin\u00e9 aux pratiquants ind\u00e9pendants et aux encadrants. Les multiples rembourrages offrent un confort optimal lors des longues marches d&rsquo;approche. Les nombreuses perforations optimisent l&rsquo;\u00e9vacuation de l&rsquo;eau. L&rsquo;accessoirisation tr\u00e8s compl\u00e8te facilite les man\u0153uvres : anneaux de couleurs, ceinture amovible, boucles sur bretelles permettant de quitter le sac rapidement en cas de secours. Il est \u00e9quip\u00e9 de deux compartiments permettant un acc\u00e8s direct au bidon et \u00e0 la corde, d&rsquo;une poche plaqu\u00e9e d\u00e9di\u00e9e au mat\u00e9riel de secours et d&rsquo;une poche en filet pour le petit mat\u00e9riel. Sa construction et sa poign\u00e9e sup\u00e9rieure renforc\u00e9e lui apportent une grande durabilit\u00e9.<\/p>\n<p>&nbsp;<\/p>\n","protected":false},"excerpt":{"rendered":"<p>Sac confortable et ergonomique pour le canyoning Con\u00e7u pour le canyoning, ALCANADRE GUIDE 45 est un sac confortable et ergonomique, destin\u00e9 aux pratiquants ind\u00e9pendants et aux encadrants. Les multiples rembourrages offrent un confort optimal lors des longues marches d&rsquo;approche. Les nombreuses perforations optimisent l&rsquo;\u00e9vacuation de l&rsquo;eau. L&rsquo;accessoirisation tr\u00e8s compl\u00e8te facilite les man\u0153uvres : anneaux de [&hellip;]<\/p>\n","protected":false},"featured_media":9415,"comment_status":"closed","ping_status":"closed","template":"","meta":{"_exactmetrics_skip_tracking":false,"_exactmetrics_sitenote_active":false,"_exactmetrics_sitenote_note":"","_exactmetrics_sitenote_category":0,"_price":"136","_stock":"","_tribe_ticket_header":"","_tribe_default_ticket_provider":"","_tribe_ticket_capacity":"0","_ticket_start_date":"","_ticket_end_date":"","_tribe_ticket_show_description":"","_tribe_ticket_show_not_going":false,"_tribe_ticket_use_global_stock":"","_tribe_ticket_global_stock_level":"","_global_stock_mode":"","_global_stock_cap":"","_tribe_rsvp_for_event":"","_tribe_ticket_going_count":"","_tribe_ticket_not_going_count":"","_tribe_tickets_list":"[]","_tribe_ticket_has_attendee_info_fields":false},"product_brand":[],"product_cat":[964,286,290,294],"product_tag":[],"class_list":{"0":"post-9441","1":"product","2":"type-product","3":"status-publish","4":"has-post-thumbnail","6":"product_cat-accessoires","7":"product_cat-produits-fr","8":"product_cat-outdoor-fr","9":"product_cat-canyoning-fr","11":"first","12":"onbackorder","13":"virtual","14":"taxable","15":"purchasable","16":"product-type-simple"},"_links":{"self":[{"href":"https:\/\/www.gsab-aventures.com\/fr\/wp-json\/wp\/v2\/product\/9441","targetHints":{"allow":["GET"]}}],"collection":[{"href":"https:\/\/www.gsab-aventures.com\/fr\/wp-json\/wp\/v2\/product"}],"about":[{"href":"https:\/\/www.gsab-aventures.com\/fr\/wp-json\/wp\/v2\/types\/product"}],"replies":[{"embeddable":true,"href":"https:\/\/www.gsab-aventures.com\/fr\/wp-json\/wp\/v2\/comments?post=9441"}],"wp:featuredmedia":[{"embeddable":true,"href":"https:\/\/www.gsab-aventures.com\/fr\/wp-json\/wp\/v2\/media\/9415"}],"wp:attachment":[{"href":"https:\/\/www.gsab-aventures.com\/fr\/wp-json\/wp\/v2\/media?parent=9441"}],"wp:term":[{"taxonomy":"product_brand","embeddable":true,"href":"https:\/\/www.gsab-aventures.com\/fr\/wp-json\/wp\/v2\/product_brand?post=9441"},{"taxonomy":"product_cat","embeddable":true,"href":"https:\/\/www.gsab-aventures.com\/fr\/wp-json\/wp\/v2\/product_cat?post=9441"},{"taxonomy":"product_tag","embeddable":true,"href":"https:\/\/www.gsab-aventures.com\/fr\/wp-json\/wp\/v2\/product_tag?post=9441"}],"curies":[{"name":"wp","href":"https:\/\/api.w.org\/{rel}","templated":true}]}}