{"id":9977,"date":"2021-06-15T23:51:44","date_gmt":"2021-06-15T21:51:44","guid":{"rendered":"https:\/\/www.gsab-aventures.com\/shop\/non%20class\u00e9\/abotaba-seland\/"},"modified":"2022-09-15T12:15:39","modified_gmt":"2022-09-15T10:15:39","slug":"abotaba-seland","status":"publish","type":"product","link":"https:\/\/www.gsab-aventures.com\/fr\/produit\/produits-fr\/outdoor-fr\/canyoning-fr\/chaussures\/abotaba-seland\/","title":{"rendered":"SELANS &#8211; ABOTABA"},"content":{"rendered":"<p>Chaussure \u00e0 semelle en caoutchouc. Syst\u00e8me de fixation de la languette pour \u00e9viter que la languette ne bouge.<\/p>\n<p>Renforts en mati\u00e8re synth\u00e9tique similaire au caoutchouc, de couleur noire.<br \/>\nCou-de-pied et col en tissu \u00e0 mailles \u00e9paisses. Syst\u00e8me d&rsquo;\u00e9vacuation des eaux.<\/p>\n<p>COULEURS : Bleu\/jaune<\/p>\n","protected":false},"excerpt":{"rendered":"<p>Chaussure \u00e0 semelle en caoutchouc. Syst\u00e8me de fixation de la languette pour \u00e9viter que la languette ne bouge. Renforts en mati\u00e8re synth\u00e9tique similaire au caoutchouc, de couleur noire. Cou-de-pied et col en tissu \u00e0 mailles \u00e9paisses. Syst\u00e8me d&rsquo;\u00e9vacuation des eaux. COULEURS : Bleu\/jaune<\/p>\n","protected":false},"featured_media":9972,"comment_status":"closed","ping_status":"closed","template":"","meta":{"_exactmetrics_skip_tracking":false,"_exactmetrics_sitenote_active":false,"_exactmetrics_sitenote_note":"","_exactmetrics_sitenote_category":0,"_price":"89","_stock":"","_tribe_ticket_header":"","_tribe_default_ticket_provider":"","_tribe_ticket_capacity":"0","_ticket_start_date":"","_ticket_end_date":"","_tribe_ticket_show_description":"","_tribe_ticket_show_not_going":false,"_tribe_ticket_use_global_stock":"","_tribe_ticket_global_stock_level":"","_global_stock_mode":"","_global_stock_cap":"","_tribe_rsvp_for_event":"","_tribe_ticket_going_count":"","_tribe_ticket_not_going_count":"","_tribe_tickets_list":"[]","_tribe_ticket_has_attendee_info_fields":false},"product_brand":[],"product_cat":[750,286,290,294],"product_tag":[1157,1169,1158],"class_list":{"0":"post-9977","1":"product","2":"type-product","3":"status-publish","4":"has-post-thumbnail","6":"product_cat-chaussures","7":"product_cat-produits-fr","8":"product_cat-outdoor-fr","9":"product_cat-canyoning-fr","10":"product_tag-canyoning-fr","11":"product_tag-seland-fr","12":"product_tag-shoes-fr","14":"first","15":"instock","16":"sale","17":"taxable","18":"shipping-taxable","19":"purchasable","20":"product-type-variable"},"_links":{"self":[{"href":"https:\/\/www.gsab-aventures.com\/fr\/wp-json\/wp\/v2\/product\/9977","targetHints":{"allow":["GET"]}}],"collection":[{"href":"https:\/\/www.gsab-aventures.com\/fr\/wp-json\/wp\/v2\/product"}],"about":[{"href":"https:\/\/www.gsab-aventures.com\/fr\/wp-json\/wp\/v2\/types\/product"}],"replies":[{"embeddable":true,"href":"https:\/\/www.gsab-aventures.com\/fr\/wp-json\/wp\/v2\/comments?post=9977"}],"wp:featuredmedia":[{"embeddable":true,"href":"https:\/\/www.gsab-aventures.com\/fr\/wp-json\/wp\/v2\/media\/9972"}],"wp:attachment":[{"href":"https:\/\/www.gsab-aventures.com\/fr\/wp-json\/wp\/v2\/media?parent=9977"}],"wp:term":[{"taxonomy":"product_brand","embeddable":true,"href":"https:\/\/www.gsab-aventures.com\/fr\/wp-json\/wp\/v2\/product_brand?post=9977"},{"taxonomy":"product_cat","embeddable":true,"href":"https:\/\/www.gsab-aventures.com\/fr\/wp-json\/wp\/v2\/product_cat?post=9977"},{"taxonomy":"product_tag","embeddable":true,"href":"https:\/\/www.gsab-aventures.com\/fr\/wp-json\/wp\/v2\/product_tag?post=9977"}],"curies":[{"name":"wp","href":"https:\/\/api.w.org\/{rel}","templated":true}]}}